{"id":110569,"date":"2024-11-28T20:01:55","date_gmt":"2024-11-29T01:01:55","guid":{"rendered":"https:\/\/roxannebedardartiste.com\/?page_id=110569"},"modified":"2026-04-01T00:49:34","modified_gmt":"2026-04-01T04:49:34","slug":"oeuvres-recentes","status":"publish","type":"page","link":"https:\/\/roxannebedardartiste.com\/en_ca\/oeuvres-recentes\/","title":{"rendered":"Recent works"},"content":{"rendered":"<div class=\"et_pb_section_0 et_pb_section et_section_regular et_block_section et_animated\"><span class=\"et_pb_background_mask\"><\/span>\n<div class=\"et_pb_row_0 et_pb_row et_block_row et_animated\">\n<div class=\"et_pb_column_0 et_pb_column et_pb_column_4_4 et-last-child et_block_column et_pb_css_mix_blend_mode_passthrough\">\n<div class=\"et_pb_text_0 et_pb_text et_pb_bg_layout_light et_animated et_pb_module et_block_module\"><div class=\"et_pb_text_inner\" data-et-mv-hidden-tablet=\"true\"><h1>My recent works<\/h1>\n<\/div><\/div>\n\n<div class=\"et_pb_divider_0 et_pb_divider_hidden et_pb_space et_pb_divider_position_top et_animated et_pb_module\"><div class=\"et_pb_divider_internal\"><\/div><\/div>\n<\/div>\n<\/div>\n<\/div>\n\n<div class=\"et_pb_section_1 et_pb_section et_section_regular et_block_section\">\n<div class=\"et_pb_row_1 et_pb_row et_block_row\">\n<div class=\"et_pb_column_1 et_pb_column et_pb_column_1_2 et_block_column et_pb_css_mix_blend_mode_passthrough\">\n<div class=\"et_pb_image_0 et_pb_image et_pb_has_overlay et_pb_module et_block_module\"><a href=\"https:\/\/roxannebedardartiste.com\/en_ca\/project\/les-porteuses\/\"><span class=\"et_pb_image_wrap\"><img loading=\"lazy\" decoding=\"async\" src=\"https:\/\/roxannebedardartiste.com\/wp-content\/uploads\/2026\/03\/DSC4251.jpg\" title=\"Aquarelliste avec oeuvres fleurs\" width=\"1024\" height=\"1534\" srcset=\"https:\/\/roxannebedardartiste.com\/wp-content\/uploads\/2026\/03\/DSC4251.jpg 1024w, https:\/\/roxannebedardartiste.com\/wp-content\/uploads\/2026\/03\/DSC4251-980x1468.jpg 980w, https:\/\/roxannebedardartiste.com\/wp-content\/uploads\/2026\/03\/DSC4251-480x719.jpg 480w\" sizes=\"(min-width: 0px) and (max-width: 480px) 480px, (min-width: 481px) and (max-width: 980px) 980px, (min-width: 981px) 1024px, 100vw\" class=\"wp-image-112325\" alt=\"Close up Artiste aquarelle peignant mains sur fond beige avec plantes\" \/><span class=\"et_overlay et_pb_inline_icon\" data-icon=\"\uf00e\"><\/span><\/span><\/a><\/div>\n<\/div>\n\n<div class=\"et_pb_column_2 et_pb_column et_pb_column_1_2 et-last-child et_block_column et_pb_css_mix_blend_mode_passthrough\">\n<div class=\"et_pb_text_1 et_pb_text et_pb_bg_layout_light et_pb_module et_block_module preset--module--divi-text--4c859b08-65c0-4919-a8c1-b525f411a9ff\"><div class=\"et_pb_text_inner\"><h4>The Bearers<\/h4>\n<\/div><\/div>\n\n<div class=\"et_pb_text_2 et_pb_text et_pb_bg_layout_light et_pb_module et_block_module preset--module--divi-text--8276530f-8c31-4566-8957-3350d61565c1\"><div class=\"et_pb_text_inner\"><p>The Bearers collection pays tribute to women who carry \u2014 their dreams, their wounds, their beauty \u2014 and who offer them to the world with grace and gentleness.<\/p>\n<\/div><\/div>\n<\/div>\n<\/div>\n\n<div class=\"et_pb_row_2 et_pb_row et_block_row\">\n<div class=\"et_pb_column_3 et_pb_column et_pb_column_4_4 et-last-child et_block_column et_pb_css_mix_blend_mode_passthrough\">\n<div class=\"et_pb_divider_1 et_pb_divider et_pb_space et_pb_divider_position_top et_pb_module\"><div class=\"et_pb_divider_internal\"><\/div><\/div>\n<\/div>\n<\/div>\n\n<div class=\"et_pb_row_3 et_pb_row et_block_row\">\n<div class=\"et_pb_column_4 et_pb_column et_pb_column_1_2 et_block_column et_pb_css_mix_blend_mode_passthrough\">\n<div class=\"et_pb_text_3 et_pb_text et_pb_bg_layout_light et_pb_module et_block_module preset--module--divi-text--4c859b08-65c0-4919-a8c1-b525f411a9ff\"><div class=\"et_pb_text_inner\"><h4>Zodiac Women<\/h4>\n<\/div><\/div>\n\n<div class=\"et_pb_text_4 et_pb_text et_pb_bg_layout_light et_pb_module et_block_module preset--module--divi-text--8276530f-8c31-4566-8957-3350d61565c1\"><div class=\"et_pb_text_inner\"><p>The Zodiac Women collection draws inspiration from astrological signs to portray the many faces of femininity. Each zodiac sign comes to life through a woman who embodies its strengths, contradictions, and unique light. An artistic tribute to the richness of feminine temperaments\u2014where every woman can recognize herself, explore who she is\u2026 or reinvent herself.<\/p>\n<\/div><\/div>\n<\/div>\n\n<div class=\"et_pb_column_5 et_pb_column et_pb_column_1_2 et-last-child et_block_column et_pb_css_mix_blend_mode_passthrough\">\n<div class=\"et_pb_image_1 et_pb_image et_pb_has_overlay et_pb_module et_block_module\"><a href=\"https:\/\/roxannebedardartiste.com\/en_ca\/project\/femmes-du-zodiaque\/\"><span class=\"et_pb_image_wrap\"><img loading=\"lazy\" decoding=\"async\" src=\"https:\/\/roxannebedardartiste.com\/wp-content\/uploads\/2025\/06\/enhanced-matte-paper-poster-in-8x10-front-684e34e03af8e.jpg\" width=\"2000\" height=\"2000\" srcset=\"https:\/\/roxannebedardartiste.com\/wp-content\/uploads\/2025\/06\/enhanced-matte-paper-poster-in-8x10-front-684e34e03af8e.jpg 2000w, https:\/\/roxannebedardartiste.com\/wp-content\/uploads\/2025\/06\/enhanced-matte-paper-poster-in-8x10-front-684e34e03af8e-1280x1280.jpg 1280w, https:\/\/roxannebedardartiste.com\/wp-content\/uploads\/2025\/06\/enhanced-matte-paper-poster-in-8x10-front-684e34e03af8e-980x980.jpg 980w, https:\/\/roxannebedardartiste.com\/wp-content\/uploads\/2025\/06\/enhanced-matte-paper-poster-in-8x10-front-684e34e03af8e-480x480.jpg 480w\" sizes=\"(min-width: 0px) and (max-width: 480px) 480px, (min-width: 481px) and (max-width: 980px) 980px, (min-width: 981px) and (max-width: 1280px) 1280px, (min-width: 1281px) 2000px, 100vw\" class=\"wp-image-111673\" title=\"enhanced-matte-paper-poster-in-8x10-front-684e34e03af8e.jpg\" alt=\"Mockup de l\u2019aquarelle Portrait G\u00e9meaux, illustration artistique repr\u00e9sentant une femme double inspir\u00e9e du signe astrologique des G\u00e9meaux.\" \/><span class=\"et_overlay et_pb_inline_icon\" data-icon=\"\uf00e\"><\/span><\/span><\/a><\/div>\n<\/div>\n<\/div>\n\n<div class=\"et_pb_row_4 et_pb_row et_block_row popup-roxanne\">\n<div class=\"et_pb_column_6 et_pb_column et_pb_column_4_4 et-last-child et_block_column et_pb_css_mix_blend_mode_passthrough\">\n<div class=\"et_pb_signup_0 et_pb_signup et_pb_newsletter et_pb_subscribe et_pb_recaptcha_enabled et_pb_bg_layout_dark et_pb_module et_flex_module\"><div class=\"et_pb_newsletter_description\"><h2 class=\"et_pb_module_header\">D\u00e9couvre mes nouvelles \u0153uvres avant tout le monde<\/h2><div class=\"et_pb_newsletter_description_content\"><h4 class=\"null\" style=\"text-align: center\"><span>Re\u00e7ois des nouvelles de mon atelier : \u0153uvres en primeur, \u00e9ditions limit\u00e9es, \u00e9v\u00e9nements et ateliers d\u2019aquarelle.<\/span><\/h4>\n<\/div><\/div><div class=\"et_pb_newsletter_form\"><form method=\"post\" class=\"\" action=\"\"><div class=\"et_pb_newsletter_result et_pb_newsletter_error\"><\/div><div class=\"et_pb_newsletter_result et_pb_newsletter_success\"><h2>L&#039;inscription a \u00e9t\u00e9 r\u00e9alis\u00e9e avec succ\u00e8s !<\/h2><\/div><div class=\"et_pb_newsletter_fields et_flex_module\"><p class=\"et_pb_newsletter_field et_pb_contact_field_last et_pb_contact_field_last_tablet et_pb_contact_field_last_phone\"><label class=\"et_pb_contact_form_label\" for=\"et_pb_signup_firstname\" style=\"display: none;\">First Name<\/label><input class=\"input\" id=\"et_pb_signup_firstname\" type=\"text\" placeholder=\"First Name\" name=\"et_pb_signup_firstname\" \/><\/p><p class=\"et_pb_newsletter_field et_pb_contact_field_last et_pb_contact_field_last_tablet et_pb_contact_field_last_phone\"><label class=\"et_pb_contact_form_label\" for=\"et_pb_signup_lastname\" style=\"display: none;\">Last Name<\/label><input class=\"input\" id=\"et_pb_signup_lastname\" type=\"text\" placeholder=\"Last Name\" name=\"et_pb_signup_lastname\" \/><\/p><p class=\"et_pb_newsletter_field et_pb_contact_field_last et_pb_contact_field_last_tablet et_pb_contact_field_last_phone\"><label class=\"et_pb_contact_form_label\" for=\"et_pb_signup_email\" style=\"display: none;\">Email<\/label><input class=\"input\" id=\"et_pb_signup_email\" type=\"text\" placeholder=\"Email\" name=\"et_pb_signup_email\" \/><\/p><p class=\"et_pb_newsletter_button_wrap\"><a class=\"et_pb_button et_pb_newsletter_button\" href=\"#\"><span class=\"et_subscribe_loader\"><\/span><span class=\"et_pb_newsletter_button_text\">Je m&#039;inscris<\/span><\/a><\/p><\/div><input type=\"hidden\" name=\"et_pb_signup_provider\" value=\"sendinblue\" \/><input type=\"hidden\" name=\"et_pb_signup_list_id\" value=\"2\" \/><input type=\"hidden\" name=\"et_pb_signup_account_name\" value=\"Infolettre\" \/><input type=\"hidden\" name=\"et_pb_signup_ip_address\" value=\"true\" \/><input type=\"hidden\" name=\"et_pb_signup_checksum\" value=\"7deea428cde0e4be508a29e776b20f0c\" \/><input type=\"hidden\" name=\"trp-form-language\" value=\"en_ca\"\/><\/form><\/div>\n<div class=\"et_pb_icon_0 et_pb_icon et_pb_module et_flex_module\" data-interaction-trigger=\"zv271lppoz\"><span class=\"et_pb_icon_wrap\"><span class=\"et-pb-icon\">\uf057<\/span><\/span><\/div>\n<\/div>\n<\/div>\n<\/div>\n<\/div>","protected":false},"excerpt":{"rendered":"","protected":false},"author":1,"featured_media":111606,"parent":0,"menu_order":0,"comment_status":"closed","ping_status":"closed","template":"","meta":{"give_campaign_id":0,"footnotes":""},"class_list":["post-110569","page","type-page","status-publish","has-post-thumbnail","hentry"],"yoast_head":"<!-- This site is optimized with the Yoast SEO plugin v27.6 - https:\/\/yoast.com\/product\/yoast-seo-wordpress\/ -->\n<title>\u0152uvres r\u00e9centes - Roxanne B\u00e9dard Artiste<\/title>\n<meta name=\"robots\" content=\"index, follow, max-snippet:-1, max-image-preview:large, max-video-preview:-1\" \/>\n<link rel=\"canonical\" href=\"https:\/\/roxannebedardartiste.com\/en_ca\/oeuvres-recentes\/\" \/>\n<meta property=\"og:locale\" content=\"en_US\" \/>\n<meta property=\"og:type\" content=\"article\" \/>\n<meta property=\"og:title\" content=\"\u0152uvres r\u00e9centes - Roxanne B\u00e9dard Artiste\" \/>\n<meta property=\"og:url\" content=\"https:\/\/roxannebedardartiste.com\/en_ca\/oeuvres-recentes\/\" \/>\n<meta property=\"og:site_name\" content=\"Roxanne B\u00e9dard Artiste\" \/>\n<meta property=\"article:modified_time\" content=\"2026-04-01T04:49:34+00:00\" \/>\n<meta property=\"og:image\" content=\"https:\/\/roxannebedardartiste.com\/wp-content\/uploads\/2025\/05\/DSC4594.jpg\" \/>\n\t<meta property=\"og:image:width\" content=\"2048\" \/>\n\t<meta property=\"og:image:height\" content=\"1367\" \/>\n\t<meta property=\"og:image:type\" content=\"image\/jpeg\" \/>\n<meta name=\"twitter:card\" content=\"summary_large_image\" \/>\n<meta name=\"twitter:label1\" content=\"Est. reading time\" \/>\n\t<meta name=\"twitter:data1\" content=\"2 minutes\" \/>\n<script type=\"application\/ld+json\" class=\"yoast-schema-graph\">{\"@context\":\"https:\\\/\\\/schema.org\",\"@graph\":[{\"@type\":\"WebPage\",\"@id\":\"https:\\\/\\\/roxannebedardartiste.com\\\/oeuvres-recentes\\\/\",\"url\":\"https:\\\/\\\/roxannebedardartiste.com\\\/oeuvres-recentes\\\/\",\"name\":\"\u0152uvres r\u00e9centes - Roxanne B\u00e9dard Artiste\",\"isPartOf\":{\"@id\":\"https:\\\/\\\/roxannebedardartiste.com\\\/#website\"},\"primaryImageOfPage\":{\"@id\":\"https:\\\/\\\/roxannebedardartiste.com\\\/oeuvres-recentes\\\/#primaryimage\"},\"image\":{\"@id\":\"https:\\\/\\\/roxannebedardartiste.com\\\/oeuvres-recentes\\\/#primaryimage\"},\"thumbnailUrl\":\"https:\\\/\\\/roxannebedardartiste.com\\\/wp-content\\\/uploads\\\/2025\\\/05\\\/DSC4594.jpg\",\"datePublished\":\"2024-11-29T01:01:55+00:00\",\"dateModified\":\"2026-04-01T04:49:34+00:00\",\"breadcrumb\":{\"@id\":\"https:\\\/\\\/roxannebedardartiste.com\\\/oeuvres-recentes\\\/#breadcrumb\"},\"inLanguage\":\"en-CA\",\"potentialAction\":[{\"@type\":\"ReadAction\",\"target\":[\"https:\\\/\\\/roxannebedardartiste.com\\\/oeuvres-recentes\\\/\"]}]},{\"@type\":\"ImageObject\",\"inLanguage\":\"en-CA\",\"@id\":\"https:\\\/\\\/roxannebedardartiste.com\\\/oeuvres-recentes\\\/#primaryimage\",\"url\":\"https:\\\/\\\/roxannebedardartiste.com\\\/wp-content\\\/uploads\\\/2025\\\/05\\\/DSC4594.jpg\",\"contentUrl\":\"https:\\\/\\\/roxannebedardartiste.com\\\/wp-content\\\/uploads\\\/2025\\\/05\\\/DSC4594.jpg\",\"width\":2048,\"height\":1367,\"caption\":\"Close up Artiste aquarelle peignant mains sur fond beige avec plantes\"},{\"@type\":\"BreadcrumbList\",\"@id\":\"https:\\\/\\\/roxannebedardartiste.com\\\/oeuvres-recentes\\\/#breadcrumb\",\"itemListElement\":[{\"@type\":\"ListItem\",\"position\":1,\"name\":\"Home\",\"item\":\"https:\\\/\\\/roxannebedardartiste.com\\\/\"},{\"@type\":\"ListItem\",\"position\":2,\"name\":\"\u0152uvres r\u00e9centes\"}]},{\"@type\":\"WebSite\",\"@id\":\"https:\\\/\\\/roxannebedardartiste.com\\\/#website\",\"url\":\"https:\\\/\\\/roxannebedardartiste.com\\\/\",\"name\":\"Roxanne B\u00e9dard Artiste\",\"description\":\"\",\"potentialAction\":[{\"@type\":\"SearchAction\",\"target\":{\"@type\":\"EntryPoint\",\"urlTemplate\":\"https:\\\/\\\/roxannebedardartiste.com\\\/?s={search_term_string}\"},\"query-input\":{\"@type\":\"PropertyValueSpecification\",\"valueRequired\":true,\"valueName\":\"search_term_string\"}}],\"inLanguage\":\"en-CA\"}]}<\/script>\n<!-- \/ Yoast SEO plugin. -->","yoast_head_json":{"title":"\u0152uvres r\u00e9centes - Roxanne B\u00e9dard Artiste","robots":{"index":"index","follow":"follow","max-snippet":"max-snippet:-1","max-image-preview":"max-image-preview:large","max-video-preview":"max-video-preview:-1"},"canonical":"https:\/\/roxannebedardartiste.com\/en_ca\/oeuvres-recentes\/","og_locale":"en_US","og_type":"article","og_title":"\u0152uvres r\u00e9centes - Roxanne B\u00e9dard Artiste","og_url":"https:\/\/roxannebedardartiste.com\/en_ca\/oeuvres-recentes\/","og_site_name":"Roxanne B\u00e9dard Artiste","article_modified_time":"2026-04-01T04:49:34+00:00","og_image":[{"width":2048,"height":1367,"url":"https:\/\/roxannebedardartiste.com\/wp-content\/uploads\/2025\/05\/DSC4594.jpg","type":"image\/jpeg"}],"twitter_card":"summary_large_image","twitter_misc":{"Est. reading time":"2 minutes"},"schema":{"@context":"https:\/\/schema.org","@graph":[{"@type":"WebPage","@id":"https:\/\/roxannebedardartiste.com\/oeuvres-recentes\/","url":"https:\/\/roxannebedardartiste.com\/oeuvres-recentes\/","name":"\u0152uvres r\u00e9centes - Roxanne B\u00e9dard Artiste","isPartOf":{"@id":"https:\/\/roxannebedardartiste.com\/#website"},"primaryImageOfPage":{"@id":"https:\/\/roxannebedardartiste.com\/oeuvres-recentes\/#primaryimage"},"image":{"@id":"https:\/\/roxannebedardartiste.com\/oeuvres-recentes\/#primaryimage"},"thumbnailUrl":"https:\/\/roxannebedardartiste.com\/wp-content\/uploads\/2025\/05\/DSC4594.jpg","datePublished":"2024-11-29T01:01:55+00:00","dateModified":"2026-04-01T04:49:34+00:00","breadcrumb":{"@id":"https:\/\/roxannebedardartiste.com\/oeuvres-recentes\/#breadcrumb"},"inLanguage":"en-CA","potentialAction":[{"@type":"ReadAction","target":["https:\/\/roxannebedardartiste.com\/oeuvres-recentes\/"]}]},{"@type":"ImageObject","inLanguage":"en-CA","@id":"https:\/\/roxannebedardartiste.com\/oeuvres-recentes\/#primaryimage","url":"https:\/\/roxannebedardartiste.com\/wp-content\/uploads\/2025\/05\/DSC4594.jpg","contentUrl":"https:\/\/roxannebedardartiste.com\/wp-content\/uploads\/2025\/05\/DSC4594.jpg","width":2048,"height":1367,"caption":"Close up Artiste aquarelle peignant mains sur fond beige avec plantes"},{"@type":"BreadcrumbList","@id":"https:\/\/roxannebedardartiste.com\/oeuvres-recentes\/#breadcrumb","itemListElement":[{"@type":"ListItem","position":1,"name":"Home","item":"https:\/\/roxannebedardartiste.com\/"},{"@type":"ListItem","position":2,"name":"\u0152uvres r\u00e9centes"}]},{"@type":"WebSite","@id":"https:\/\/roxannebedardartiste.com\/#website","url":"https:\/\/roxannebedardartiste.com\/","name":"Roxanne B\u00e9dard Artiste","description":"","potentialAction":[{"@type":"SearchAction","target":{"@type":"EntryPoint","urlTemplate":"https:\/\/roxannebedardartiste.com\/?s={search_term_string}"},"query-input":{"@type":"PropertyValueSpecification","valueRequired":true,"valueName":"search_term_string"}}],"inLanguage":"en-CA"}]}},"campaignId":"","_links":{"self":[{"href":"https:\/\/roxannebedardartiste.com\/en_ca\/wp-json\/wp\/v2\/pages\/110569","targetHints":{"allow":["GET"]}}],"collection":[{"href":"https:\/\/roxannebedardartiste.com\/en_ca\/wp-json\/wp\/v2\/pages"}],"about":[{"href":"https:\/\/roxannebedardartiste.com\/en_ca\/wp-json\/wp\/v2\/types\/page"}],"author":[{"embeddable":true,"href":"https:\/\/roxannebedardartiste.com\/en_ca\/wp-json\/wp\/v2\/users\/1"}],"replies":[{"embeddable":true,"href":"https:\/\/roxannebedardartiste.com\/en_ca\/wp-json\/wp\/v2\/comments?post=110569"}],"version-history":[{"count":20,"href":"https:\/\/roxannebedardartiste.com\/en_ca\/wp-json\/wp\/v2\/pages\/110569\/revisions"}],"predecessor-version":[{"id":112440,"href":"https:\/\/roxannebedardartiste.com\/en_ca\/wp-json\/wp\/v2\/pages\/110569\/revisions\/112440"}],"wp:featuredmedia":[{"embeddable":true,"href":"https:\/\/roxannebedardartiste.com\/en_ca\/wp-json\/wp\/v2\/media\/111606"}],"wp:attachment":[{"href":"https:\/\/roxannebedardartiste.com\/en_ca\/wp-json\/wp\/v2\/media?parent=110569"}],"curies":[{"name":"wp","href":"https:\/\/api.w.org\/{rel}","templated":true}]}}