{"id":57,"date":"2022-12-01T01:31:51","date_gmt":"2022-12-01T06:31:51","guid":{"rendered":"https:\/\/roxannebedardartiste.com\/?page_id=57"},"modified":"2026-04-01T00:49:31","modified_gmt":"2026-04-01T04:49:31","slug":"contact","status":"publish","type":"page","link":"https:\/\/roxannebedardartiste.com\/en_ca\/contact\/","title":{"rendered":"Contact"},"content":{"rendered":"<div class=\"et_pb_section_0 et_pb_section et_section_regular et_block_section et_animated\"><span class=\"et_pb_background_mask\"><\/span>\n<div class=\"et_pb_row_0 et_pb_row et_block_row et_animated\">\n<div class=\"et_pb_column_0 et_pb_column et_pb_column_4_4 et-last-child et_block_column et_pb_css_mix_blend_mode_passthrough\">\n<div class=\"et_pb_text_0 et_pb_text et_pb_bg_layout_light et_animated et_pb_module et_block_module\"><div class=\"et_pb_text_inner\"><h1>COntact<\/h1>\n<\/div><\/div>\n\n<div class=\"et_pb_divider_0 et_pb_divider_hidden et_pb_space et_pb_divider_position_top et_animated et_pb_module\"><div class=\"et_pb_divider_internal\"><\/div><\/div>\n<\/div>\n<\/div>\n<\/div>\n\n<div class=\"et_pb_section_1 et_pb_section et_pb_fullwidth_section et_section_regular et_block_section\">\n<div class=\"et_pb_fullwidth_map_0 et_pb_map_container et_pb_module\"><div class=\"et_pb_map\" data-center-lat=\"46.7582576\" data-center-lng=\"-71.2397151\" data-zoom=\"18\" data-mouse-wheel=\"off\" data-mobile-dragging=\"on\"><\/div>\n<div class=\"et_pb_map_pin_0 et_pb_map_pin\" data-lat=\"37.8043637\" data-lng=\"-122.2711137\" data-title=\"\"><\/div>\n<\/div>\n<\/div>\n\n<div class=\"et_pb_section_2 et_pb_section et_section_regular et_block_section\">\n<div class=\"et_pb_row_1 et_pb_row et_block_row et_animated\">\n<div class=\"et_pb_column_1 et_pb_column et_pb_column_4_4 et-last-child et_block_column et_pb_css_mix_blend_mode_passthrough\">\n<div class=\"et_pb_text_1 et_pb_text et_pb_bg_layout_light et_animated et_pb_module et_block_module et_pb_text_align_center\"><div class=\"et_pb_text_inner\"><h2>Contacte-moi<\/h2>\n<\/div><\/div>\n\n<div class=\"et_pb_text_2 et_pb_text et_pb_bg_layout_light et_animated et_pb_module et_block_module et_pb_text_align_center\"><div class=\"et_pb_text_inner\"><h3><strong>Envie de collaborer ou d\u2019apporter une touche artistique unique \u00e0 un projet ?<\/strong><\/h3>\n<\/div><\/div>\n\n<div class=\"et_pb_text_3 et_pb_text et_pb_bg_layout_light et_animated et_pb_module et_block_module et_pb_text_align_center\"><div class=\"et_pb_text_inner\"><div class=\"flex-1 overflow-hidden\">\n<div class=\"react-scroll-to-bottom--css-wubiq-79elbk h-full\">\n<div class=\"react-scroll-to-bottom--css-wubiq-1n7m0yu\">\n<div class=\"flex flex-col pb-9 text-sm\">\n<div class=\"w-full text-token-text-primary\" data-testid=\"conversation-turn-13\">\n<div class=\"px-4 py-2 justify-center text-base md:gap-6 md:py-6 m-auto\">\n<div class=\"flex flex-1 text-base mx-auto gap-3 md:px-5 lg:px-1 xl:px-5 md:max-w-3xl lg:max-w-[40rem] xl:max-w-[48rem] } group final-completion\">\n<div class=\"relative flex w-full flex-col lg:w-[calc(100%-115px)] agent-turn\">\n<div class=\"flex-col gap-1 md:gap-3\">\n<div class=\"flex flex-grow flex-col max-w-full\">\n<div class=\"min-h-[20px] text-message flex flex-col items-start gap-3 whitespace-pre-wrap break-words [.text-message+&amp;]:mt-5 overflow-x-auto\" data-message-author-role=\"assistant\" data-message-id=\"7a06bda4-4ce7-4feb-a81b-5374cebfb202\">\n<div class=\"markdown prose w-full break-words dark:prose-invert dark\">\n<p>Que ce soit pour un partenariat cr\u00e9atif, un cadeau corporatif original, une peinture personnalis\u00e9e pour immortaliser un moment, te g\u00e2ter ou pour offrir, ou encore pour organiser une exposition, je serais ravie de discuter de tes id\u00e9es et de les transformer en \u0153uvres d\u2019art.<\/p>\n<p>Chaque projet est une nouvelle aventure, et je suis impatiente de mettre ma passion et mon expertise \u00e0 ton service pour cr\u00e9er quelque chose de vraiment sp\u00e9cial.<\/p>\n<p>N\u2019h\u00e9site pas \u00e0 me contacter pour discuter de tes besoins et envies, et ensemble, nous donnerons vie \u00e0 des cr\u00e9ations inoubliables.<\/p>\n<\/div>\n<\/div>\n<\/div>\n<\/div>\n<\/div>\n<\/div>\n<\/div>\n<\/div>\n<\/div>\n<\/div>\n<\/div>\n<\/div>\n<\/div><\/div>\n<\/div>\n<\/div>\n\n<div class=\"et_pb_row_2 et_pb_row et_block_row et_animated\">\n<div class=\"et_pb_column_2 et_pb_column et_pb_column_4_4 et-last-child et_block_column et_pb_css_mix_blend_mode_passthrough\">\n<div class=\"et_pb_contact_form_0 et_pb_contact_form_container clearfix et_pb_recaptcha_enabled et_animated et_pb_module et_flex_module\" data-form_unique_num=\"0\" data-form_unique_id=\"7067d836e5cc6b8d0df5f1ee01accc26\" id=\"et_pb_contact_form_0\"><div class=\"et-pb-contact-message\"><\/div><div class=\"et_pb_contact\"><form class=\"et_pb_contact_form et_flex_module\" method=\"post\" action=\"https:\/\/roxannebedardartiste.com\/en_ca\/wp-json\/wp\/v2\/pages\/57\">\n<div class=\"et_pb_contact_field_0 et_pb_contact_field et_pb_module et_flex_module et_flex_column_24_24 et_flex_column_24_24_tablet et_flex_column_24_24_phone\" data-id=\"name\" data-type=\"input\"><label class=\"et_pb_contact_form_label\" for=\"et_pb_contact_0_name_0\">Nom<\/label><input type=\"text\" name=\"et_pb_contact_0_name_0\" id=\"et_pb_contact_0_name_0\" class=\"input\" data-required_mark=\"required\" data-field_type=\"input\" data-original_id=\"name\" placeholder=\"Nom\" title=\"\" value=\"\" \/><\/div>\n\n<div class=\"et_pb_contact_field_1 et_pb_contact_field et_pb_module et_flex_module et_flex_column_24_24 et_flex_column_24_24_tablet et_flex_column_24_24_phone\" data-id=\"email\" data-type=\"email\"><label class=\"et_pb_contact_form_label\" for=\"et_pb_contact_0_email_1\">Courriel<\/label><input type=\"text\" name=\"et_pb_contact_0_email_1\" id=\"et_pb_contact_0_email_1\" class=\"input\" data-required_mark=\"required\" data-field_type=\"email\" data-original_id=\"email\" placeholder=\"Courriel\" title=\"\" value=\"\" \/><\/div>\n\n<div class=\"et_pb_contact_field_2 et_pb_contact_field et_pb_module et_flex_module et_flex_column_24_24 et_flex_column_24_24_tablet et_flex_column_24_24_phone\" data-id=\"message\" data-type=\"text\"><label class=\"et_pb_contact_form_label\" for=\"et_pb_contact_0_message_2\">Message<\/label><textarea name=\"et_pb_contact_0_message_2\" id=\"et_pb_contact_0_message_2\" class=\"et_pb_contact_message input\" data-required_mark=\"required\" data-field_type=\"text\" data-original_id=\"message\" placeholder=\"Message\"><\/textarea><\/div>\n<input type=\"hidden\" name=\"et_pb_contactform_submit_7067d836e5cc6b8d0df5f1ee01accc26\" value=\"et_contact_proccess\" \/><div class=\"et_contact_bottom_container\"><div class=\"et_pb_button_wrapper\"><button type=\"submit\" name=\"et_builder_submit_button\" class=\"et_pb_button et_pb_contact_submit\" data-icon=\"E\">Envoyer<\/button><\/div><\/div><input type=\"hidden\" id=\"_wpnonce-et-pb-contact-form-submitted-7067d836e5cc6b8d0df5f1ee01accc26\" name=\"_wpnonce-et-pb-contact-form-submitted-7067d836e5cc6b8d0df5f1ee01accc26\" value=\"c2a75873cc\" \/><input type=\"hidden\" name=\"_wp_http_referer\" value=\"\/en_ca\/wp-json\/wp\/v2\/pages\/57\" \/><\/form><\/div><\/div>\n\n<ul class=\"et_pb_social_media_follow_0 et_pb_social_media_follow clearfix et_pb_bg_layout_light et_pb_text_align_center et_pb_module et_block_module\">\n<li class=\"et_pb_social_media_follow_network_0 et_pb_social_media_follow_network et_pb_social_icon et_pb_social_network_link et-pb-social-fa-icon et-social-tiktok et_pb_module et_flex_module\"><a href=\"https:\/\/www.tiktok.com\/@roxanne.bedard.artist?is_from_webapp=1&#038;sender_device=pc\" class=\"icon\" target=\"_self\" title=\"Follow on Tiktok\" rel=\"noopener\"><span class=\"et_pb_social_media_follow_network_name\">Follow<\/span><\/a><\/li>\n\n<li class=\"et_pb_social_media_follow_network_1 et_pb_social_media_follow_network et_pb_social_icon et_pb_social_network_link et-social-instagram et_pb_module et_flex_module\"><a href=\"https:\/\/www.instagram.com\/roxannebedard.artiste\/\" class=\"icon\" target=\"_self\" title=\"Follow on Instagram\" rel=\"noopener\"><span class=\"et_pb_social_media_follow_network_name\">Follow<\/span><\/a><\/li>\n\n<li class=\"et_pb_social_media_follow_network_2 et_pb_social_media_follow_network et_pb_social_icon et_pb_social_network_link et-social-pinterest et_pb_module et_flex_module\"><a href=\"https:\/\/ca.pinterest.com\/roxannebedardartiste\/\" class=\"icon\" target=\"_self\" title=\"Follow on Pinterest\" rel=\"noopener\"><span class=\"et_pb_social_media_follow_network_name\">Follow<\/span><\/a><\/li>\n<\/ul>\n<\/div>\n<\/div>\n\n<div class=\"et_pb_row_3 et_pb_row et_block_row popup-roxanne\">\n<div class=\"et_pb_column_3 et_pb_column et_pb_column_4_4 et-last-child et_block_column et_pb_css_mix_blend_mode_passthrough\">\n<div class=\"et_pb_signup_0 et_pb_signup et_pb_newsletter et_pb_subscribe et_pb_recaptcha_enabled et_pb_bg_layout_dark et_pb_module et_flex_module\"><div class=\"et_pb_newsletter_description\"><h2 class=\"et_pb_module_header\">D\u00e9couvre mes nouvelles \u0153uvres avant tout le monde<\/h2><div class=\"et_pb_newsletter_description_content\"><h4 class=\"null\" style=\"text-align: center\"><span>Re\u00e7ois des nouvelles de mon atelier : \u0153uvres en primeur, \u00e9ditions limit\u00e9es, \u00e9v\u00e9nements et ateliers d\u2019aquarelle.<\/span><\/h4>\n<\/div><\/div><div class=\"et_pb_newsletter_form\"><form method=\"post\" class=\"\"><div class=\"et_pb_newsletter_result et_pb_newsletter_error\"><\/div><div class=\"et_pb_newsletter_result et_pb_newsletter_success\"><h2>L&#039;inscription a \u00e9t\u00e9 r\u00e9alis\u00e9e avec succ\u00e8s !<\/h2><\/div><div class=\"et_pb_newsletter_fields et_flex_module\"><p class=\"et_pb_newsletter_field et_pb_contact_field_last et_pb_contact_field_last_tablet et_pb_contact_field_last_phone\"><label class=\"et_pb_contact_form_label\" for=\"et_pb_signup_firstname\" style=\"display: none;\">First Name<\/label><input class=\"input\" id=\"et_pb_signup_firstname\" type=\"text\" placeholder=\"First Name\" name=\"et_pb_signup_firstname\" \/><\/p><p class=\"et_pb_newsletter_field et_pb_contact_field_last et_pb_contact_field_last_tablet et_pb_contact_field_last_phone\"><label class=\"et_pb_contact_form_label\" for=\"et_pb_signup_lastname\" style=\"display: none;\">Last Name<\/label><input class=\"input\" id=\"et_pb_signup_lastname\" type=\"text\" placeholder=\"Last Name\" name=\"et_pb_signup_lastname\" \/><\/p><p class=\"et_pb_newsletter_field et_pb_contact_field_last et_pb_contact_field_last_tablet et_pb_contact_field_last_phone\"><label class=\"et_pb_contact_form_label\" for=\"et_pb_signup_email\" style=\"display: none;\">Email<\/label><input class=\"input\" id=\"et_pb_signup_email\" type=\"text\" placeholder=\"Email\" name=\"et_pb_signup_email\" \/><\/p><p class=\"et_pb_newsletter_button_wrap\"><a class=\"et_pb_button et_pb_newsletter_button\" href=\"#\"><span class=\"et_subscribe_loader\"><\/span><span class=\"et_pb_newsletter_button_text\">Je m&#039;inscris<\/span><\/a><\/p><\/div><input type=\"hidden\" name=\"et_pb_signup_provider\" value=\"sendinblue\" \/><input type=\"hidden\" name=\"et_pb_signup_list_id\" value=\"2\" \/><input type=\"hidden\" name=\"et_pb_signup_account_name\" value=\"Infolettre\" \/><input type=\"hidden\" name=\"et_pb_signup_ip_address\" value=\"true\" \/><input type=\"hidden\" name=\"et_pb_signup_checksum\" value=\"7deea428cde0e4be508a29e776b20f0c\" \/><\/form><\/div>\n<div class=\"et_pb_icon_0 et_pb_icon et_pb_module et_flex_module\" data-interaction-trigger=\"zv271lppoz\"><span class=\"et_pb_icon_wrap\"><span class=\"et-pb-icon\">\uf057<\/span><\/span><\/div>\n<\/div>\n<\/div>\n<\/div>\n<\/div>","protected":false},"excerpt":{"rendered":"","protected":false},"author":1,"featured_media":0,"parent":0,"menu_order":0,"comment_status":"closed","ping_status":"closed","template":"","meta":{"give_campaign_id":0,"footnotes":""},"class_list":["post-57","page","type-page","status-publish","hentry"],"yoast_head":"<!-- This site is optimized with the Yoast SEO plugin v27.6 - https:\/\/yoast.com\/product\/yoast-seo-wordpress\/ -->\n<title>Contact - Roxanne B\u00e9dard Artiste<\/title>\n<meta name=\"robots\" content=\"index, follow, max-snippet:-1, max-image-preview:large, max-video-preview:-1\" \/>\n<link rel=\"canonical\" href=\"https:\/\/roxannebedardartiste.com\/en_ca\/contact\/\" \/>\n<meta property=\"og:locale\" content=\"en_US\" \/>\n<meta property=\"og:type\" content=\"article\" \/>\n<meta property=\"og:title\" content=\"Contact - Roxanne B\u00e9dard Artiste\" \/>\n<meta property=\"og:url\" content=\"https:\/\/roxannebedardartiste.com\/en_ca\/contact\/\" \/>\n<meta property=\"og:site_name\" content=\"Roxanne B\u00e9dard Artiste\" \/>\n<meta property=\"article:modified_time\" content=\"2026-04-01T04:49:31+00:00\" \/>\n<meta name=\"twitter:card\" content=\"summary_large_image\" \/>\n<meta name=\"twitter:label1\" content=\"Est. reading time\" \/>\n\t<meta name=\"twitter:data1\" content=\"3 minutes\" \/>\n<script type=\"application\/ld+json\" class=\"yoast-schema-graph\">{\"@context\":\"https:\\\/\\\/schema.org\",\"@graph\":[{\"@type\":\"WebPage\",\"@id\":\"https:\\\/\\\/roxannebedardartiste.com\\\/contact\\\/\",\"url\":\"https:\\\/\\\/roxannebedardartiste.com\\\/contact\\\/\",\"name\":\"Contact - Roxanne B\u00e9dard Artiste\",\"isPartOf\":{\"@id\":\"https:\\\/\\\/roxannebedardartiste.com\\\/#website\"},\"datePublished\":\"2022-12-01T06:31:51+00:00\",\"dateModified\":\"2026-04-01T04:49:31+00:00\",\"breadcrumb\":{\"@id\":\"https:\\\/\\\/roxannebedardartiste.com\\\/contact\\\/#breadcrumb\"},\"inLanguage\":\"en-CA\",\"potentialAction\":[{\"@type\":\"ReadAction\",\"target\":[\"https:\\\/\\\/roxannebedardartiste.com\\\/contact\\\/\"]}]},{\"@type\":\"BreadcrumbList\",\"@id\":\"https:\\\/\\\/roxannebedardartiste.com\\\/contact\\\/#breadcrumb\",\"itemListElement\":[{\"@type\":\"ListItem\",\"position\":1,\"name\":\"Home\",\"item\":\"https:\\\/\\\/roxannebedardartiste.com\\\/\"},{\"@type\":\"ListItem\",\"position\":2,\"name\":\"Contact\"}]},{\"@type\":\"WebSite\",\"@id\":\"https:\\\/\\\/roxannebedardartiste.com\\\/#website\",\"url\":\"https:\\\/\\\/roxannebedardartiste.com\\\/\",\"name\":\"Roxanne B\u00e9dard Artiste\",\"description\":\"\",\"potentialAction\":[{\"@type\":\"SearchAction\",\"target\":{\"@type\":\"EntryPoint\",\"urlTemplate\":\"https:\\\/\\\/roxannebedardartiste.com\\\/?s={search_term_string}\"},\"query-input\":{\"@type\":\"PropertyValueSpecification\",\"valueRequired\":true,\"valueName\":\"search_term_string\"}}],\"inLanguage\":\"en-CA\"}]}<\/script>\n<!-- \/ Yoast SEO plugin. -->","yoast_head_json":{"title":"Contact - Roxanne B\u00e9dard Artiste","robots":{"index":"index","follow":"follow","max-snippet":"max-snippet:-1","max-image-preview":"max-image-preview:large","max-video-preview":"max-video-preview:-1"},"canonical":"https:\/\/roxannebedardartiste.com\/en_ca\/contact\/","og_locale":"en_US","og_type":"article","og_title":"Contact - Roxanne B\u00e9dard Artiste","og_url":"https:\/\/roxannebedardartiste.com\/en_ca\/contact\/","og_site_name":"Roxanne B\u00e9dard Artiste","article_modified_time":"2026-04-01T04:49:31+00:00","twitter_card":"summary_large_image","twitter_misc":{"Est. reading time":"3 minutes"},"schema":{"@context":"https:\/\/schema.org","@graph":[{"@type":"WebPage","@id":"https:\/\/roxannebedardartiste.com\/contact\/","url":"https:\/\/roxannebedardartiste.com\/contact\/","name":"Contact - Roxanne B\u00e9dard Artiste","isPartOf":{"@id":"https:\/\/roxannebedardartiste.com\/#website"},"datePublished":"2022-12-01T06:31:51+00:00","dateModified":"2026-04-01T04:49:31+00:00","breadcrumb":{"@id":"https:\/\/roxannebedardartiste.com\/contact\/#breadcrumb"},"inLanguage":"en-CA","potentialAction":[{"@type":"ReadAction","target":["https:\/\/roxannebedardartiste.com\/contact\/"]}]},{"@type":"BreadcrumbList","@id":"https:\/\/roxannebedardartiste.com\/contact\/#breadcrumb","itemListElement":[{"@type":"ListItem","position":1,"name":"Home","item":"https:\/\/roxannebedardartiste.com\/"},{"@type":"ListItem","position":2,"name":"Contact"}]},{"@type":"WebSite","@id":"https:\/\/roxannebedardartiste.com\/#website","url":"https:\/\/roxannebedardartiste.com\/","name":"Roxanne B\u00e9dard Artiste","description":"","potentialAction":[{"@type":"SearchAction","target":{"@type":"EntryPoint","urlTemplate":"https:\/\/roxannebedardartiste.com\/?s={search_term_string}"},"query-input":{"@type":"PropertyValueSpecification","valueRequired":true,"valueName":"search_term_string"}}],"inLanguage":"en-CA"}]}},"campaignId":"","_links":{"self":[{"href":"https:\/\/roxannebedardartiste.com\/en_ca\/wp-json\/wp\/v2\/pages\/57","targetHints":{"allow":["GET"]}}],"collection":[{"href":"https:\/\/roxannebedardartiste.com\/en_ca\/wp-json\/wp\/v2\/pages"}],"about":[{"href":"https:\/\/roxannebedardartiste.com\/en_ca\/wp-json\/wp\/v2\/types\/page"}],"author":[{"embeddable":true,"href":"https:\/\/roxannebedardartiste.com\/en_ca\/wp-json\/wp\/v2\/users\/1"}],"replies":[{"embeddable":true,"href":"https:\/\/roxannebedardartiste.com\/en_ca\/wp-json\/wp\/v2\/comments?post=57"}],"version-history":[{"count":20,"href":"https:\/\/roxannebedardartiste.com\/en_ca\/wp-json\/wp\/v2\/pages\/57\/revisions"}],"predecessor-version":[{"id":112439,"href":"https:\/\/roxannebedardartiste.com\/en_ca\/wp-json\/wp\/v2\/pages\/57\/revisions\/112439"}],"wp:attachment":[{"href":"https:\/\/roxannebedardartiste.com\/en_ca\/wp-json\/wp\/v2\/media?parent=57"}],"curies":[{"name":"wp","href":"https:\/\/api.w.org\/{rel}","templated":true}]}}