{"id":111669,"date":"2025-06-14T22:50:30","date_gmt":"2025-06-15T02:50:30","guid":{"rendered":"https:\/\/roxannebedardartiste.com\/produit\/portrait-gemeaux-la-vivacite-en-mouvement\/"},"modified":"2026-02-10T19:59:50","modified_gmt":"2026-02-11T00:59:50","slug":"portrait-gemeaux-la-vivacite-en-mouvement","status":"publish","type":"product","link":"https:\/\/roxannebedardartiste.com\/en_ca\/produit\/portrait-gemeaux-la-vivacite-en-mouvement\/","title":{"rendered":"Gemini portrait - The Spark in Motion - Watercolor reproduction"},"content":{"rendered":"<p>The Gemini Portrait subtly captures the duality and depth of this air sign. This watercolor portrait of a woman highlights a lively, curious, and expressive personality. The two intertwined faces reveal the very essence of Gemini: a restless, agile mind driven by discovery.<\/p>\n<p>The woman portrayed embodies spontaneity, joy of living, and a love for connection. Her sparkling eyes and fluid posture express a constant need to learn, adapt, and build meaningful bonds. With each brushstroke, a world of ideas, words, and contradictions comes to life.<\/p>\n<p>The Gemini Portrait also delves into the shadowed sides of the sign. Indecision, restlessness, and the need to please subtly emerge. That\u2019s what makes this piece so human \u2014 it doesn\u2019t freeze an ideal, but rather reflects a vibrant, complex temperament.\nIt celebrates the woman who lives at full speed, navigating between lightness and depth.<\/p>\n<p>This feminine watercolor portrait is an invitation to embrace your own multiplicity. It\u2019s a gentle reminder that you can be ever-changing, unpredictable\u2026 and fully yourself. By adding this piece to your space, you bring in a vibrant, creative, and communicative energy.<\/p>\n<p>Details :<\/p>\n<p>The original painting was created on professional-quality watercolor paper, in an 18 x 24 in format.\nThe art print is produced on thick, matte paper,  ffering soft tones and precise details thanks to high-end gicl\u00e9e printing. Perfect to brighten up a reading nook, bedroom, or creative workspace.<\/p>\n<p>The Gemini Portrait is much more than just a decorative piece. It\u2019s a luminous mirror for those who think, move, and dream at two speeds. An artwork for women who recognize themselves in their complexity \u2014 and turn it into a strength.<\/p>\n<p>xoxo Roxanne<\/p>","protected":false},"excerpt":{"rendered":"<p>Le Portrait G\u00e9meaux illustre avec finesse la dualit\u00e9 et la richesse de ce signe d\u2019air. Ce portrait aquarelle de femme met en lumi\u00e8re une personnalit\u00e9 vive, curieuse et expressive. Les deux visages entrelac\u00e9s racontent l\u2019essence m\u00eame des G\u00e9meaux : un esprit changeant, agile et avide de d\u00e9couvertes. La femme repr\u00e9sent\u00e9e incarne la spontan\u00e9it\u00e9, la joie [&hellip;]<\/p>\n","protected":false},"featured_media":111652,"comment_status":"open","ping_status":"closed","template":"","meta":{"give_campaign_id":0},"product_brand":[],"product_cat":[186],"product_tag":[130,76,84,77,94,198,88,191,199,86,158,194,188,189,187,197,192,193,115,82,132,190,75,131,144,109,195,73,196],"class_list":{"0":"post-111669","1":"product","2":"type-product","3":"status-publish","4":"has-post-thumbnail","6":"product_cat-femmes-du-zodiaque","7":"product_tag-achat-local","8":"product_tag-affiche","9":"product_tag-aquarelle","10":"product_tag-art","11":"product_tag-art-contemporain","12":"product_tag-art-decoratif","13":"product_tag-art-quebecois","14":"product_tag-art-realiste","15":"product_tag-art-significatif","16":"product_tag-artiste","17":"product_tag-artiste-quebecoise","18":"product_tag-decoration-murale","19":"product_tag-gemeau","20":"product_tag-gemeaux","21":"product_tag-gemini","22":"product_tag-horoscope","23":"product_tag-illustration","24":"product_tag-peinture-a-leau","25":"product_tag-personnalite","26":"product_tag-portrait","27":"product_tag-portrait-femme","28":"product_tag-portrait-realiste","29":"product_tag-poster","30":"product_tag-quebec","31":"product_tag-reproduction-aquarelle","32":"product_tag-self-love","33":"product_tag-visage","34":"product_tag-wall-art","35":"product_tag-zodiaque","37":"first","38":"instock","39":"taxable","40":"shipping-taxable","41":"purchasable","42":"product-type-variable"},"yoast_head":"<!-- This site is optimized with the Yoast SEO plugin v27.6 - https:\/\/yoast.com\/product\/yoast-seo-wordpress\/ -->\n<title>Portrait G\u00e9meaux \u2013 La vivacit\u00e9 en mouvement - Reproduction aquarelle - Roxanne B\u00e9dard Artiste<\/title>\n<meta name=\"description\" content=\"Ce portrait illustre la femme G\u00e9meaux \u00e0 travers deux figures unies par une m\u00eame \u00e9nergie : vive, curieuse et changeante, fid\u00e8le \u00e0 l\u2019esprit de ce signe.\" \/>\n<meta name=\"robots\" content=\"index, follow, max-snippet:-1, max-image-preview:large, max-video-preview:-1\" \/>\n<link rel=\"canonical\" href=\"https:\/\/roxannebedardartiste.com\/en_ca\/product\/portrait-gemeaux-la-vivacite-en-mouvement\/\" \/>\n<meta property=\"og:locale\" content=\"en_US\" \/>\n<meta property=\"og:type\" content=\"article\" \/>\n<meta property=\"og:title\" content=\"Portrait G\u00e9meaux \u2013 La vivacit\u00e9 en mouvement - Reproduction aquarelle - Roxanne B\u00e9dard Artiste\" \/>\n<meta property=\"og:description\" content=\"Ce portrait illustre la femme G\u00e9meaux \u00e0 travers deux figures unies par une m\u00eame \u00e9nergie : vive, curieuse et changeante, fid\u00e8le \u00e0 l\u2019esprit de ce signe.\" \/>\n<meta property=\"og:url\" content=\"https:\/\/roxannebedardartiste.com\/en_ca\/product\/portrait-gemeaux-la-vivacite-en-mouvement\/\" \/>\n<meta property=\"og:site_name\" content=\"Roxanne B\u00e9dard Artiste\" \/>\n<meta property=\"article:modified_time\" content=\"2026-02-11T00:59:50+00:00\" \/>\n<meta property=\"og:image\" content=\"https:\/\/roxannebedardartiste.com\/wp-content\/uploads\/2025\/06\/6ae93f40-4595-11f0-9ca8-69d430650941-scaled.jpg\" \/>\n\t<meta property=\"og:image:width\" content=\"2051\" \/>\n\t<meta property=\"og:image:height\" content=\"2560\" \/>\n\t<meta property=\"og:image:type\" content=\"image\/jpeg\" \/>\n<meta name=\"twitter:card\" content=\"summary_large_image\" \/>\n<meta name=\"twitter:label1\" content=\"Est. reading time\" \/>\n\t<meta name=\"twitter:data1\" content=\"2 minutes\" \/>\n<script type=\"application\/ld+json\" class=\"yoast-schema-graph\">{\"@context\":\"https:\\\/\\\/schema.org\",\"@graph\":[{\"@type\":\"WebPage\",\"@id\":\"https:\\\/\\\/roxannebedardartiste.com\\\/produit\\\/portrait-gemeaux-la-vivacite-en-mouvement\\\/\",\"url\":\"https:\\\/\\\/roxannebedardartiste.com\\\/produit\\\/portrait-gemeaux-la-vivacite-en-mouvement\\\/\",\"name\":\"Portrait G\u00e9meaux \u2013 La vivacit\u00e9 en mouvement - Reproduction aquarelle - Roxanne B\u00e9dard Artiste\",\"isPartOf\":{\"@id\":\"https:\\\/\\\/roxannebedardartiste.com\\\/#website\"},\"primaryImageOfPage\":{\"@id\":\"https:\\\/\\\/roxannebedardartiste.com\\\/produit\\\/portrait-gemeaux-la-vivacite-en-mouvement\\\/#primaryimage\"},\"image\":{\"@id\":\"https:\\\/\\\/roxannebedardartiste.com\\\/produit\\\/portrait-gemeaux-la-vivacite-en-mouvement\\\/#primaryimage\"},\"thumbnailUrl\":\"https:\\\/\\\/roxannebedardartiste.com\\\/wp-content\\\/uploads\\\/2025\\\/06\\\/6ae93f40-4595-11f0-9ca8-69d430650941-scaled.jpg\",\"datePublished\":\"2025-06-15T02:50:30+00:00\",\"dateModified\":\"2026-02-11T00:59:50+00:00\",\"description\":\"Ce portrait illustre la femme G\u00e9meaux \u00e0 travers deux figures unies par une m\u00eame \u00e9nergie : vive, curieuse et changeante, fid\u00e8le \u00e0 l\u2019esprit de ce signe.\",\"breadcrumb\":{\"@id\":\"https:\\\/\\\/roxannebedardartiste.com\\\/produit\\\/portrait-gemeaux-la-vivacite-en-mouvement\\\/#breadcrumb\"},\"inLanguage\":\"en-CA\",\"potentialAction\":[{\"@type\":\"ReadAction\",\"target\":[\"https:\\\/\\\/roxannebedardartiste.com\\\/produit\\\/portrait-gemeaux-la-vivacite-en-mouvement\\\/\"]}]},{\"@type\":\"ImageObject\",\"inLanguage\":\"en-CA\",\"@id\":\"https:\\\/\\\/roxannebedardartiste.com\\\/produit\\\/portrait-gemeaux-la-vivacite-en-mouvement\\\/#primaryimage\",\"url\":\"https:\\\/\\\/roxannebedardartiste.com\\\/wp-content\\\/uploads\\\/2025\\\/06\\\/6ae93f40-4595-11f0-9ca8-69d430650941-scaled.jpg\",\"contentUrl\":\"https:\\\/\\\/roxannebedardartiste.com\\\/wp-content\\\/uploads\\\/2025\\\/06\\\/6ae93f40-4595-11f0-9ca8-69d430650941-scaled.jpg\",\"width\":2051,\"height\":2560,\"caption\":\"Portrait G\u00e9meaux \u2013 illustration aquarelle encadr\u00e9e, inspir\u00e9e du signe astrologique des G\u00e9meaux. \u0152uvre de Roxanne B\u00e9dard, artiste aquarelliste \u00e0 L\u00e9vis\"},{\"@type\":\"BreadcrumbList\",\"@id\":\"https:\\\/\\\/roxannebedardartiste.com\\\/produit\\\/portrait-gemeaux-la-vivacite-en-mouvement\\\/#breadcrumb\",\"itemListElement\":[{\"@type\":\"ListItem\",\"position\":1,\"name\":\"Home\",\"item\":\"https:\\\/\\\/roxannebedardartiste.com\\\/\"},{\"@type\":\"ListItem\",\"position\":2,\"name\":\"Boutique\",\"item\":\"https:\\\/\\\/roxannebedardartiste.com\\\/boutique\\\/\"},{\"@type\":\"ListItem\",\"position\":3,\"name\":\"Portrait G\u00e9meaux \u2013 La vivacit\u00e9 en mouvement &#8211; Reproduction aquarelle\"}]},{\"@type\":\"WebSite\",\"@id\":\"https:\\\/\\\/roxannebedardartiste.com\\\/#website\",\"url\":\"https:\\\/\\\/roxannebedardartiste.com\\\/\",\"name\":\"Roxanne B\u00e9dard Artiste\",\"description\":\"\",\"potentialAction\":[{\"@type\":\"SearchAction\",\"target\":{\"@type\":\"EntryPoint\",\"urlTemplate\":\"https:\\\/\\\/roxannebedardartiste.com\\\/?s={search_term_string}\"},\"query-input\":{\"@type\":\"PropertyValueSpecification\",\"valueRequired\":true,\"valueName\":\"search_term_string\"}}],\"inLanguage\":\"en-CA\"}]}<\/script>\n<!-- \/ Yoast SEO plugin. -->","yoast_head_json":{"title":"Portrait G\u00e9meaux \u2013 La vivacit\u00e9 en mouvement - Reproduction aquarelle - Roxanne B\u00e9dard Artiste","description":"Ce portrait illustre la femme G\u00e9meaux \u00e0 travers deux figures unies par une m\u00eame \u00e9nergie : vive, curieuse et changeante, fid\u00e8le \u00e0 l\u2019esprit de ce signe.","robots":{"index":"index","follow":"follow","max-snippet":"max-snippet:-1","max-image-preview":"max-image-preview:large","max-video-preview":"max-video-preview:-1"},"canonical":"https:\/\/roxannebedardartiste.com\/en_ca\/product\/portrait-gemeaux-la-vivacite-en-mouvement\/","og_locale":"en_US","og_type":"article","og_title":"Portrait G\u00e9meaux \u2013 La vivacit\u00e9 en mouvement - Reproduction aquarelle - Roxanne B\u00e9dard Artiste","og_description":"Ce portrait illustre la femme G\u00e9meaux \u00e0 travers deux figures unies par une m\u00eame \u00e9nergie : vive, curieuse et changeante, fid\u00e8le \u00e0 l\u2019esprit de ce signe.","og_url":"https:\/\/roxannebedardartiste.com\/en_ca\/product\/portrait-gemeaux-la-vivacite-en-mouvement\/","og_site_name":"Roxanne B\u00e9dard Artiste","article_modified_time":"2026-02-11T00:59:50+00:00","og_image":[{"width":2051,"height":2560,"url":"https:\/\/roxannebedardartiste.com\/wp-content\/uploads\/2025\/06\/6ae93f40-4595-11f0-9ca8-69d430650941-scaled.jpg","type":"image\/jpeg"}],"twitter_card":"summary_large_image","twitter_misc":{"Est. reading time":"2 minutes"},"schema":{"@context":"https:\/\/schema.org","@graph":[{"@type":"WebPage","@id":"https:\/\/roxannebedardartiste.com\/produit\/portrait-gemeaux-la-vivacite-en-mouvement\/","url":"https:\/\/roxannebedardartiste.com\/produit\/portrait-gemeaux-la-vivacite-en-mouvement\/","name":"Portrait G\u00e9meaux \u2013 La vivacit\u00e9 en mouvement - Reproduction aquarelle - Roxanne B\u00e9dard Artiste","isPartOf":{"@id":"https:\/\/roxannebedardartiste.com\/#website"},"primaryImageOfPage":{"@id":"https:\/\/roxannebedardartiste.com\/produit\/portrait-gemeaux-la-vivacite-en-mouvement\/#primaryimage"},"image":{"@id":"https:\/\/roxannebedardartiste.com\/produit\/portrait-gemeaux-la-vivacite-en-mouvement\/#primaryimage"},"thumbnailUrl":"https:\/\/roxannebedardartiste.com\/wp-content\/uploads\/2025\/06\/6ae93f40-4595-11f0-9ca8-69d430650941-scaled.jpg","datePublished":"2025-06-15T02:50:30+00:00","dateModified":"2026-02-11T00:59:50+00:00","description":"Ce portrait illustre la femme G\u00e9meaux \u00e0 travers deux figures unies par une m\u00eame \u00e9nergie : vive, curieuse et changeante, fid\u00e8le \u00e0 l\u2019esprit de ce signe.","breadcrumb":{"@id":"https:\/\/roxannebedardartiste.com\/produit\/portrait-gemeaux-la-vivacite-en-mouvement\/#breadcrumb"},"inLanguage":"en-CA","potentialAction":[{"@type":"ReadAction","target":["https:\/\/roxannebedardartiste.com\/produit\/portrait-gemeaux-la-vivacite-en-mouvement\/"]}]},{"@type":"ImageObject","inLanguage":"en-CA","@id":"https:\/\/roxannebedardartiste.com\/produit\/portrait-gemeaux-la-vivacite-en-mouvement\/#primaryimage","url":"https:\/\/roxannebedardartiste.com\/wp-content\/uploads\/2025\/06\/6ae93f40-4595-11f0-9ca8-69d430650941-scaled.jpg","contentUrl":"https:\/\/roxannebedardartiste.com\/wp-content\/uploads\/2025\/06\/6ae93f40-4595-11f0-9ca8-69d430650941-scaled.jpg","width":2051,"height":2560,"caption":"Portrait G\u00e9meaux \u2013 illustration aquarelle encadr\u00e9e, inspir\u00e9e du signe astrologique des G\u00e9meaux. \u0152uvre de Roxanne B\u00e9dard, artiste aquarelliste \u00e0 L\u00e9vis"},{"@type":"BreadcrumbList","@id":"https:\/\/roxannebedardartiste.com\/produit\/portrait-gemeaux-la-vivacite-en-mouvement\/#breadcrumb","itemListElement":[{"@type":"ListItem","position":1,"name":"Home","item":"https:\/\/roxannebedardartiste.com\/"},{"@type":"ListItem","position":2,"name":"Boutique","item":"https:\/\/roxannebedardartiste.com\/boutique\/"},{"@type":"ListItem","position":3,"name":"Portrait G\u00e9meaux \u2013 La vivacit\u00e9 en mouvement &#8211; Reproduction aquarelle"}]},{"@type":"WebSite","@id":"https:\/\/roxannebedardartiste.com\/#website","url":"https:\/\/roxannebedardartiste.com\/","name":"Roxanne B\u00e9dard Artiste","description":"","potentialAction":[{"@type":"SearchAction","target":{"@type":"EntryPoint","urlTemplate":"https:\/\/roxannebedardartiste.com\/?s={search_term_string}"},"query-input":{"@type":"PropertyValueSpecification","valueRequired":true,"valueName":"search_term_string"}}],"inLanguage":"en-CA"}]}},"_links":{"self":[{"href":"https:\/\/roxannebedardartiste.com\/en_ca\/wp-json\/wp\/v2\/product\/111669","targetHints":{"allow":["GET"]}}],"collection":[{"href":"https:\/\/roxannebedardartiste.com\/en_ca\/wp-json\/wp\/v2\/product"}],"about":[{"href":"https:\/\/roxannebedardartiste.com\/en_ca\/wp-json\/wp\/v2\/types\/product"}],"replies":[{"embeddable":true,"href":"https:\/\/roxannebedardartiste.com\/en_ca\/wp-json\/wp\/v2\/comments?post=111669"}],"wp:featuredmedia":[{"embeddable":true,"href":"https:\/\/roxannebedardartiste.com\/en_ca\/wp-json\/wp\/v2\/media\/111652"}],"wp:attachment":[{"href":"https:\/\/roxannebedardartiste.com\/en_ca\/wp-json\/wp\/v2\/media?parent=111669"}],"wp:term":[{"taxonomy":"product_brand","embeddable":true,"href":"https:\/\/roxannebedardartiste.com\/en_ca\/wp-json\/wp\/v2\/product_brand?post=111669"},{"taxonomy":"product_cat","embeddable":true,"href":"https:\/\/roxannebedardartiste.com\/en_ca\/wp-json\/wp\/v2\/product_cat?post=111669"},{"taxonomy":"product_tag","embeddable":true,"href":"https:\/\/roxannebedardartiste.com\/en_ca\/wp-json\/wp\/v2\/product_tag?post=111669"}],"curies":[{"name":"wp","href":"https:\/\/api.w.org\/{rel}","templated":true}]}}