{"id":111898,"date":"2026-02-06T20:54:49","date_gmt":"2026-02-07T01:54:49","guid":{"rendered":"https:\/\/roxannebedardartiste.com\/produit\/balance-la-douceur-de-lequilibre-reproduction-aquarelle\/"},"modified":"2026-04-01T00:36:56","modified_gmt":"2026-04-01T04:36:56","slug":"balance-la-douceur-de-lequilibre-reproduction-aquarelle","status":"publish","type":"product","link":"https:\/\/roxannebedardartiste.com\/en_ca\/produit\/balance-la-douceur-de-lequilibre-reproduction-aquarelle\/","title":{"rendered":"\u00ab\u00a0Libra Portrait \u2013 The Softness of Balance \u00bb - Watercolor reproduction"},"content":{"rendered":"<div class=\"et_pb_section_0 et_pb_section et_section_regular et_flex_section\"><\/div>","protected":false},"excerpt":{"rendered":"","protected":false},"featured_media":111944,"comment_status":"open","ping_status":"closed","template":"","meta":[],"product_brand":[],"product_cat":[186],"product_tag":[130,76,160,84,77,94,113,146,95,88,86,129,158,257,114,161,162,78,118,258,163,83,89,74,192,135,133,87,134,82,85,132,108,75,90,144,109,73],"class_list":{"0":"post-111898","1":"product","2":"type-product","3":"status-publish","4":"has-post-thumbnail","6":"product_cat-femmes-du-zodiaque","7":"product_tag-achat-local","8":"product_tag-affiche","9":"product_tag-amour-de-soi","10":"product_tag-aquarelle","11":"product_tag-art","12":"product_tag-art-contemporain","13":"product_tag-art-engage","14":"product_tag-art-local","15":"product_tag-art-mural","16":"product_tag-art-quebecois","17":"product_tag-artiste","18":"product_tag-artiste-quebecois","19":"product_tag-artiste-quebecoise","20":"product_tag-balance","21":"product_tag-beaute","22":"product_tag-confiance-en-soi","23":"product_tag-corps","24":"product_tag-decoration","25":"product_tag-douceur","26":"product_tag-equilibre","27":"product_tag-feminin","28":"product_tag-femme","29":"product_tag-handmade","30":"product_tag-home-decor","31":"product_tag-illustration","32":"product_tag-impression","33":"product_tag-meaningful-art","34":"product_tag-oeuvre","35":"product_tag-peinture","36":"product_tag-portrait","37":"product_tag-portrait-aquarelle","38":"product_tag-portrait-femme","39":"product_tag-positivity","40":"product_tag-poster","41":"product_tag-reproduction","42":"product_tag-reproduction-aquarelle","43":"product_tag-self-love","44":"product_tag-wall-art","46":"first","47":"instock","48":"taxable","49":"shipping-taxable","50":"purchasable","51":"product-type-variable"},"yoast_head":"<!-- This site is optimized with the Yoast SEO plugin v27.3 - https:\/\/yoast.com\/product\/yoast-seo-wordpress\/ -->\n<title>&quot;Balance - La Douceur de l&#039;\u00e9quilibre&quot; - Reproduction aquarelle - Roxanne B\u00e9dard Artiste<\/title>\n<meta name=\"description\" content=\"Portrait Balance en aquarelle : une femme douce et harmonieuse qui incarne l\u2019\u00e9quilibre, la beaut\u00e9 et les relations sinc\u00e8res. \u0152uvre f\u00e9minine.\" \/>\n<meta name=\"robots\" content=\"index, follow, max-snippet:-1, max-image-preview:large, max-video-preview:-1\" \/>\n<link rel=\"canonical\" href=\"https:\/\/roxannebedardartiste.com\/en_ca\/product\/balance-la-douceur-de-lequilibre-reproduction-aquarelle\/\" \/>\n<meta property=\"og:locale\" content=\"en_US\" \/>\n<meta property=\"og:type\" content=\"article\" \/>\n<meta property=\"og:title\" content=\"&quot;Balance - La Douceur de l&#039;\u00e9quilibre&quot; - Reproduction aquarelle - Roxanne B\u00e9dard Artiste\" \/>\n<meta property=\"og:description\" content=\"Portrait Balance en aquarelle : une femme douce et harmonieuse qui incarne l\u2019\u00e9quilibre, la beaut\u00e9 et les relations sinc\u00e8res. \u0152uvre f\u00e9minine.\" \/>\n<meta property=\"og:url\" content=\"https:\/\/roxannebedardartiste.com\/en_ca\/product\/balance-la-douceur-de-lequilibre-reproduction-aquarelle\/\" \/>\n<meta property=\"og:site_name\" content=\"Roxanne B\u00e9dard Artiste\" \/>\n<meta property=\"article:modified_time\" content=\"2026-04-01T04:36:56+00:00\" \/>\n<meta property=\"og:image\" content=\"https:\/\/roxannebedardartiste.com\/wp-content\/uploads\/2026\/02\/67dc8e90-03ce-11f1-a68b-091402ebb4f1-1.jpg\" \/>\n\t<meta property=\"og:image:width\" content=\"1572\" \/>\n\t<meta property=\"og:image:height\" content=\"2141\" \/>\n\t<meta property=\"og:image:type\" content=\"image\/jpeg\" \/>\n<meta name=\"twitter:card\" content=\"summary_large_image\" \/>\n<meta name=\"twitter:label1\" content=\"Est. reading time\" \/>\n\t<meta name=\"twitter:data1\" content=\"3 minutes\" \/>\n<script type=\"application\/ld+json\" class=\"yoast-schema-graph\">{\"@context\":\"https:\\\/\\\/schema.org\",\"@graph\":[{\"@type\":\"WebPage\",\"@id\":\"https:\\\/\\\/roxannebedardartiste.com\\\/produit\\\/balance-la-douceur-de-lequilibre-reproduction-aquarelle\\\/\",\"url\":\"https:\\\/\\\/roxannebedardartiste.com\\\/produit\\\/balance-la-douceur-de-lequilibre-reproduction-aquarelle\\\/\",\"name\":\"\\\"Balance - La Douceur de l'\u00e9quilibre\\\" - Reproduction aquarelle - Roxanne B\u00e9dard Artiste\",\"isPartOf\":{\"@id\":\"https:\\\/\\\/roxannebedardartiste.com\\\/#website\"},\"primaryImageOfPage\":{\"@id\":\"https:\\\/\\\/roxannebedardartiste.com\\\/produit\\\/balance-la-douceur-de-lequilibre-reproduction-aquarelle\\\/#primaryimage\"},\"image\":{\"@id\":\"https:\\\/\\\/roxannebedardartiste.com\\\/produit\\\/balance-la-douceur-de-lequilibre-reproduction-aquarelle\\\/#primaryimage\"},\"thumbnailUrl\":\"https:\\\/\\\/roxannebedardartiste.com\\\/wp-content\\\/uploads\\\/2026\\\/02\\\/67dc8e90-03ce-11f1-a68b-091402ebb4f1-1.jpg\",\"datePublished\":\"2026-02-07T01:54:49+00:00\",\"dateModified\":\"2026-04-01T04:36:56+00:00\",\"description\":\"Portrait Balance en aquarelle : une femme douce et harmonieuse qui incarne l\u2019\u00e9quilibre, la beaut\u00e9 et les relations sinc\u00e8res. \u0152uvre f\u00e9minine.\",\"breadcrumb\":{\"@id\":\"https:\\\/\\\/roxannebedardartiste.com\\\/produit\\\/balance-la-douceur-de-lequilibre-reproduction-aquarelle\\\/#breadcrumb\"},\"inLanguage\":\"en-CA\",\"potentialAction\":[{\"@type\":\"ReadAction\",\"target\":[\"https:\\\/\\\/roxannebedardartiste.com\\\/produit\\\/balance-la-douceur-de-lequilibre-reproduction-aquarelle\\\/\"]}]},{\"@type\":\"ImageObject\",\"inLanguage\":\"en-CA\",\"@id\":\"https:\\\/\\\/roxannebedardartiste.com\\\/produit\\\/balance-la-douceur-de-lequilibre-reproduction-aquarelle\\\/#primaryimage\",\"url\":\"https:\\\/\\\/roxannebedardartiste.com\\\/wp-content\\\/uploads\\\/2026\\\/02\\\/67dc8e90-03ce-11f1-a68b-091402ebb4f1-1.jpg\",\"contentUrl\":\"https:\\\/\\\/roxannebedardartiste.com\\\/wp-content\\\/uploads\\\/2026\\\/02\\\/67dc8e90-03ce-11f1-a68b-091402ebb4f1-1.jpg\",\"width\":1572,\"height\":2141},{\"@type\":\"BreadcrumbList\",\"@id\":\"https:\\\/\\\/roxannebedardartiste.com\\\/produit\\\/balance-la-douceur-de-lequilibre-reproduction-aquarelle\\\/#breadcrumb\",\"itemListElement\":[{\"@type\":\"ListItem\",\"position\":1,\"name\":\"Home\",\"item\":\"https:\\\/\\\/roxannebedardartiste.com\\\/\"},{\"@type\":\"ListItem\",\"position\":2,\"name\":\"Boutique\",\"item\":\"https:\\\/\\\/roxannebedardartiste.com\\\/boutique\\\/\"},{\"@type\":\"ListItem\",\"position\":3,\"name\":\"\u00ab\u00a0Balance &#8211; La Douceur de l&rsquo;\u00e9quilibre\u00a0\u00bb &#8211; Reproduction aquarelle\"}]},{\"@type\":\"WebSite\",\"@id\":\"https:\\\/\\\/roxannebedardartiste.com\\\/#website\",\"url\":\"https:\\\/\\\/roxannebedardartiste.com\\\/\",\"name\":\"Roxanne B\u00e9dard Artiste\",\"description\":\"\",\"potentialAction\":[{\"@type\":\"SearchAction\",\"target\":{\"@type\":\"EntryPoint\",\"urlTemplate\":\"https:\\\/\\\/roxannebedardartiste.com\\\/?s={search_term_string}\"},\"query-input\":{\"@type\":\"PropertyValueSpecification\",\"valueRequired\":true,\"valueName\":\"search_term_string\"}}],\"inLanguage\":\"en-CA\"}]}<\/script>\n<!-- \/ Yoast SEO plugin. -->","yoast_head_json":{"title":"\"Balance - La Douceur de l'\u00e9quilibre\" - Reproduction aquarelle - Roxanne B\u00e9dard Artiste","description":"Portrait Balance en aquarelle : une femme douce et harmonieuse qui incarne l\u2019\u00e9quilibre, la beaut\u00e9 et les relations sinc\u00e8res. \u0152uvre f\u00e9minine.","robots":{"index":"index","follow":"follow","max-snippet":"max-snippet:-1","max-image-preview":"max-image-preview:large","max-video-preview":"max-video-preview:-1"},"canonical":"https:\/\/roxannebedardartiste.com\/en_ca\/product\/balance-la-douceur-de-lequilibre-reproduction-aquarelle\/","og_locale":"en_US","og_type":"article","og_title":"\"Balance - La Douceur de l'\u00e9quilibre\" - Reproduction aquarelle - Roxanne B\u00e9dard Artiste","og_description":"Portrait Balance en aquarelle : une femme douce et harmonieuse qui incarne l\u2019\u00e9quilibre, la beaut\u00e9 et les relations sinc\u00e8res. \u0152uvre f\u00e9minine.","og_url":"https:\/\/roxannebedardartiste.com\/en_ca\/product\/balance-la-douceur-de-lequilibre-reproduction-aquarelle\/","og_site_name":"Roxanne B\u00e9dard Artiste","article_modified_time":"2026-04-01T04:36:56+00:00","og_image":[{"width":1572,"height":2141,"url":"https:\/\/roxannebedardartiste.com\/wp-content\/uploads\/2026\/02\/67dc8e90-03ce-11f1-a68b-091402ebb4f1-1.jpg","type":"image\/jpeg"}],"twitter_card":"summary_large_image","twitter_misc":{"Est. reading time":"3 minutes"},"schema":{"@context":"https:\/\/schema.org","@graph":[{"@type":"WebPage","@id":"https:\/\/roxannebedardartiste.com\/produit\/balance-la-douceur-de-lequilibre-reproduction-aquarelle\/","url":"https:\/\/roxannebedardartiste.com\/produit\/balance-la-douceur-de-lequilibre-reproduction-aquarelle\/","name":"\"Balance - La Douceur de l'\u00e9quilibre\" - Reproduction aquarelle - Roxanne B\u00e9dard Artiste","isPartOf":{"@id":"https:\/\/roxannebedardartiste.com\/#website"},"primaryImageOfPage":{"@id":"https:\/\/roxannebedardartiste.com\/produit\/balance-la-douceur-de-lequilibre-reproduction-aquarelle\/#primaryimage"},"image":{"@id":"https:\/\/roxannebedardartiste.com\/produit\/balance-la-douceur-de-lequilibre-reproduction-aquarelle\/#primaryimage"},"thumbnailUrl":"https:\/\/roxannebedardartiste.com\/wp-content\/uploads\/2026\/02\/67dc8e90-03ce-11f1-a68b-091402ebb4f1-1.jpg","datePublished":"2026-02-07T01:54:49+00:00","dateModified":"2026-04-01T04:36:56+00:00","description":"Portrait Balance en aquarelle : une femme douce et harmonieuse qui incarne l\u2019\u00e9quilibre, la beaut\u00e9 et les relations sinc\u00e8res. \u0152uvre f\u00e9minine.","breadcrumb":{"@id":"https:\/\/roxannebedardartiste.com\/produit\/balance-la-douceur-de-lequilibre-reproduction-aquarelle\/#breadcrumb"},"inLanguage":"en-CA","potentialAction":[{"@type":"ReadAction","target":["https:\/\/roxannebedardartiste.com\/produit\/balance-la-douceur-de-lequilibre-reproduction-aquarelle\/"]}]},{"@type":"ImageObject","inLanguage":"en-CA","@id":"https:\/\/roxannebedardartiste.com\/produit\/balance-la-douceur-de-lequilibre-reproduction-aquarelle\/#primaryimage","url":"https:\/\/roxannebedardartiste.com\/wp-content\/uploads\/2026\/02\/67dc8e90-03ce-11f1-a68b-091402ebb4f1-1.jpg","contentUrl":"https:\/\/roxannebedardartiste.com\/wp-content\/uploads\/2026\/02\/67dc8e90-03ce-11f1-a68b-091402ebb4f1-1.jpg","width":1572,"height":2141},{"@type":"BreadcrumbList","@id":"https:\/\/roxannebedardartiste.com\/produit\/balance-la-douceur-de-lequilibre-reproduction-aquarelle\/#breadcrumb","itemListElement":[{"@type":"ListItem","position":1,"name":"Home","item":"https:\/\/roxannebedardartiste.com\/"},{"@type":"ListItem","position":2,"name":"Boutique","item":"https:\/\/roxannebedardartiste.com\/boutique\/"},{"@type":"ListItem","position":3,"name":"\u00ab\u00a0Balance &#8211; La Douceur de l&rsquo;\u00e9quilibre\u00a0\u00bb &#8211; Reproduction aquarelle"}]},{"@type":"WebSite","@id":"https:\/\/roxannebedardartiste.com\/#website","url":"https:\/\/roxannebedardartiste.com\/","name":"Roxanne B\u00e9dard Artiste","description":"","potentialAction":[{"@type":"SearchAction","target":{"@type":"EntryPoint","urlTemplate":"https:\/\/roxannebedardartiste.com\/?s={search_term_string}"},"query-input":{"@type":"PropertyValueSpecification","valueRequired":true,"valueName":"search_term_string"}}],"inLanguage":"en-CA"}]}},"_links":{"self":[{"href":"https:\/\/roxannebedardartiste.com\/en_ca\/wp-json\/wp\/v2\/product\/111898","targetHints":{"allow":["GET"]}}],"collection":[{"href":"https:\/\/roxannebedardartiste.com\/en_ca\/wp-json\/wp\/v2\/product"}],"about":[{"href":"https:\/\/roxannebedardartiste.com\/en_ca\/wp-json\/wp\/v2\/types\/product"}],"replies":[{"embeddable":true,"href":"https:\/\/roxannebedardartiste.com\/en_ca\/wp-json\/wp\/v2\/comments?post=111898"}],"wp:featuredmedia":[{"embeddable":true,"href":"https:\/\/roxannebedardartiste.com\/en_ca\/wp-json\/wp\/v2\/media\/111944"}],"wp:attachment":[{"href":"https:\/\/roxannebedardartiste.com\/en_ca\/wp-json\/wp\/v2\/media?parent=111898"}],"wp:term":[{"taxonomy":"product_brand","embeddable":true,"href":"https:\/\/roxannebedardartiste.com\/en_ca\/wp-json\/wp\/v2\/product_brand?post=111898"},{"taxonomy":"product_cat","embeddable":true,"href":"https:\/\/roxannebedardartiste.com\/en_ca\/wp-json\/wp\/v2\/product_cat?post=111898"},{"taxonomy":"product_tag","embeddable":true,"href":"https:\/\/roxannebedardartiste.com\/en_ca\/wp-json\/wp\/v2\/product_tag?post=111898"}],"curies":[{"name":"wp","href":"https:\/\/api.w.org\/{rel}","templated":true}]}}