{"id":112261,"date":"2026-03-08T13:40:44","date_gmt":"2026-03-08T17:40:44","guid":{"rendered":"https:\/\/roxannebedardartiste.com\/?post_type=product&#038;p=112261"},"modified":"2026-04-04T18:20:16","modified_gmt":"2026-04-04T22:20:16","slug":"force-interieure-et-epanouissement-aquarelle","status":"publish","type":"product","link":"https:\/\/roxannebedardartiste.com\/en_ca\/produit\/force-interieure-et-epanouissement-aquarelle\/","title":{"rendered":"The Strength That Carries - Watercolor reproduction"},"content":{"rendered":"<h3 data-section-id=\"148qev7\" data-start=\"2420\" data-end=\"2445\">The Strength That Carries<\/h3>\n<p data-start=\"248\" data-end=\"473\">In this soft and luminous watercolor, a hand supports a branch of blooming magnolias.<br data-start=\"342\" data-end=\"345\" \/>The straight, sturdy trunk evokes the strength that is built over time \u2014 a patient foundation that allows the flowers to blossom.<\/p>\n<p data-start=\"475\" data-end=\"591\">A piece that reminds you that the stronger your inner roots are, the more you can reveal your true colors.<\/p>\n<p data-start=\"475\" data-end=\"591\"><em>A daily reminder of the strength that allows you to bloom.<\/em><\/p>\n<h3 data-section-id=\"1f9yl3e\" data-start=\"2599\" data-end=\"2642\"><\/h3>\n<h3 data-section-id=\"1f9yl3e\" data-start=\"2599\" data-end=\"2642\">Limited Edition Art Print<\/h3>\n<p data-start=\"681\" data-end=\"796\">\u2022 5 prints <strong data-start=\"699\" data-end=\"711\">5 x 7 in<\/strong><br data-start=\"711\" data-end=\"714\" \/>\u2022 5 prints <strong data-start=\"732\" data-end=\"746\">10.5 x 14 in<\/strong><br data-start=\"746\" data-end=\"749\" \/>\u2022 5 prints <strong data-start=\"732\" data-end=\"746\">12 x 16 in<\/strong><br data-start=\"746\" data-end=\"749\" \/>\u2022 Each print is <strong data-start=\"773\" data-end=\"796\">signed and numbered<\/strong><\/p>\n<p data-start=\"798\" data-end=\"878\">A white border of approximately <strong data-start=\"828\" data-end=\"836\">1 cm<\/strong> is included to make framing easier.<\/p>\n<p data-start=\"880\" data-end=\"1001\">Only <strong data-start=\"890\" data-end=\"910\">15 reproductions<\/strong> will be offered for this artwork.<br data-start=\"944\" data-end=\"947\" \/>Once sold out, this edition will no longer be printed.<\/p>\n<h3 data-section-id=\"an91t4\" data-start=\"2847\" data-end=\"2884\"><\/h3>\n<h3 data-section-id=\"an91t4\" data-start=\"2847\" data-end=\"2884\">Premium Fine Art Print<\/h3>\n<p data-start=\"1048\" data-end=\"1135\">Printed on <strong data-start=\"1061\" data-end=\"1102\">100% cotton archival paper (300 gsm)<\/strong> for exceptional quality.<\/p>\n<p data-start=\"1137\" data-end=\"1254\">\u2022 Rich, deep colors<br data-start=\"1167\" data-end=\"1170\" \/>\u2022 Thick, durable paper<br data-start=\"1195\" data-end=\"1198\" \/>\u2022 Pigment-based inks designed to last for generations<\/p>\n<p data-start=\"1256\" data-end=\"1373\">A print created to stand the test of time \u2014 and perhaps one day pass this gentle message on to those you love.<\/p>\n<h3 data-section-id=\"421ppi\" data-start=\"3098\" data-end=\"3114\"><\/h3>\n<h3 data-section-id=\"421ppi\" data-start=\"3098\" data-end=\"3114\">Shipping<\/h3>\n<p data-start=\"3115\" data-end=\"3163\">Each artwork is printed and carefully prepared for a meaningful arrival.<\/p>\n<p data-start=\"3165\" data-end=\"3213\"><strong data-start=\"3165\" data-end=\"3213\">Delivery time: 10\u201314 business days<\/strong><\/p>\n<p data-start=\"3165\" data-end=\"3213\"><em>Because the strength that carries you deserves to be honored.<\/em><\/p>\n<p data-start=\"3165\" data-end=\"3213\">xoxo Roxanne<\/p>","protected":false},"excerpt":{"rendered":"<p>La Force qui porte Dans cette aquarelle douce et lumineuse, une main soutient une branche de magnolias en fleurs.Le tronc droit et solide \u00e9voque la force qui se construit avec le temps \u2014 une base patiente qui permet aux fleurs de s\u2019\u00e9panouir. Une \u0153uvre qui te rappelle que plus tes racines int\u00e9rieures sont solides, plus [&hellip;]<\/p>\n","protected":false},"featured_media":112323,"comment_status":"closed","ping_status":"closed","template":"","meta":{"give_campaign_id":0},"product_brand":[],"product_cat":[223],"product_tag":[130,76,160,84,77,94,113,199,86,129,158,114,161,104,78,194,118,163,259,83,138,262,89,74,192,135,260,261,228,133,87,148,134,242,108,75,203,90,144,109,73],"class_list":{"0":"post-112261","1":"product","2":"type-product","3":"status-publish","4":"has-post-thumbnail","6":"product_cat-les-porteuses","7":"product_tag-achat-local","8":"product_tag-affiche","9":"product_tag-amour-de-soi","10":"product_tag-aquarelle","11":"product_tag-art","12":"product_tag-art-contemporain","13":"product_tag-art-engage","14":"product_tag-art-significatif","15":"product_tag-artiste","16":"product_tag-artiste-quebecois","17":"product_tag-artiste-quebecoise","18":"product_tag-beaute","19":"product_tag-confiance-en-soi","20":"product_tag-couleurs-neutres","21":"product_tag-decoration","22":"product_tag-decoration-murale","23":"product_tag-douceur","24":"product_tag-feminin","25":"product_tag-feministe","26":"product_tag-femme","27":"product_tag-fleur","28":"product_tag-force-interieure","29":"product_tag-handmade","30":"product_tag-home-decor","31":"product_tag-illustration","32":"product_tag-impression","33":"product_tag-magnolia","34":"product_tag-magnolias","35":"product_tag-main","36":"product_tag-meaningful-art","37":"product_tag-oeuvre","38":"product_tag-pastel","39":"product_tag-peinture","40":"product_tag-porteuse","41":"product_tag-positivity","42":"product_tag-poster","43":"product_tag-print","44":"product_tag-reproduction","45":"product_tag-reproduction-aquarelle","46":"product_tag-self-love","47":"product_tag-wall-art","49":"first","50":"instock","51":"taxable","52":"shipping-taxable","53":"purchasable","54":"product-type-variable"},"yoast_head":"<!-- This site is optimized with the Yoast SEO plugin v27.6 - https:\/\/yoast.com\/product\/yoast-seo-wordpress\/ -->\n<title>La Force qui porte - Reproduction aquarelle - Roxanne B\u00e9dard Artiste<\/title>\n<meta name=\"description\" content=\"Aquarelle symbolique sur la force int\u00e9rieure et l\u2019\u00e9panouissement f\u00e9minin. Reproduction d\u2019art en \u00e9dition limit\u00e9e, sign\u00e9e et num\u00e9rot\u00e9e.\" \/>\n<meta name=\"robots\" content=\"index, follow, max-snippet:-1, max-image-preview:large, max-video-preview:-1\" \/>\n<link rel=\"canonical\" href=\"https:\/\/roxannebedardartiste.com\/en_ca\/product\/force-interieure-et-epanouissement-aquarelle\/\" \/>\n<meta property=\"og:locale\" content=\"en_US\" \/>\n<meta property=\"og:type\" content=\"article\" \/>\n<meta property=\"og:title\" content=\"La Force qui porte - Reproduction aquarelle - Roxanne B\u00e9dard Artiste\" \/>\n<meta property=\"og:description\" content=\"Aquarelle symbolique sur la force int\u00e9rieure et l\u2019\u00e9panouissement f\u00e9minin. Reproduction d\u2019art en \u00e9dition limit\u00e9e, sign\u00e9e et num\u00e9rot\u00e9e.\" \/>\n<meta property=\"og:url\" content=\"https:\/\/roxannebedardartiste.com\/en_ca\/product\/force-interieure-et-epanouissement-aquarelle\/\" \/>\n<meta property=\"og:site_name\" content=\"Roxanne B\u00e9dard Artiste\" \/>\n<meta property=\"article:modified_time\" content=\"2026-04-04T22:20:16+00:00\" \/>\n<meta property=\"og:image\" content=\"https:\/\/roxannebedardartiste.com\/wp-content\/uploads\/2026\/03\/Magnolias-en-fleurs-aquarelle-scaled-e1773013280272.jpg\" \/>\n\t<meta property=\"og:image:width\" content=\"1984\" \/>\n\t<meta property=\"og:image:height\" content=\"2462\" \/>\n\t<meta property=\"og:image:type\" content=\"image\/jpeg\" \/>\n<meta name=\"twitter:card\" content=\"summary_large_image\" \/>\n<meta name=\"twitter:label1\" content=\"Est. reading time\" \/>\n\t<meta name=\"twitter:data1\" content=\"2 minutes\" \/>\n<script type=\"application\/ld+json\" class=\"yoast-schema-graph\">{\"@context\":\"https:\\\/\\\/schema.org\",\"@graph\":[{\"@type\":\"WebPage\",\"@id\":\"https:\\\/\\\/roxannebedardartiste.com\\\/produit\\\/force-interieure-et-epanouissement-aquarelle\\\/\",\"url\":\"https:\\\/\\\/roxannebedardartiste.com\\\/produit\\\/force-interieure-et-epanouissement-aquarelle\\\/\",\"name\":\"La Force qui porte - Reproduction aquarelle - Roxanne B\u00e9dard Artiste\",\"isPartOf\":{\"@id\":\"https:\\\/\\\/roxannebedardartiste.com\\\/#website\"},\"primaryImageOfPage\":{\"@id\":\"https:\\\/\\\/roxannebedardartiste.com\\\/produit\\\/force-interieure-et-epanouissement-aquarelle\\\/#primaryimage\"},\"image\":{\"@id\":\"https:\\\/\\\/roxannebedardartiste.com\\\/produit\\\/force-interieure-et-epanouissement-aquarelle\\\/#primaryimage\"},\"thumbnailUrl\":\"https:\\\/\\\/roxannebedardartiste.com\\\/wp-content\\\/uploads\\\/2026\\\/03\\\/Magnolias-en-fleurs-aquarelle-scaled-e1773013280272.jpg\",\"datePublished\":\"2026-03-08T17:40:44+00:00\",\"dateModified\":\"2026-04-04T22:20:16+00:00\",\"description\":\"Aquarelle symbolique sur la force int\u00e9rieure et l\u2019\u00e9panouissement f\u00e9minin. Reproduction d\u2019art en \u00e9dition limit\u00e9e, sign\u00e9e et num\u00e9rot\u00e9e.\",\"breadcrumb\":{\"@id\":\"https:\\\/\\\/roxannebedardartiste.com\\\/produit\\\/force-interieure-et-epanouissement-aquarelle\\\/#breadcrumb\"},\"inLanguage\":\"en-CA\",\"potentialAction\":[{\"@type\":\"ReadAction\",\"target\":[\"https:\\\/\\\/roxannebedardartiste.com\\\/produit\\\/force-interieure-et-epanouissement-aquarelle\\\/\"]}]},{\"@type\":\"ImageObject\",\"inLanguage\":\"en-CA\",\"@id\":\"https:\\\/\\\/roxannebedardartiste.com\\\/produit\\\/force-interieure-et-epanouissement-aquarelle\\\/#primaryimage\",\"url\":\"https:\\\/\\\/roxannebedardartiste.com\\\/wp-content\\\/uploads\\\/2026\\\/03\\\/Magnolias-en-fleurs-aquarelle-scaled-e1773013280272.jpg\",\"contentUrl\":\"https:\\\/\\\/roxannebedardartiste.com\\\/wp-content\\\/uploads\\\/2026\\\/03\\\/Magnolias-en-fleurs-aquarelle-scaled-e1773013280272.jpg\",\"width\":1984,\"height\":2462},{\"@type\":\"BreadcrumbList\",\"@id\":\"https:\\\/\\\/roxannebedardartiste.com\\\/produit\\\/force-interieure-et-epanouissement-aquarelle\\\/#breadcrumb\",\"itemListElement\":[{\"@type\":\"ListItem\",\"position\":1,\"name\":\"Home\",\"item\":\"https:\\\/\\\/roxannebedardartiste.com\\\/\"},{\"@type\":\"ListItem\",\"position\":2,\"name\":\"Boutique\",\"item\":\"https:\\\/\\\/roxannebedardartiste.com\\\/boutique\\\/\"},{\"@type\":\"ListItem\",\"position\":3,\"name\":\"La Force qui porte &#8211; Reproduction aquarelle\"}]},{\"@type\":\"WebSite\",\"@id\":\"https:\\\/\\\/roxannebedardartiste.com\\\/#website\",\"url\":\"https:\\\/\\\/roxannebedardartiste.com\\\/\",\"name\":\"Roxanne B\u00e9dard Artiste\",\"description\":\"\",\"potentialAction\":[{\"@type\":\"SearchAction\",\"target\":{\"@type\":\"EntryPoint\",\"urlTemplate\":\"https:\\\/\\\/roxannebedardartiste.com\\\/?s={search_term_string}\"},\"query-input\":{\"@type\":\"PropertyValueSpecification\",\"valueRequired\":true,\"valueName\":\"search_term_string\"}}],\"inLanguage\":\"en-CA\"}]}<\/script>\n<!-- \/ Yoast SEO plugin. -->","yoast_head_json":{"title":"La Force qui porte - Reproduction aquarelle - Roxanne B\u00e9dard Artiste","description":"Aquarelle symbolique sur la force int\u00e9rieure et l\u2019\u00e9panouissement f\u00e9minin. Reproduction d\u2019art en \u00e9dition limit\u00e9e, sign\u00e9e et num\u00e9rot\u00e9e.","robots":{"index":"index","follow":"follow","max-snippet":"max-snippet:-1","max-image-preview":"max-image-preview:large","max-video-preview":"max-video-preview:-1"},"canonical":"https:\/\/roxannebedardartiste.com\/en_ca\/product\/force-interieure-et-epanouissement-aquarelle\/","og_locale":"en_US","og_type":"article","og_title":"La Force qui porte - Reproduction aquarelle - Roxanne B\u00e9dard Artiste","og_description":"Aquarelle symbolique sur la force int\u00e9rieure et l\u2019\u00e9panouissement f\u00e9minin. Reproduction d\u2019art en \u00e9dition limit\u00e9e, sign\u00e9e et num\u00e9rot\u00e9e.","og_url":"https:\/\/roxannebedardartiste.com\/en_ca\/product\/force-interieure-et-epanouissement-aquarelle\/","og_site_name":"Roxanne B\u00e9dard Artiste","article_modified_time":"2026-04-04T22:20:16+00:00","og_image":[{"width":1984,"height":2462,"url":"https:\/\/roxannebedardartiste.com\/wp-content\/uploads\/2026\/03\/Magnolias-en-fleurs-aquarelle-scaled-e1773013280272.jpg","type":"image\/jpeg"}],"twitter_card":"summary_large_image","twitter_misc":{"Est. reading time":"2 minutes"},"schema":{"@context":"https:\/\/schema.org","@graph":[{"@type":"WebPage","@id":"https:\/\/roxannebedardartiste.com\/produit\/force-interieure-et-epanouissement-aquarelle\/","url":"https:\/\/roxannebedardartiste.com\/produit\/force-interieure-et-epanouissement-aquarelle\/","name":"La Force qui porte - Reproduction aquarelle - Roxanne B\u00e9dard Artiste","isPartOf":{"@id":"https:\/\/roxannebedardartiste.com\/#website"},"primaryImageOfPage":{"@id":"https:\/\/roxannebedardartiste.com\/produit\/force-interieure-et-epanouissement-aquarelle\/#primaryimage"},"image":{"@id":"https:\/\/roxannebedardartiste.com\/produit\/force-interieure-et-epanouissement-aquarelle\/#primaryimage"},"thumbnailUrl":"https:\/\/roxannebedardartiste.com\/wp-content\/uploads\/2026\/03\/Magnolias-en-fleurs-aquarelle-scaled-e1773013280272.jpg","datePublished":"2026-03-08T17:40:44+00:00","dateModified":"2026-04-04T22:20:16+00:00","description":"Aquarelle symbolique sur la force int\u00e9rieure et l\u2019\u00e9panouissement f\u00e9minin. Reproduction d\u2019art en \u00e9dition limit\u00e9e, sign\u00e9e et num\u00e9rot\u00e9e.","breadcrumb":{"@id":"https:\/\/roxannebedardartiste.com\/produit\/force-interieure-et-epanouissement-aquarelle\/#breadcrumb"},"inLanguage":"en-CA","potentialAction":[{"@type":"ReadAction","target":["https:\/\/roxannebedardartiste.com\/produit\/force-interieure-et-epanouissement-aquarelle\/"]}]},{"@type":"ImageObject","inLanguage":"en-CA","@id":"https:\/\/roxannebedardartiste.com\/produit\/force-interieure-et-epanouissement-aquarelle\/#primaryimage","url":"https:\/\/roxannebedardartiste.com\/wp-content\/uploads\/2026\/03\/Magnolias-en-fleurs-aquarelle-scaled-e1773013280272.jpg","contentUrl":"https:\/\/roxannebedardartiste.com\/wp-content\/uploads\/2026\/03\/Magnolias-en-fleurs-aquarelle-scaled-e1773013280272.jpg","width":1984,"height":2462},{"@type":"BreadcrumbList","@id":"https:\/\/roxannebedardartiste.com\/produit\/force-interieure-et-epanouissement-aquarelle\/#breadcrumb","itemListElement":[{"@type":"ListItem","position":1,"name":"Home","item":"https:\/\/roxannebedardartiste.com\/"},{"@type":"ListItem","position":2,"name":"Boutique","item":"https:\/\/roxannebedardartiste.com\/boutique\/"},{"@type":"ListItem","position":3,"name":"La Force qui porte &#8211; Reproduction aquarelle"}]},{"@type":"WebSite","@id":"https:\/\/roxannebedardartiste.com\/#website","url":"https:\/\/roxannebedardartiste.com\/","name":"Roxanne B\u00e9dard Artiste","description":"","potentialAction":[{"@type":"SearchAction","target":{"@type":"EntryPoint","urlTemplate":"https:\/\/roxannebedardartiste.com\/?s={search_term_string}"},"query-input":{"@type":"PropertyValueSpecification","valueRequired":true,"valueName":"search_term_string"}}],"inLanguage":"en-CA"}]}},"_links":{"self":[{"href":"https:\/\/roxannebedardartiste.com\/en_ca\/wp-json\/wp\/v2\/product\/112261","targetHints":{"allow":["GET"]}}],"collection":[{"href":"https:\/\/roxannebedardartiste.com\/en_ca\/wp-json\/wp\/v2\/product"}],"about":[{"href":"https:\/\/roxannebedardartiste.com\/en_ca\/wp-json\/wp\/v2\/types\/product"}],"replies":[{"embeddable":true,"href":"https:\/\/roxannebedardartiste.com\/en_ca\/wp-json\/wp\/v2\/comments?post=112261"}],"wp:featuredmedia":[{"embeddable":true,"href":"https:\/\/roxannebedardartiste.com\/en_ca\/wp-json\/wp\/v2\/media\/112323"}],"wp:attachment":[{"href":"https:\/\/roxannebedardartiste.com\/en_ca\/wp-json\/wp\/v2\/media?parent=112261"}],"wp:term":[{"taxonomy":"product_brand","embeddable":true,"href":"https:\/\/roxannebedardartiste.com\/en_ca\/wp-json\/wp\/v2\/product_brand?post=112261"},{"taxonomy":"product_cat","embeddable":true,"href":"https:\/\/roxannebedardartiste.com\/en_ca\/wp-json\/wp\/v2\/product_cat?post=112261"},{"taxonomy":"product_tag","embeddable":true,"href":"https:\/\/roxannebedardartiste.com\/en_ca\/wp-json\/wp\/v2\/product_tag?post=112261"}],"curies":[{"name":"wp","href":"https:\/\/api.w.org\/{rel}","templated":true}]}}