{"id":112287,"date":"2026-03-08T17:37:01","date_gmt":"2026-03-08T21:37:01","guid":{"rendered":"https:\/\/roxannebedardartiste.com\/?post_type=product&#038;p=112287"},"modified":"2026-04-04T18:18:17","modified_gmt":"2026-04-04T22:18:17","slug":"aquarelle-moments-precieux","status":"publish","type":"product","link":"https:\/\/roxannebedardartiste.com\/en_ca\/produit\/aquarelle-moments-precieux\/","title":{"rendered":"The Offering of Time \u2013 Poetic Watercolor Reproduction of a Gifted Bloom"},"content":{"rendered":"<h3 data-section-id=\"148qev7\" data-start=\"2420\" data-end=\"2445\">The Offering of Time<\/h3>\n<p data-start=\"261\" data-end=\"419\">In this soft and luminous watercolor, a hand offers a delicate flower.<br data-start=\"336\" data-end=\"339\" \/>A simple, sincere gesture that evokes the beauty of moments offered from the heart.<\/p>\n<p data-start=\"421\" data-end=\"615\">The flower, fragile and radiant, becomes a symbol of those precious moments we choose to share \u2014 a suspended instant where tenderness, presence, and generosity take on their full meaning.<\/p>\n<p data-start=\"617\" data-end=\"743\">A piece that reminds you to cherish simple gestures, fleeting moments, and the beauty of things given with sincerity.<\/p>\n<p data-start=\"745\" data-end=\"845\"><em data-start=\"745\" data-end=\"845\">A daily reminder that the most beautiful moments are often the ones we choose to offer.<\/em><\/p>\n<h3 data-section-id=\"1f9yl3e\" data-start=\"2599\" data-end=\"2642\">Limited Edition Art Print<\/h3>\n<p data-start=\"681\" data-end=\"796\">\u2022 5 prints <strong data-start=\"699\" data-end=\"711\">5 x 7 in<\/strong><br data-start=\"711\" data-end=\"714\" \/>\u2022 5 prints <strong data-start=\"732\" data-end=\"746\">13 x 19 in<\/strong><br data-start=\"746\" data-end=\"749\" \/>\u2022 Each print is <strong data-start=\"773\" data-end=\"796\">signed and numbered<\/strong><\/p>\n<p data-start=\"798\" data-end=\"878\">A white border of approximately <strong data-start=\"828\" data-end=\"836\">1 cm<\/strong> is included to make framing easier.<\/p>\n<p data-start=\"880\" data-end=\"1001\">Only <strong data-start=\"890\" data-end=\"910\">10 prints<\/strong> will be offered for this artwork.<br data-start=\"944\" data-end=\"947\" \/>Once sold out, this edition will no longer be printed.<\/p>\n<h3 data-section-id=\"an91t4\" data-start=\"2847\" data-end=\"2884\"><\/h3>\n<h3 data-section-id=\"an91t4\" data-start=\"2847\" data-end=\"2884\">Premium Fine Art Print<\/h3>\n<p data-start=\"1048\" data-end=\"1135\">Printed on <strong data-start=\"1061\" data-end=\"1102\">100% cotton archival paper (300 gsm)<\/strong> for exceptional quality.<\/p>\n<p data-start=\"1137\" data-end=\"1254\">\u2022 Rich, deep colors<br data-start=\"1167\" data-end=\"1170\" \/>\u2022 Thick, durable paper<br data-start=\"1195\" data-end=\"1198\" \/>\u2022 Pigment-based inks designed to last for generations<\/p>\n<p data-start=\"1256\" data-end=\"1373\">A print created to stand the test of time \u2014 and perhaps one day pass this gentle message on to those you love.<\/p>\n<h3 data-section-id=\"421ppi\" data-start=\"3098\" data-end=\"3114\"><\/h3>\n<h3 data-section-id=\"421ppi\" data-start=\"3098\" data-end=\"3114\">Shipping<\/h3>\n<p data-start=\"3115\" data-end=\"3163\">Each artwork is printed and carefully prepared for a meaningful arrival.<\/p>\n<p data-start=\"3165\" data-end=\"3213\"><strong data-start=\"3165\" data-end=\"3213\">Delivery time: 10\u201314 business days<\/strong><\/p>\n<p data-start=\"3165\" data-end=\"3213\"><em>Because moments offered from the heart deserve to be honored.<\/em><\/p>\n<p data-start=\"3165\" data-end=\"3213\">xoxo Roxanne<\/p>","protected":false},"excerpt":{"rendered":"<p>L&rsquo;Offrande du temps Dans cette aquarelle douce et lumineuse, une main offre une fleur d\u00e9licate.Un geste simple, sinc\u00e8re, qui \u00e9voque la beaut\u00e9 des moments offerts avec le c\u0153ur. La fleur, fragile et lumineuse, devient le symbole de ces instants pr\u00e9cieux que l\u2019on choisit de partager \u2014 un moment suspendu o\u00f9 la douceur, la pr\u00e9sence et [&hellip;]<\/p>\n","protected":false},"featured_media":111858,"comment_status":"closed","ping_status":"closed","template":"","meta":{"give_campaign_id":0},"product_brand":[],"product_cat":[223],"product_tag":[130,76,160,84,77,94,113,146,95,88,199,86,129,158,114,229,161,104,78,194,118,163,83,138,234,89,74,192,135,264,228,133,87,231,148,134,242,75,203,90,144,109,73],"class_list":{"0":"post-112287","1":"product","2":"type-product","3":"status-publish","4":"has-post-thumbnail","6":"product_cat-les-porteuses","7":"product_tag-achat-local","8":"product_tag-affiche","9":"product_tag-amour-de-soi","10":"product_tag-aquarelle","11":"product_tag-art","12":"product_tag-art-contemporain","13":"product_tag-art-engage","14":"product_tag-art-local","15":"product_tag-art-mural","16":"product_tag-art-quebecois","17":"product_tag-art-significatif","18":"product_tag-artiste","19":"product_tag-artiste-quebecois","20":"product_tag-artiste-quebecoise","21":"product_tag-beaute","22":"product_tag-cadeau","23":"product_tag-confiance-en-soi","24":"product_tag-couleurs-neutres","25":"product_tag-decoration","26":"product_tag-decoration-murale","27":"product_tag-douceur","28":"product_tag-feminin","29":"product_tag-femme","30":"product_tag-fleur","31":"product_tag-freesia","32":"product_tag-handmade","33":"product_tag-home-decor","34":"product_tag-illustration","35":"product_tag-impression","36":"product_tag-jaune","37":"product_tag-main","38":"product_tag-meaningful-art","39":"product_tag-oeuvre","40":"product_tag-offrande","41":"product_tag-pastel","42":"product_tag-peinture","43":"product_tag-porteuse","44":"product_tag-poster","45":"product_tag-print","46":"product_tag-reproduction","47":"product_tag-reproduction-aquarelle","48":"product_tag-self-love","49":"product_tag-wall-art","51":"first","52":"instock","53":"taxable","54":"shipping-taxable","55":"purchasable","56":"product-type-variable"},"yoast_head":"<!-- This site is optimized with the Yoast SEO plugin v27.6 - https:\/\/yoast.com\/product\/yoast-seo-wordpress\/ -->\n<title>L\u2019Offrande du temps \u2013 Reproduction aquarelle po\u00e9tique de fleur offerte - Roxanne B\u00e9dard Artiste<\/title>\n<meta name=\"description\" content=\"Aquarelle d&#039;une fleur offerte, symbole des moments pr\u00e9cieux que l&#039;on choisit de partager.\" \/>\n<meta name=\"robots\" content=\"index, follow, max-snippet:-1, max-image-preview:large, max-video-preview:-1\" \/>\n<link rel=\"canonical\" href=\"https:\/\/roxannebedardartiste.com\/en_ca\/product\/aquarelle-moments-precieux\/\" \/>\n<meta property=\"og:locale\" content=\"en_US\" \/>\n<meta property=\"og:type\" content=\"article\" \/>\n<meta property=\"og:title\" content=\"L\u2019Offrande du temps \u2013 Reproduction aquarelle po\u00e9tique de fleur offerte - Roxanne B\u00e9dard Artiste\" \/>\n<meta property=\"og:description\" content=\"Aquarelle d&#039;une fleur offerte, symbole des moments pr\u00e9cieux que l&#039;on choisit de partager.\" \/>\n<meta property=\"og:url\" content=\"https:\/\/roxannebedardartiste.com\/en_ca\/product\/aquarelle-moments-precieux\/\" \/>\n<meta property=\"og:site_name\" content=\"Roxanne B\u00e9dard Artiste\" \/>\n<meta property=\"article:modified_time\" content=\"2026-04-04T22:18:17+00:00\" \/>\n<meta property=\"og:image\" content=\"https:\/\/roxannebedardartiste.com\/wp-content\/uploads\/2025\/11\/f7623e60-be74-11f0-b209-b76ab69335ec-scaled.jpg\" \/>\n\t<meta property=\"og:image:width\" content=\"2051\" \/>\n\t<meta property=\"og:image:height\" content=\"2560\" \/>\n\t<meta property=\"og:image:type\" content=\"image\/jpeg\" \/>\n<meta name=\"twitter:card\" content=\"summary_large_image\" \/>\n<meta name=\"twitter:label1\" content=\"Est. reading time\" \/>\n\t<meta name=\"twitter:data1\" content=\"2 minutes\" \/>\n<script type=\"application\/ld+json\" class=\"yoast-schema-graph\">{\"@context\":\"https:\\\/\\\/schema.org\",\"@graph\":[{\"@type\":\"WebPage\",\"@id\":\"https:\\\/\\\/roxannebedardartiste.com\\\/produit\\\/aquarelle-moments-precieux\\\/\",\"url\":\"https:\\\/\\\/roxannebedardartiste.com\\\/produit\\\/aquarelle-moments-precieux\\\/\",\"name\":\"L\u2019Offrande du temps \u2013 Reproduction aquarelle po\u00e9tique de fleur offerte - Roxanne B\u00e9dard Artiste\",\"isPartOf\":{\"@id\":\"https:\\\/\\\/roxannebedardartiste.com\\\/#website\"},\"primaryImageOfPage\":{\"@id\":\"https:\\\/\\\/roxannebedardartiste.com\\\/produit\\\/aquarelle-moments-precieux\\\/#primaryimage\"},\"image\":{\"@id\":\"https:\\\/\\\/roxannebedardartiste.com\\\/produit\\\/aquarelle-moments-precieux\\\/#primaryimage\"},\"thumbnailUrl\":\"https:\\\/\\\/roxannebedardartiste.com\\\/wp-content\\\/uploads\\\/2025\\\/11\\\/f7623e60-be74-11f0-b209-b76ab69335ec-scaled.jpg\",\"datePublished\":\"2026-03-08T21:37:01+00:00\",\"dateModified\":\"2026-04-04T22:18:17+00:00\",\"description\":\"Aquarelle d'une fleur offerte, symbole des moments pr\u00e9cieux que l'on choisit de partager.\",\"breadcrumb\":{\"@id\":\"https:\\\/\\\/roxannebedardartiste.com\\\/produit\\\/aquarelle-moments-precieux\\\/#breadcrumb\"},\"inLanguage\":\"en-CA\",\"potentialAction\":[{\"@type\":\"ReadAction\",\"target\":[\"https:\\\/\\\/roxannebedardartiste.com\\\/produit\\\/aquarelle-moments-precieux\\\/\"]}]},{\"@type\":\"ImageObject\",\"inLanguage\":\"en-CA\",\"@id\":\"https:\\\/\\\/roxannebedardartiste.com\\\/produit\\\/aquarelle-moments-precieux\\\/#primaryimage\",\"url\":\"https:\\\/\\\/roxannebedardartiste.com\\\/wp-content\\\/uploads\\\/2025\\\/11\\\/f7623e60-be74-11f0-b209-b76ab69335ec-scaled.jpg\",\"contentUrl\":\"https:\\\/\\\/roxannebedardartiste.com\\\/wp-content\\\/uploads\\\/2025\\\/11\\\/f7623e60-be74-11f0-b209-b76ab69335ec-scaled.jpg\",\"width\":2051,\"height\":2560},{\"@type\":\"BreadcrumbList\",\"@id\":\"https:\\\/\\\/roxannebedardartiste.com\\\/produit\\\/aquarelle-moments-precieux\\\/#breadcrumb\",\"itemListElement\":[{\"@type\":\"ListItem\",\"position\":1,\"name\":\"Home\",\"item\":\"https:\\\/\\\/roxannebedardartiste.com\\\/\"},{\"@type\":\"ListItem\",\"position\":2,\"name\":\"Boutique\",\"item\":\"https:\\\/\\\/roxannebedardartiste.com\\\/boutique\\\/\"},{\"@type\":\"ListItem\",\"position\":3,\"name\":\"L\u2019Offrande du temps \u2013 Reproduction aquarelle po\u00e9tique de fleur offerte\"}]},{\"@type\":\"WebSite\",\"@id\":\"https:\\\/\\\/roxannebedardartiste.com\\\/#website\",\"url\":\"https:\\\/\\\/roxannebedardartiste.com\\\/\",\"name\":\"Roxanne B\u00e9dard Artiste\",\"description\":\"\",\"potentialAction\":[{\"@type\":\"SearchAction\",\"target\":{\"@type\":\"EntryPoint\",\"urlTemplate\":\"https:\\\/\\\/roxannebedardartiste.com\\\/?s={search_term_string}\"},\"query-input\":{\"@type\":\"PropertyValueSpecification\",\"valueRequired\":true,\"valueName\":\"search_term_string\"}}],\"inLanguage\":\"en-CA\"}]}<\/script>\n<!-- \/ Yoast SEO plugin. -->","yoast_head_json":{"title":"L\u2019Offrande du temps \u2013 Reproduction aquarelle po\u00e9tique de fleur offerte - Roxanne B\u00e9dard Artiste","description":"Aquarelle d'une fleur offerte, symbole des moments pr\u00e9cieux que l'on choisit de partager.","robots":{"index":"index","follow":"follow","max-snippet":"max-snippet:-1","max-image-preview":"max-image-preview:large","max-video-preview":"max-video-preview:-1"},"canonical":"https:\/\/roxannebedardartiste.com\/en_ca\/product\/aquarelle-moments-precieux\/","og_locale":"en_US","og_type":"article","og_title":"L\u2019Offrande du temps \u2013 Reproduction aquarelle po\u00e9tique de fleur offerte - Roxanne B\u00e9dard Artiste","og_description":"Aquarelle d'une fleur offerte, symbole des moments pr\u00e9cieux que l'on choisit de partager.","og_url":"https:\/\/roxannebedardartiste.com\/en_ca\/product\/aquarelle-moments-precieux\/","og_site_name":"Roxanne B\u00e9dard Artiste","article_modified_time":"2026-04-04T22:18:17+00:00","og_image":[{"width":2051,"height":2560,"url":"https:\/\/roxannebedardartiste.com\/wp-content\/uploads\/2025\/11\/f7623e60-be74-11f0-b209-b76ab69335ec-scaled.jpg","type":"image\/jpeg"}],"twitter_card":"summary_large_image","twitter_misc":{"Est. reading time":"2 minutes"},"schema":{"@context":"https:\/\/schema.org","@graph":[{"@type":"WebPage","@id":"https:\/\/roxannebedardartiste.com\/produit\/aquarelle-moments-precieux\/","url":"https:\/\/roxannebedardartiste.com\/produit\/aquarelle-moments-precieux\/","name":"L\u2019Offrande du temps \u2013 Reproduction aquarelle po\u00e9tique de fleur offerte - Roxanne B\u00e9dard Artiste","isPartOf":{"@id":"https:\/\/roxannebedardartiste.com\/#website"},"primaryImageOfPage":{"@id":"https:\/\/roxannebedardartiste.com\/produit\/aquarelle-moments-precieux\/#primaryimage"},"image":{"@id":"https:\/\/roxannebedardartiste.com\/produit\/aquarelle-moments-precieux\/#primaryimage"},"thumbnailUrl":"https:\/\/roxannebedardartiste.com\/wp-content\/uploads\/2025\/11\/f7623e60-be74-11f0-b209-b76ab69335ec-scaled.jpg","datePublished":"2026-03-08T21:37:01+00:00","dateModified":"2026-04-04T22:18:17+00:00","description":"Aquarelle d'une fleur offerte, symbole des moments pr\u00e9cieux que l'on choisit de partager.","breadcrumb":{"@id":"https:\/\/roxannebedardartiste.com\/produit\/aquarelle-moments-precieux\/#breadcrumb"},"inLanguage":"en-CA","potentialAction":[{"@type":"ReadAction","target":["https:\/\/roxannebedardartiste.com\/produit\/aquarelle-moments-precieux\/"]}]},{"@type":"ImageObject","inLanguage":"en-CA","@id":"https:\/\/roxannebedardartiste.com\/produit\/aquarelle-moments-precieux\/#primaryimage","url":"https:\/\/roxannebedardartiste.com\/wp-content\/uploads\/2025\/11\/f7623e60-be74-11f0-b209-b76ab69335ec-scaled.jpg","contentUrl":"https:\/\/roxannebedardartiste.com\/wp-content\/uploads\/2025\/11\/f7623e60-be74-11f0-b209-b76ab69335ec-scaled.jpg","width":2051,"height":2560},{"@type":"BreadcrumbList","@id":"https:\/\/roxannebedardartiste.com\/produit\/aquarelle-moments-precieux\/#breadcrumb","itemListElement":[{"@type":"ListItem","position":1,"name":"Home","item":"https:\/\/roxannebedardartiste.com\/"},{"@type":"ListItem","position":2,"name":"Boutique","item":"https:\/\/roxannebedardartiste.com\/boutique\/"},{"@type":"ListItem","position":3,"name":"L\u2019Offrande du temps \u2013 Reproduction aquarelle po\u00e9tique de fleur offerte"}]},{"@type":"WebSite","@id":"https:\/\/roxannebedardartiste.com\/#website","url":"https:\/\/roxannebedardartiste.com\/","name":"Roxanne B\u00e9dard Artiste","description":"","potentialAction":[{"@type":"SearchAction","target":{"@type":"EntryPoint","urlTemplate":"https:\/\/roxannebedardartiste.com\/?s={search_term_string}"},"query-input":{"@type":"PropertyValueSpecification","valueRequired":true,"valueName":"search_term_string"}}],"inLanguage":"en-CA"}]}},"_links":{"self":[{"href":"https:\/\/roxannebedardartiste.com\/en_ca\/wp-json\/wp\/v2\/product\/112287","targetHints":{"allow":["GET"]}}],"collection":[{"href":"https:\/\/roxannebedardartiste.com\/en_ca\/wp-json\/wp\/v2\/product"}],"about":[{"href":"https:\/\/roxannebedardartiste.com\/en_ca\/wp-json\/wp\/v2\/types\/product"}],"replies":[{"embeddable":true,"href":"https:\/\/roxannebedardartiste.com\/en_ca\/wp-json\/wp\/v2\/comments?post=112287"}],"wp:featuredmedia":[{"embeddable":true,"href":"https:\/\/roxannebedardartiste.com\/en_ca\/wp-json\/wp\/v2\/media\/111858"}],"wp:attachment":[{"href":"https:\/\/roxannebedardartiste.com\/en_ca\/wp-json\/wp\/v2\/media?parent=112287"}],"wp:term":[{"taxonomy":"product_brand","embeddable":true,"href":"https:\/\/roxannebedardartiste.com\/en_ca\/wp-json\/wp\/v2\/product_brand?post=112287"},{"taxonomy":"product_cat","embeddable":true,"href":"https:\/\/roxannebedardartiste.com\/en_ca\/wp-json\/wp\/v2\/product_cat?post=112287"},{"taxonomy":"product_tag","embeddable":true,"href":"https:\/\/roxannebedardartiste.com\/en_ca\/wp-json\/wp\/v2\/product_tag?post=112287"}],"curies":[{"name":"wp","href":"https:\/\/api.w.org\/{rel}","templated":true}]}}