{"id":112291,"date":"2026-03-08T18:15:54","date_gmt":"2026-03-08T22:15:54","guid":{"rendered":"https:\/\/roxannebedardartiste.com\/?post_type=product&#038;p=112291"},"modified":"2026-03-08T19:36:49","modified_gmt":"2026-03-08T23:36:49","slug":"floraison-leclat-interieur-aquarelle-poetique","status":"publish","type":"product","link":"https:\/\/roxannebedardartiste.com\/en_ca\/produit\/floraison-leclat-interieur-aquarelle-poetique\/","title":{"rendered":"Inner Radiance - Watercolor reproduction"},"content":{"rendered":"<h3 data-section-id=\"1efn0sg\" data-start=\"233\" data-end=\"257\"><strong data-start=\"236\" data-end=\"257\">Inner Radiance<\/strong><\/h3>\n<p data-start=\"259\" data-end=\"444\">In this soft and luminous watercolor, a flower blooms fully, revealing all of its beauty.<br data-start=\"356\" data-end=\"359\" \/>A precious moment where waiting gives way to harvest \u2014 where you finally gather what has grown within you.<\/p>\n<p data-start=\"446\" data-end=\"595\">Its vibrant petals evoke the beauty of what has grown inside you over time \u2014 what you have nurtured and what can now find its full expression.<\/p>\n<p data-start=\"597\" data-end=\"736\">A piece that reminds you to honor your journey, to gather the fruits of your growth, and to let what already lives within you shine.<\/p>\n<p data-start=\"738\" data-end=\"804\"><em data-start=\"738\" data-end=\"804\">A daily reminder that what grows within you deserves to shine.<\/em><\/p>\n<h3 data-start=\"738\" data-end=\"804\"><strong data-start=\"815\" data-end=\"856\">Limited Edition Art Print<\/strong><\/h3>\n<p data-start=\"858\" data-end=\"973\">\u2022 5 prints <strong data-start=\"876\" data-end=\"888\">5 x 7 in<\/strong><br data-start=\"888\" data-end=\"891\" \/>\u2022 5 prints <strong data-start=\"909\" data-end=\"923\">11 x 14 in<\/strong><br data-start=\"923\" data-end=\"926\" \/>\u2022 Each print is <strong data-start=\"950\" data-end=\"973\">signed and numbered<\/strong><\/p>\n<p data-start=\"975\" data-end=\"1055\">A white border of approximately <strong data-start=\"1005\" data-end=\"1013\">1 cm<\/strong> is included to make framing easier.<\/p>\n<p data-start=\"1057\" data-end=\"1178\">Only <strong data-start=\"1067\" data-end=\"1087\">10 prints<\/strong> will be offered for this artwork.<br data-start=\"1121\" data-end=\"1124\" \/>Once sold out, this edition will no longer be printed.<\/p>\n<h3 data-section-id=\"6h7mal\" data-start=\"1185\" data-end=\"1223\"><strong data-start=\"1189\" data-end=\"1223\">Premium Fine Art Print<\/strong><\/h3>\n<p data-start=\"1225\" data-end=\"1312\">Printed on <strong data-start=\"1238\" data-end=\"1279\">100% cotton archival paper (300 gsm)<\/strong> for exceptional quality.<\/p>\n<p data-start=\"1314\" data-end=\"1431\">\u2022 Rich, deep colors<br data-start=\"1344\" data-end=\"1347\" \/>\u2022 Thick, durable paper<br data-start=\"1372\" data-end=\"1375\" \/>\u2022 Pigment-based inks designed to last for generations<\/p>\n<p data-start=\"1433\" data-end=\"1550\">A print created to stand the test of time \u2014 and perhaps one day pass this gentle message on to those you love.<\/p>\n<h3 data-section-id=\"i8jyt9\" data-start=\"1557\" data-end=\"1574\"><strong data-start=\"1561\" data-end=\"1574\">Shipping<\/strong><\/h3>\n<p data-start=\"1576\" data-end=\"1649\">Each artwork is printed and carefully prepared for a meaningful arrival.<\/p>\n<p data-start=\"1651\" data-end=\"1699\"><strong data-start=\"1651\" data-end=\"1699\">Delivery time: 10\u201314 business days<\/strong><\/p>\n<p data-start=\"1706\" data-end=\"1761\"><em>Because the light within you deserves to shine.<\/em><\/p>\n<p data-start=\"1763\" data-end=\"1777\">xoxo Roxanne<\/p>","protected":false},"excerpt":{"rendered":"<p>L\u2019\u00c9clat int\u00e9rieur Dans cette aquarelle douce et lumineuse, une fleur fleurit pleinement, r\u00e9v\u00e9lant toute sa beaut\u00e9.Un moment pr\u00e9cieux o\u00f9 l\u2019attente laisse place \u00e0 la r\u00e9colte, o\u00f9 l\u2019on cueille enfin ce qui a grandi en soi. Ses p\u00e9tales vibrants \u00e9voquent la beaut\u00e9 de ce qui a grandit en toi avec le temps \u2014de ce que tu [&hellip;]<\/p>\n","protected":false},"featured_media":111825,"comment_status":"closed","ping_status":"closed","template":"","meta":{"give_campaign_id":0},"product_brand":[],"product_cat":[223],"product_tag":[130,76,160,84,77,94,113,146,95,88,199,86,129,158,114,161,266,104,78,194,118,247,163,83,138,265,89,74,192,135,246,228,133,87,148,134,243,250,267,242,108,75,203,90,144,121,109,73],"class_list":{"0":"post-112291","1":"product","2":"type-product","3":"status-publish","4":"has-post-thumbnail","6":"product_cat-les-porteuses","7":"product_tag-achat-local","8":"product_tag-affiche","9":"product_tag-amour-de-soi","10":"product_tag-aquarelle","11":"product_tag-art","12":"product_tag-art-contemporain","13":"product_tag-art-engage","14":"product_tag-art-local","15":"product_tag-art-mural","16":"product_tag-art-quebecois","17":"product_tag-art-significatif","18":"product_tag-artiste","19":"product_tag-artiste-quebecois","20":"product_tag-artiste-quebecoise","21":"product_tag-beaute","22":"product_tag-confiance-en-soi","23":"product_tag-couleurs","24":"product_tag-couleurs-neutres","25":"product_tag-decoration","26":"product_tag-decoration-murale","27":"product_tag-douceur","28":"product_tag-epanouissement","29":"product_tag-feminin","30":"product_tag-femme","31":"product_tag-fleur","32":"product_tag-floraison","33":"product_tag-handmade","34":"product_tag-home-decor","35":"product_tag-illustration","36":"product_tag-impression","37":"product_tag-lumiere","38":"product_tag-main","39":"product_tag-meaningful-art","40":"product_tag-oeuvre","41":"product_tag-pastel","42":"product_tag-peinture","43":"product_tag-petales","44":"product_tag-pivoine","45":"product_tag-plante","46":"product_tag-porteuse","47":"product_tag-positivity","48":"product_tag-poster","49":"product_tag-print","50":"product_tag-reproduction","51":"product_tag-reproduction-aquarelle","52":"product_tag-rose","53":"product_tag-self-love","54":"product_tag-wall-art","56":"first","57":"instock","58":"taxable","59":"shipping-taxable","60":"purchasable","61":"product-type-variable"},"yoast_head":"<!-- This site is optimized with the Yoast SEO plugin v27.6 - https:\/\/yoast.com\/product\/yoast-seo-wordpress\/ -->\n<title>L&#039;\u00c9clat int\u00e9rieur - Reproduction aquarelle - Roxanne B\u00e9dard Artiste<\/title>\n<meta name=\"description\" content=\"L\u2019\u00c9clat int\u00e9rieur \u2013 Une aquarelle po\u00e9tique de fleur en floraison, symbole d\u2019\u00e9panouissement, de lumi\u00e8re et de renouveau. Invitation \u00e0 rayonner pleinement.\" \/>\n<meta name=\"robots\" content=\"index, follow, max-snippet:-1, max-image-preview:large, max-video-preview:-1\" \/>\n<link rel=\"canonical\" href=\"https:\/\/roxannebedardartiste.com\/en_ca\/product\/floraison-leclat-interieur-aquarelle-poetique\/\" \/>\n<meta property=\"og:locale\" content=\"en_US\" \/>\n<meta property=\"og:type\" content=\"article\" \/>\n<meta property=\"og:title\" content=\"L&#039;\u00c9clat int\u00e9rieur - Reproduction aquarelle - Roxanne B\u00e9dard Artiste\" \/>\n<meta property=\"og:description\" content=\"L\u2019\u00c9clat int\u00e9rieur \u2013 Une aquarelle po\u00e9tique de fleur en floraison, symbole d\u2019\u00e9panouissement, de lumi\u00e8re et de renouveau. Invitation \u00e0 rayonner pleinement.\" \/>\n<meta property=\"og:url\" content=\"https:\/\/roxannebedardartiste.com\/en_ca\/product\/floraison-leclat-interieur-aquarelle-poetique\/\" \/>\n<meta property=\"og:site_name\" content=\"Roxanne B\u00e9dard Artiste\" \/>\n<meta property=\"article:modified_time\" content=\"2026-03-08T23:36:49+00:00\" \/>\n<meta property=\"og:image\" content=\"https:\/\/roxannebedardartiste.com\/wp-content\/uploads\/2025\/09\/80084e20-b4df-11f0-ac87-81e569e1740f-scaled.jpg\" \/>\n\t<meta property=\"og:image:width\" content=\"2051\" \/>\n\t<meta property=\"og:image:height\" content=\"2560\" \/>\n\t<meta property=\"og:image:type\" content=\"image\/jpeg\" \/>\n<meta name=\"twitter:card\" content=\"summary_large_image\" \/>\n<meta name=\"twitter:label1\" content=\"Est. reading time\" \/>\n\t<meta name=\"twitter:data1\" content=\"2 minutes\" \/>\n<script type=\"application\/ld+json\" class=\"yoast-schema-graph\">{\"@context\":\"https:\\\/\\\/schema.org\",\"@graph\":[{\"@type\":\"WebPage\",\"@id\":\"https:\\\/\\\/roxannebedardartiste.com\\\/produit\\\/floraison-leclat-interieur-aquarelle-poetique\\\/\",\"url\":\"https:\\\/\\\/roxannebedardartiste.com\\\/produit\\\/floraison-leclat-interieur-aquarelle-poetique\\\/\",\"name\":\"L'\u00c9clat int\u00e9rieur - Reproduction aquarelle - Roxanne B\u00e9dard Artiste\",\"isPartOf\":{\"@id\":\"https:\\\/\\\/roxannebedardartiste.com\\\/#website\"},\"primaryImageOfPage\":{\"@id\":\"https:\\\/\\\/roxannebedardartiste.com\\\/produit\\\/floraison-leclat-interieur-aquarelle-poetique\\\/#primaryimage\"},\"image\":{\"@id\":\"https:\\\/\\\/roxannebedardartiste.com\\\/produit\\\/floraison-leclat-interieur-aquarelle-poetique\\\/#primaryimage\"},\"thumbnailUrl\":\"https:\\\/\\\/roxannebedardartiste.com\\\/wp-content\\\/uploads\\\/2025\\\/09\\\/80084e20-b4df-11f0-ac87-81e569e1740f-scaled.jpg\",\"datePublished\":\"2026-03-08T22:15:54+00:00\",\"dateModified\":\"2026-03-08T23:36:49+00:00\",\"description\":\"L\u2019\u00c9clat int\u00e9rieur \u2013 Une aquarelle po\u00e9tique de fleur en floraison, symbole d\u2019\u00e9panouissement, de lumi\u00e8re et de renouveau. Invitation \u00e0 rayonner pleinement.\",\"breadcrumb\":{\"@id\":\"https:\\\/\\\/roxannebedardartiste.com\\\/produit\\\/floraison-leclat-interieur-aquarelle-poetique\\\/#breadcrumb\"},\"inLanguage\":\"en-CA\",\"potentialAction\":[{\"@type\":\"ReadAction\",\"target\":[\"https:\\\/\\\/roxannebedardartiste.com\\\/produit\\\/floraison-leclat-interieur-aquarelle-poetique\\\/\"]}]},{\"@type\":\"ImageObject\",\"inLanguage\":\"en-CA\",\"@id\":\"https:\\\/\\\/roxannebedardartiste.com\\\/produit\\\/floraison-leclat-interieur-aquarelle-poetique\\\/#primaryimage\",\"url\":\"https:\\\/\\\/roxannebedardartiste.com\\\/wp-content\\\/uploads\\\/2025\\\/09\\\/80084e20-b4df-11f0-ac87-81e569e1740f-scaled.jpg\",\"contentUrl\":\"https:\\\/\\\/roxannebedardartiste.com\\\/wp-content\\\/uploads\\\/2025\\\/09\\\/80084e20-b4df-11f0-ac87-81e569e1740f-scaled.jpg\",\"width\":2051,\"height\":2560,\"caption\":\"L\u2019\u00c9clat int\u00e9rieur \ud83c\udf38 Symbole d\u2019\u00e9panouissement et de lumi\u00e8re retrouv\u00e9e, cette aquarelle c\u00e9l\u00e8bre le moment o\u00f9 l\u2019on cueille enfin ce qui a grandi en soi. Un rappel doux et lumineux que la beaut\u00e9 du renouveau se trouve aussi \u00e0 l\u2019int\u00e9rieur.\"},{\"@type\":\"BreadcrumbList\",\"@id\":\"https:\\\/\\\/roxannebedardartiste.com\\\/produit\\\/floraison-leclat-interieur-aquarelle-poetique\\\/#breadcrumb\",\"itemListElement\":[{\"@type\":\"ListItem\",\"position\":1,\"name\":\"Home\",\"item\":\"https:\\\/\\\/roxannebedardartiste.com\\\/\"},{\"@type\":\"ListItem\",\"position\":2,\"name\":\"Boutique\",\"item\":\"https:\\\/\\\/roxannebedardartiste.com\\\/boutique\\\/\"},{\"@type\":\"ListItem\",\"position\":3,\"name\":\"L&rsquo;\u00c9clat int\u00e9rieur &#8211; Reproduction aquarelle\"}]},{\"@type\":\"WebSite\",\"@id\":\"https:\\\/\\\/roxannebedardartiste.com\\\/#website\",\"url\":\"https:\\\/\\\/roxannebedardartiste.com\\\/\",\"name\":\"Roxanne B\u00e9dard Artiste\",\"description\":\"\",\"potentialAction\":[{\"@type\":\"SearchAction\",\"target\":{\"@type\":\"EntryPoint\",\"urlTemplate\":\"https:\\\/\\\/roxannebedardartiste.com\\\/?s={search_term_string}\"},\"query-input\":{\"@type\":\"PropertyValueSpecification\",\"valueRequired\":true,\"valueName\":\"search_term_string\"}}],\"inLanguage\":\"en-CA\"}]}<\/script>\n<!-- \/ Yoast SEO plugin. -->","yoast_head_json":{"title":"L'\u00c9clat int\u00e9rieur - Reproduction aquarelle - Roxanne B\u00e9dard Artiste","description":"L\u2019\u00c9clat int\u00e9rieur \u2013 Une aquarelle po\u00e9tique de fleur en floraison, symbole d\u2019\u00e9panouissement, de lumi\u00e8re et de renouveau. Invitation \u00e0 rayonner pleinement.","robots":{"index":"index","follow":"follow","max-snippet":"max-snippet:-1","max-image-preview":"max-image-preview:large","max-video-preview":"max-video-preview:-1"},"canonical":"https:\/\/roxannebedardartiste.com\/en_ca\/product\/floraison-leclat-interieur-aquarelle-poetique\/","og_locale":"en_US","og_type":"article","og_title":"L'\u00c9clat int\u00e9rieur - Reproduction aquarelle - Roxanne B\u00e9dard Artiste","og_description":"L\u2019\u00c9clat int\u00e9rieur \u2013 Une aquarelle po\u00e9tique de fleur en floraison, symbole d\u2019\u00e9panouissement, de lumi\u00e8re et de renouveau. Invitation \u00e0 rayonner pleinement.","og_url":"https:\/\/roxannebedardartiste.com\/en_ca\/product\/floraison-leclat-interieur-aquarelle-poetique\/","og_site_name":"Roxanne B\u00e9dard Artiste","article_modified_time":"2026-03-08T23:36:49+00:00","og_image":[{"width":2051,"height":2560,"url":"https:\/\/roxannebedardartiste.com\/wp-content\/uploads\/2025\/09\/80084e20-b4df-11f0-ac87-81e569e1740f-scaled.jpg","type":"image\/jpeg"}],"twitter_card":"summary_large_image","twitter_misc":{"Est. reading time":"2 minutes"},"schema":{"@context":"https:\/\/schema.org","@graph":[{"@type":"WebPage","@id":"https:\/\/roxannebedardartiste.com\/produit\/floraison-leclat-interieur-aquarelle-poetique\/","url":"https:\/\/roxannebedardartiste.com\/produit\/floraison-leclat-interieur-aquarelle-poetique\/","name":"L'\u00c9clat int\u00e9rieur - Reproduction aquarelle - Roxanne B\u00e9dard Artiste","isPartOf":{"@id":"https:\/\/roxannebedardartiste.com\/#website"},"primaryImageOfPage":{"@id":"https:\/\/roxannebedardartiste.com\/produit\/floraison-leclat-interieur-aquarelle-poetique\/#primaryimage"},"image":{"@id":"https:\/\/roxannebedardartiste.com\/produit\/floraison-leclat-interieur-aquarelle-poetique\/#primaryimage"},"thumbnailUrl":"https:\/\/roxannebedardartiste.com\/wp-content\/uploads\/2025\/09\/80084e20-b4df-11f0-ac87-81e569e1740f-scaled.jpg","datePublished":"2026-03-08T22:15:54+00:00","dateModified":"2026-03-08T23:36:49+00:00","description":"L\u2019\u00c9clat int\u00e9rieur \u2013 Une aquarelle po\u00e9tique de fleur en floraison, symbole d\u2019\u00e9panouissement, de lumi\u00e8re et de renouveau. Invitation \u00e0 rayonner pleinement.","breadcrumb":{"@id":"https:\/\/roxannebedardartiste.com\/produit\/floraison-leclat-interieur-aquarelle-poetique\/#breadcrumb"},"inLanguage":"en-CA","potentialAction":[{"@type":"ReadAction","target":["https:\/\/roxannebedardartiste.com\/produit\/floraison-leclat-interieur-aquarelle-poetique\/"]}]},{"@type":"ImageObject","inLanguage":"en-CA","@id":"https:\/\/roxannebedardartiste.com\/produit\/floraison-leclat-interieur-aquarelle-poetique\/#primaryimage","url":"https:\/\/roxannebedardartiste.com\/wp-content\/uploads\/2025\/09\/80084e20-b4df-11f0-ac87-81e569e1740f-scaled.jpg","contentUrl":"https:\/\/roxannebedardartiste.com\/wp-content\/uploads\/2025\/09\/80084e20-b4df-11f0-ac87-81e569e1740f-scaled.jpg","width":2051,"height":2560,"caption":"L\u2019\u00c9clat int\u00e9rieur \ud83c\udf38 Symbole d\u2019\u00e9panouissement et de lumi\u00e8re retrouv\u00e9e, cette aquarelle c\u00e9l\u00e8bre le moment o\u00f9 l\u2019on cueille enfin ce qui a grandi en soi. Un rappel doux et lumineux que la beaut\u00e9 du renouveau se trouve aussi \u00e0 l\u2019int\u00e9rieur."},{"@type":"BreadcrumbList","@id":"https:\/\/roxannebedardartiste.com\/produit\/floraison-leclat-interieur-aquarelle-poetique\/#breadcrumb","itemListElement":[{"@type":"ListItem","position":1,"name":"Home","item":"https:\/\/roxannebedardartiste.com\/"},{"@type":"ListItem","position":2,"name":"Boutique","item":"https:\/\/roxannebedardartiste.com\/boutique\/"},{"@type":"ListItem","position":3,"name":"L&rsquo;\u00c9clat int\u00e9rieur &#8211; Reproduction aquarelle"}]},{"@type":"WebSite","@id":"https:\/\/roxannebedardartiste.com\/#website","url":"https:\/\/roxannebedardartiste.com\/","name":"Roxanne B\u00e9dard Artiste","description":"","potentialAction":[{"@type":"SearchAction","target":{"@type":"EntryPoint","urlTemplate":"https:\/\/roxannebedardartiste.com\/?s={search_term_string}"},"query-input":{"@type":"PropertyValueSpecification","valueRequired":true,"valueName":"search_term_string"}}],"inLanguage":"en-CA"}]}},"_links":{"self":[{"href":"https:\/\/roxannebedardartiste.com\/en_ca\/wp-json\/wp\/v2\/product\/112291","targetHints":{"allow":["GET"]}}],"collection":[{"href":"https:\/\/roxannebedardartiste.com\/en_ca\/wp-json\/wp\/v2\/product"}],"about":[{"href":"https:\/\/roxannebedardartiste.com\/en_ca\/wp-json\/wp\/v2\/types\/product"}],"replies":[{"embeddable":true,"href":"https:\/\/roxannebedardartiste.com\/en_ca\/wp-json\/wp\/v2\/comments?post=112291"}],"wp:featuredmedia":[{"embeddable":true,"href":"https:\/\/roxannebedardartiste.com\/en_ca\/wp-json\/wp\/v2\/media\/111825"}],"wp:attachment":[{"href":"https:\/\/roxannebedardartiste.com\/en_ca\/wp-json\/wp\/v2\/media?parent=112291"}],"wp:term":[{"taxonomy":"product_brand","embeddable":true,"href":"https:\/\/roxannebedardartiste.com\/en_ca\/wp-json\/wp\/v2\/product_brand?post=112291"},{"taxonomy":"product_cat","embeddable":true,"href":"https:\/\/roxannebedardartiste.com\/en_ca\/wp-json\/wp\/v2\/product_cat?post=112291"},{"taxonomy":"product_tag","embeddable":true,"href":"https:\/\/roxannebedardartiste.com\/en_ca\/wp-json\/wp\/v2\/product_tag?post=112291"}],"curies":[{"name":"wp","href":"https:\/\/api.w.org\/{rel}","templated":true}]}}