{"id":112312,"date":"2026-03-08T19:20:17","date_gmt":"2026-03-08T23:20:17","guid":{"rendered":"https:\/\/roxannebedardartiste.com\/?post_type=product&#038;p=112312"},"modified":"2026-03-16T10:36:20","modified_gmt":"2026-03-16T14:36:20","slug":"fleurs-sechees","status":"publish","type":"product","link":"https:\/\/roxannebedardartiste.com\/en_ca\/produit\/fleurs-sechees\/","title":{"rendered":"Dried Delights - Watercolor reproduction"},"content":{"rendered":"<h3 data-start=\"192\" data-end=\"443\">Dried Delights<\/h3>\n<p data-start=\"192\" data-end=\"443\">In this soft and luminous watercolor, feminine hands delicately hold a bouquet of dried baby's breath.<br data-start=\"308\" data-end=\"311\" \/>Light and timeless flowers that evoke tenderness, memory, and the beauty of moments that continue to live within you.<\/p>\n<p data-start=\"445\" data-end=\"638\">Their delicate presence reminds you that even as the seasons change, something remains \u2014 the sweetness of a memory, the warmth of experiences lived, and the beauty of what has shaped you.<\/p>\n<p data-start=\"640\" data-end=\"740\">A work that celebrates the poetry of time and the quiet strength of the memories that inhabit your life.<\/p>\n<p data-start=\"742\" data-end=\"827\"><em data-start=\"742\" data-end=\"827\">Your daily reminder that beauty can endure, even when the seasons shift.<\/em><\/p>\n<h3 data-section-id=\"ku9hs2\" data-start=\"834\" data-end=\"879\"><strong data-start=\"838\" data-end=\"879\">Limited Edition Art Print<\/strong><\/h3>\n<p data-start=\"881\" data-end=\"996\">\u2022 5 prints <strong data-start=\"899\" data-end=\"911\">5 x 7 in<\/strong><br data-start=\"911\" data-end=\"914\" \/>\u2022 5 prints <strong data-start=\"932\" data-end=\"946\">13 x 19 in<\/strong><br data-start=\"946\" data-end=\"949\" \/>\u2022 Each print is <strong data-start=\"973\" data-end=\"996\">signed and numbered<\/strong><\/p>\n<p data-start=\"998\" data-end=\"1078\">A white border of approximately <strong data-start=\"1028\" data-end=\"1036\">1 cm<\/strong> is included to make framing easier.<\/p>\n<p data-start=\"1080\" data-end=\"1201\">Only <strong data-start=\"1090\" data-end=\"1110\">10 prints<\/strong> will be offered for this artwork.<br data-start=\"1144\" data-end=\"1147\" \/>Once sold out, this edition will no longer be printed.<\/p>\n<h3 data-section-id=\"6h7mal\" data-start=\"1208\" data-end=\"1246\"><strong data-start=\"1212\" data-end=\"1246\">Premium Fine Art Print<\/strong><\/h3>\n<p data-start=\"1248\" data-end=\"1335\">Printed on <strong data-start=\"1261\" data-end=\"1302\">100% cotton archival paper (300 gsm)<\/strong> for exceptional quality.<\/p>\n<p data-start=\"1337\" data-end=\"1454\">\u2022 Rich, deep colors<br data-start=\"1367\" data-end=\"1370\" \/>\u2022 Thick, durable paper<br data-start=\"1395\" data-end=\"1398\" \/>\u2022 Pigment-based inks designed to last for generations<\/p>\n<p data-start=\"1456\" data-end=\"1573\">A print created to stand the test of time \u2014 and perhaps one day pass this gentle message on to those you love.<\/p>\n<h3 data-section-id=\"i8jyt9\" data-start=\"1580\" data-end=\"1597\"><strong data-start=\"1584\" data-end=\"1597\">Shipping<\/strong><\/h3>\n<p data-start=\"1599\" data-end=\"1672\">Each artwork is printed and carefully prepared for a meaningful arrival.<\/p>\n<p data-start=\"1674\" data-end=\"1722\"><strong data-start=\"1674\" data-end=\"1722\">Delivery time: 10\u201314 business days<\/strong><\/p>\n<p data-start=\"1729\" data-end=\"1938\"><em data-start=\"1729\" data-end=\"1747\">Dried Delights<\/em> is more than a decorative piece: it\u2019s your reminder to slow down, honor the memories that have shaped you, and recognize the beauty that endures, even as the seasons change.<\/p>\n<p data-start=\"1940\" data-end=\"1954\">xoxo Roxanne<\/p>","protected":false},"excerpt":{"rendered":"<p>Douceurs s\u00e9ch\u00e9es Dans cette aquarelle douce et lumineuse, des mains f\u00e9minines tiennent d\u00e9licatement un bouquet de gypsophiles s\u00e9ch\u00e9s.Des fleurs l\u00e9g\u00e8res et intemporelles qui \u00e9voquent la tendresse, la m\u00e9moire et la beaut\u00e9 des instants qui continuent de vivre en toi. Leur pr\u00e9sence d\u00e9licate te rappelle que m\u00eame lorsque les saisons changent, quelque chose demeure \u2014 la [&hellip;]<\/p>\n","protected":false},"featured_media":111775,"comment_status":"closed","ping_status":"closed","template":"","meta":[],"product_brand":[],"product_cat":[223],"product_tag":[130,76,160,84,77,94,113,146,95,88,199,86,129,158,114,226,161,104,78,194,118,163,83,138,225,224,89,74,192,135,277,276,228,133,275,87,148,134,242,82,132,108,75,203,90,144,183,274,109,272,241,204,273,73],"class_list":{"0":"post-112312","1":"product","2":"type-product","3":"status-publish","4":"has-post-thumbnail","6":"product_cat-les-porteuses","7":"product_tag-achat-local","8":"product_tag-affiche","9":"product_tag-amour-de-soi","10":"product_tag-aquarelle","11":"product_tag-art","12":"product_tag-art-contemporain","13":"product_tag-art-engage","14":"product_tag-art-local","15":"product_tag-art-mural","16":"product_tag-art-quebecois","17":"product_tag-art-significatif","18":"product_tag-artiste","19":"product_tag-artiste-quebecois","20":"product_tag-artiste-quebecoise","21":"product_tag-beaute","22":"product_tag-bouquet","23":"product_tag-confiance-en-soi","24":"product_tag-couleurs-neutres","25":"product_tag-decoration","26":"product_tag-decoration-murale","27":"product_tag-douceur","28":"product_tag-feminin","29":"product_tag-femme","30":"product_tag-fleur","31":"product_tag-fleurs-sechees","32":"product_tag-gysophile","33":"product_tag-handmade","34":"product_tag-home-decor","35":"product_tag-illustration","36":"product_tag-impression","37":"product_tag-instant","38":"product_tag-intemporel","39":"product_tag-main","40":"product_tag-meaningful-art","41":"product_tag-memoire","42":"product_tag-oeuvre","43":"product_tag-pastel","44":"product_tag-peinture","45":"product_tag-porteuse","46":"product_tag-portrait","47":"product_tag-portrait-femme","48":"product_tag-positivity","49":"product_tag-poster","50":"product_tag-print","51":"product_tag-reproduction","52":"product_tag-reproduction-aquarelle","53":"product_tag-resilience","54":"product_tag-saisons","55":"product_tag-self-love","56":"product_tag-souvenir","57":"product_tag-temps","58":"product_tag-tendresse","59":"product_tag-vieillir","60":"product_tag-wall-art","62":"first","63":"instock","64":"taxable","65":"shipping-taxable","66":"purchasable","67":"product-type-variable"},"yoast_head":"<!-- This site is optimized with the Yoast SEO plugin v27.3 - https:\/\/yoast.com\/product\/yoast-seo-wordpress\/ -->\n<title>Douceurs s\u00e9ch\u00e9es \u2013 Reproduction aquarelle - Roxanne B\u00e9dard Artiste<\/title>\n<meta name=\"description\" content=\"Reproduction aquarelle de mains f\u00e9minines tenant un bouquet de fleurs s\u00e9ch\u00e9es. Une \u0153uvre douce et po\u00e9tique pour sublimer ton int\u00e9rieur.\" \/>\n<meta name=\"robots\" content=\"index, follow, max-snippet:-1, max-image-preview:large, max-video-preview:-1\" \/>\n<link rel=\"canonical\" href=\"https:\/\/roxannebedardartiste.com\/en_ca\/product\/fleurs-sechees\/\" \/>\n<meta property=\"og:locale\" content=\"en_US\" \/>\n<meta property=\"og:type\" content=\"article\" \/>\n<meta property=\"og:title\" content=\"Douceurs s\u00e9ch\u00e9es \u2013 Reproduction aquarelle - Roxanne B\u00e9dard Artiste\" \/>\n<meta property=\"og:description\" content=\"Reproduction aquarelle de mains f\u00e9minines tenant un bouquet de fleurs s\u00e9ch\u00e9es. Une \u0153uvre douce et po\u00e9tique pour sublimer ton int\u00e9rieur.\" \/>\n<meta property=\"og:url\" content=\"https:\/\/roxannebedardartiste.com\/en_ca\/product\/fleurs-sechees\/\" \/>\n<meta property=\"og:site_name\" content=\"Roxanne B\u00e9dard Artiste\" \/>\n<meta property=\"article:modified_time\" content=\"2026-03-16T14:36:20+00:00\" \/>\n<meta property=\"og:image\" content=\"https:\/\/roxannebedardartiste.com\/wp-content\/uploads\/2025\/08\/c689e500-717a-11f0-b174-edd3c0406a1d-scaled.jpg\" \/>\n\t<meta property=\"og:image:width\" content=\"2051\" \/>\n\t<meta property=\"og:image:height\" content=\"2560\" \/>\n\t<meta property=\"og:image:type\" content=\"image\/jpeg\" \/>\n<meta name=\"twitter:card\" content=\"summary_large_image\" \/>\n<meta name=\"twitter:label1\" content=\"Est. reading time\" \/>\n\t<meta name=\"twitter:data1\" content=\"2 minutes\" \/>\n<script type=\"application\/ld+json\" class=\"yoast-schema-graph\">{\"@context\":\"https:\\\/\\\/schema.org\",\"@graph\":[{\"@type\":\"WebPage\",\"@id\":\"https:\\\/\\\/roxannebedardartiste.com\\\/produit\\\/fleurs-sechees\\\/\",\"url\":\"https:\\\/\\\/roxannebedardartiste.com\\\/produit\\\/fleurs-sechees\\\/\",\"name\":\"Douceurs s\u00e9ch\u00e9es \u2013 Reproduction aquarelle - Roxanne B\u00e9dard Artiste\",\"isPartOf\":{\"@id\":\"https:\\\/\\\/roxannebedardartiste.com\\\/#website\"},\"primaryImageOfPage\":{\"@id\":\"https:\\\/\\\/roxannebedardartiste.com\\\/produit\\\/fleurs-sechees\\\/#primaryimage\"},\"image\":{\"@id\":\"https:\\\/\\\/roxannebedardartiste.com\\\/produit\\\/fleurs-sechees\\\/#primaryimage\"},\"thumbnailUrl\":\"https:\\\/\\\/roxannebedardartiste.com\\\/wp-content\\\/uploads\\\/2025\\\/08\\\/c689e500-717a-11f0-b174-edd3c0406a1d-scaled.jpg\",\"datePublished\":\"2026-03-08T23:20:17+00:00\",\"dateModified\":\"2026-03-16T14:36:20+00:00\",\"description\":\"Reproduction aquarelle de mains f\u00e9minines tenant un bouquet de fleurs s\u00e9ch\u00e9es. Une \u0153uvre douce et po\u00e9tique pour sublimer ton int\u00e9rieur.\",\"breadcrumb\":{\"@id\":\"https:\\\/\\\/roxannebedardartiste.com\\\/produit\\\/fleurs-sechees\\\/#breadcrumb\"},\"inLanguage\":\"en-CA\",\"potentialAction\":[{\"@type\":\"ReadAction\",\"target\":[\"https:\\\/\\\/roxannebedardartiste.com\\\/produit\\\/fleurs-sechees\\\/\"]}]},{\"@type\":\"ImageObject\",\"inLanguage\":\"en-CA\",\"@id\":\"https:\\\/\\\/roxannebedardartiste.com\\\/produit\\\/fleurs-sechees\\\/#primaryimage\",\"url\":\"https:\\\/\\\/roxannebedardartiste.com\\\/wp-content\\\/uploads\\\/2025\\\/08\\\/c689e500-717a-11f0-b174-edd3c0406a1d-scaled.jpg\",\"contentUrl\":\"https:\\\/\\\/roxannebedardartiste.com\\\/wp-content\\\/uploads\\\/2025\\\/08\\\/c689e500-717a-11f0-b174-edd3c0406a1d-scaled.jpg\",\"width\":2051,\"height\":2560,\"caption\":\"Un bouquet de gypsophiles s\u00e9ch\u00e9s, tenu avec douceur comme un souvenir pr\u00e9cieux. Douceurs s\u00e9ch\u00e9es c\u00e9l\u00e8bre la beaut\u00e9 simple et intemporelle des gestes tendres et des instants suspendus.\"},{\"@type\":\"BreadcrumbList\",\"@id\":\"https:\\\/\\\/roxannebedardartiste.com\\\/produit\\\/fleurs-sechees\\\/#breadcrumb\",\"itemListElement\":[{\"@type\":\"ListItem\",\"position\":1,\"name\":\"Home\",\"item\":\"https:\\\/\\\/roxannebedardartiste.com\\\/\"},{\"@type\":\"ListItem\",\"position\":2,\"name\":\"Boutique\",\"item\":\"https:\\\/\\\/roxannebedardartiste.com\\\/boutique\\\/\"},{\"@type\":\"ListItem\",\"position\":3,\"name\":\"Douceurs s\u00e9ch\u00e9es \u2013 Reproduction aquarelle\"}]},{\"@type\":\"WebSite\",\"@id\":\"https:\\\/\\\/roxannebedardartiste.com\\\/#website\",\"url\":\"https:\\\/\\\/roxannebedardartiste.com\\\/\",\"name\":\"Roxanne B\u00e9dard Artiste\",\"description\":\"\",\"potentialAction\":[{\"@type\":\"SearchAction\",\"target\":{\"@type\":\"EntryPoint\",\"urlTemplate\":\"https:\\\/\\\/roxannebedardartiste.com\\\/?s={search_term_string}\"},\"query-input\":{\"@type\":\"PropertyValueSpecification\",\"valueRequired\":true,\"valueName\":\"search_term_string\"}}],\"inLanguage\":\"en-CA\"}]}<\/script>\n<!-- \/ Yoast SEO plugin. -->","yoast_head_json":{"title":"Douceurs s\u00e9ch\u00e9es \u2013 Reproduction aquarelle - Roxanne B\u00e9dard Artiste","description":"Reproduction aquarelle de mains f\u00e9minines tenant un bouquet de fleurs s\u00e9ch\u00e9es. Une \u0153uvre douce et po\u00e9tique pour sublimer ton int\u00e9rieur.","robots":{"index":"index","follow":"follow","max-snippet":"max-snippet:-1","max-image-preview":"max-image-preview:large","max-video-preview":"max-video-preview:-1"},"canonical":"https:\/\/roxannebedardartiste.com\/en_ca\/product\/fleurs-sechees\/","og_locale":"en_US","og_type":"article","og_title":"Douceurs s\u00e9ch\u00e9es \u2013 Reproduction aquarelle - Roxanne B\u00e9dard Artiste","og_description":"Reproduction aquarelle de mains f\u00e9minines tenant un bouquet de fleurs s\u00e9ch\u00e9es. Une \u0153uvre douce et po\u00e9tique pour sublimer ton int\u00e9rieur.","og_url":"https:\/\/roxannebedardartiste.com\/en_ca\/product\/fleurs-sechees\/","og_site_name":"Roxanne B\u00e9dard Artiste","article_modified_time":"2026-03-16T14:36:20+00:00","og_image":[{"width":2051,"height":2560,"url":"https:\/\/roxannebedardartiste.com\/wp-content\/uploads\/2025\/08\/c689e500-717a-11f0-b174-edd3c0406a1d-scaled.jpg","type":"image\/jpeg"}],"twitter_card":"summary_large_image","twitter_misc":{"Est. reading time":"2 minutes"},"schema":{"@context":"https:\/\/schema.org","@graph":[{"@type":"WebPage","@id":"https:\/\/roxannebedardartiste.com\/produit\/fleurs-sechees\/","url":"https:\/\/roxannebedardartiste.com\/produit\/fleurs-sechees\/","name":"Douceurs s\u00e9ch\u00e9es \u2013 Reproduction aquarelle - Roxanne B\u00e9dard Artiste","isPartOf":{"@id":"https:\/\/roxannebedardartiste.com\/#website"},"primaryImageOfPage":{"@id":"https:\/\/roxannebedardartiste.com\/produit\/fleurs-sechees\/#primaryimage"},"image":{"@id":"https:\/\/roxannebedardartiste.com\/produit\/fleurs-sechees\/#primaryimage"},"thumbnailUrl":"https:\/\/roxannebedardartiste.com\/wp-content\/uploads\/2025\/08\/c689e500-717a-11f0-b174-edd3c0406a1d-scaled.jpg","datePublished":"2026-03-08T23:20:17+00:00","dateModified":"2026-03-16T14:36:20+00:00","description":"Reproduction aquarelle de mains f\u00e9minines tenant un bouquet de fleurs s\u00e9ch\u00e9es. Une \u0153uvre douce et po\u00e9tique pour sublimer ton int\u00e9rieur.","breadcrumb":{"@id":"https:\/\/roxannebedardartiste.com\/produit\/fleurs-sechees\/#breadcrumb"},"inLanguage":"en-CA","potentialAction":[{"@type":"ReadAction","target":["https:\/\/roxannebedardartiste.com\/produit\/fleurs-sechees\/"]}]},{"@type":"ImageObject","inLanguage":"en-CA","@id":"https:\/\/roxannebedardartiste.com\/produit\/fleurs-sechees\/#primaryimage","url":"https:\/\/roxannebedardartiste.com\/wp-content\/uploads\/2025\/08\/c689e500-717a-11f0-b174-edd3c0406a1d-scaled.jpg","contentUrl":"https:\/\/roxannebedardartiste.com\/wp-content\/uploads\/2025\/08\/c689e500-717a-11f0-b174-edd3c0406a1d-scaled.jpg","width":2051,"height":2560,"caption":"Un bouquet de gypsophiles s\u00e9ch\u00e9s, tenu avec douceur comme un souvenir pr\u00e9cieux. Douceurs s\u00e9ch\u00e9es c\u00e9l\u00e8bre la beaut\u00e9 simple et intemporelle des gestes tendres et des instants suspendus."},{"@type":"BreadcrumbList","@id":"https:\/\/roxannebedardartiste.com\/produit\/fleurs-sechees\/#breadcrumb","itemListElement":[{"@type":"ListItem","position":1,"name":"Home","item":"https:\/\/roxannebedardartiste.com\/"},{"@type":"ListItem","position":2,"name":"Boutique","item":"https:\/\/roxannebedardartiste.com\/boutique\/"},{"@type":"ListItem","position":3,"name":"Douceurs s\u00e9ch\u00e9es \u2013 Reproduction aquarelle"}]},{"@type":"WebSite","@id":"https:\/\/roxannebedardartiste.com\/#website","url":"https:\/\/roxannebedardartiste.com\/","name":"Roxanne B\u00e9dard Artiste","description":"","potentialAction":[{"@type":"SearchAction","target":{"@type":"EntryPoint","urlTemplate":"https:\/\/roxannebedardartiste.com\/?s={search_term_string}"},"query-input":{"@type":"PropertyValueSpecification","valueRequired":true,"valueName":"search_term_string"}}],"inLanguage":"en-CA"}]}},"_links":{"self":[{"href":"https:\/\/roxannebedardartiste.com\/en_ca\/wp-json\/wp\/v2\/product\/112312","targetHints":{"allow":["GET"]}}],"collection":[{"href":"https:\/\/roxannebedardartiste.com\/en_ca\/wp-json\/wp\/v2\/product"}],"about":[{"href":"https:\/\/roxannebedardartiste.com\/en_ca\/wp-json\/wp\/v2\/types\/product"}],"replies":[{"embeddable":true,"href":"https:\/\/roxannebedardartiste.com\/en_ca\/wp-json\/wp\/v2\/comments?post=112312"}],"wp:featuredmedia":[{"embeddable":true,"href":"https:\/\/roxannebedardartiste.com\/en_ca\/wp-json\/wp\/v2\/media\/111775"}],"wp:attachment":[{"href":"https:\/\/roxannebedardartiste.com\/en_ca\/wp-json\/wp\/v2\/media?parent=112312"}],"wp:term":[{"taxonomy":"product_brand","embeddable":true,"href":"https:\/\/roxannebedardartiste.com\/en_ca\/wp-json\/wp\/v2\/product_brand?post=112312"},{"taxonomy":"product_cat","embeddable":true,"href":"https:\/\/roxannebedardartiste.com\/en_ca\/wp-json\/wp\/v2\/product_cat?post=112312"},{"taxonomy":"product_tag","embeddable":true,"href":"https:\/\/roxannebedardartiste.com\/en_ca\/wp-json\/wp\/v2\/product_tag?post=112312"}],"curies":[{"name":"wp","href":"https:\/\/api.w.org\/{rel}","templated":true}]}}