{"id":112334,"date":"2026-03-16T12:43:11","date_gmt":"2026-03-16T16:43:11","guid":{"rendered":"https:\/\/roxannebedardartiste.com\/?post_type=product&#038;p=112334"},"modified":"2026-04-04T18:17:40","modified_gmt":"2026-04-04T22:17:40","slug":"simplicite-reproduction-aquarelle-florale","status":"publish","type":"product","link":"https:\/\/roxannebedardartiste.com\/en_ca\/produit\/simplicite-reproduction-aquarelle-florale\/","title":{"rendered":"\"Simplicity\" - Watercolor reproduction"},"content":{"rendered":"<h3 data-section-id=\"171qqi8\" data-start=\"1602\" data-end=\"1615\">Simplicity<\/h3>\n<p data-start=\"556\" data-end=\"776\">In this <strong data-start=\"567\" data-end=\"612\">soft and luminous watercolor reproduction<\/strong>, a bunny tail reveals the quiet beauty of natural simplicity.<br data-start=\"679\" data-end=\"682\" \/>Its calm and delicate presence evokes the gentle feeling of being yourself, without needing to do more.<\/p>\n<p data-start=\"778\" data-end=\"886\">This <strong data-start=\"784\" data-end=\"824\">watercolor inspired by simplicity<\/strong> celebrates the beauty of what is authentic, natural, and true.<\/p>\n<p data-start=\"888\" data-end=\"955\"><em data-start=\"888\" data-end=\"955\">A daily reminder that you are already enough, exactly as you are.<\/em><\/p>\n<h3 data-section-id=\"otse6a\" data-start=\"2112\" data-end=\"2153\"><strong>Limited Edition Art Print<\/strong><\/h3>\n<p data-start=\"2155\" data-end=\"2270\">\u2022 5 prints <strong data-start=\"2173\" data-end=\"2185\">5 x 7 in<\/strong><br data-start=\"2185\" data-end=\"2188\" \/>\u2022 5 prints <strong data-start=\"2206\" data-end=\"2220\">12 x 16 in<\/strong><br data-start=\"2220\" data-end=\"2223\" \/>\u2022 Each print is <strong data-start=\"2247\" data-end=\"2270\">signed and numbered<\/strong><\/p>\n<p data-start=\"2272\" data-end=\"2352\">A white border of approximately <strong data-start=\"2302\" data-end=\"2310\">1 cm<\/strong> is included to make framing easier.<\/p>\n<p data-start=\"2354\" data-end=\"2475\">Only <strong data-start=\"2364\" data-end=\"2384\">10 prints<\/strong> will be offered for this artwork.<br data-start=\"2418\" data-end=\"2421\" \/>Once sold out, this edition will no longer be printed.<\/p>\n<h3 data-section-id=\"1x848t9\" data-start=\"2482\" data-end=\"2516\"><strong>Premium Fine Art Print<\/strong><\/h3>\n<p data-start=\"2518\" data-end=\"2605\">Printed on <strong data-start=\"2531\" data-end=\"2572\">100% cotton archival paper (300 gsm)<\/strong> for exceptional quality.<\/p>\n<p data-start=\"2607\" data-end=\"2724\">\u2022 Rich, deep colors<br data-start=\"2637\" data-end=\"2640\" \/>\u2022 Thick, durable paper<br data-start=\"2665\" data-end=\"2668\" \/>\u2022 Pigment-based inks designed to last for generations<\/p>\n<p data-start=\"2726\" data-end=\"2843\">A print created to stand the test of time \u2014 and perhaps one day pass this gentle message on to those you love.<\/p>\n<h3 data-section-id=\"1s6q6wt\" data-start=\"2850\" data-end=\"2863\"><strong>Shipping<\/strong><\/h3>\n<p data-start=\"2865\" data-end=\"2938\">Each artwork is printed and carefully prepared for a meaningful arrival.<\/p>\n<p data-start=\"2940\" data-end=\"2988\"><strong data-start=\"2940\" data-end=\"2988\">Delivery time: 10\u201314 business days<\/strong><\/p>\n<p data-start=\"2995\" data-end=\"3163\"><em data-start=\"2995\" data-end=\"3007\">Simplicity<\/em> is more than a decorative piece \u2014 it is a gentle but essential reminder: you are already enough, exactly as you are.<\/p>\n<p data-start=\"3165\" data-end=\"3179\">xoxo Roxanne<\/p>","protected":false},"excerpt":{"rendered":"<p>Simplicit\u00e9 Dans cette reproduction aquarelle douce et lumineuse, une bunny tail r\u00e9v\u00e8le toute la beaut\u00e9 de la simplicit\u00e9 naturelle.Sa pr\u00e9sence calme et d\u00e9licate \u00e9voque la douceur d\u2019\u00eatre soi, sans avoir besoin d\u2019en faire plus. Cette aquarelle inspir\u00e9e par la simplicit\u00e9 c\u00e9l\u00e8bre la beaut\u00e9 de ce qui est authentique, naturel et vrai. Ton rappel quotidien que [&hellip;]<\/p>\n","protected":false},"featured_media":112337,"comment_status":"closed","ping_status":"closed","template":"","meta":{"give_campaign_id":0},"product_brand":[],"product_cat":[223],"product_tag":[130,76,160,84,77,94,113,146,95,88,199,86,129,158,278,114,269,280,281,282,161,104,78,194,118,163,83,138,279,89,286,287,74,192,135,285,228,133,284,87,148,134,242,108,75,203,283,90,144,109,239,204,73],"class_list":{"0":"post-112334","1":"product","2":"type-product","3":"status-publish","4":"has-post-thumbnail","6":"product_cat-les-porteuses","7":"product_tag-achat-local","8":"product_tag-affiche","9":"product_tag-amour-de-soi","10":"product_tag-aquarelle","11":"product_tag-art","12":"product_tag-art-contemporain","13":"product_tag-art-engage","14":"product_tag-art-local","15":"product_tag-art-mural","16":"product_tag-art-quebecois","17":"product_tag-art-significatif","18":"product_tag-artiste","19":"product_tag-artiste-quebecois","20":"product_tag-artiste-quebecoise","21":"product_tag-authenticite","22":"product_tag-beaute","23":"product_tag-beige","24":"product_tag-ble","25":"product_tag-bunny-tail","26":"product_tag-bunny-tails","27":"product_tag-confiance-en-soi","28":"product_tag-couleurs-neutres","29":"product_tag-decoration","30":"product_tag-decoration-murale","31":"product_tag-douceur","32":"product_tag-feminin","33":"product_tag-femme","34":"product_tag-fleur","35":"product_tag-foin","36":"product_tag-handmade","37":"product_tag-herbe","38":"product_tag-herbe-queue-de-lievre","39":"product_tag-home-decor","40":"product_tag-illustration","41":"product_tag-impression","42":"product_tag-lagure-ovale","43":"product_tag-main","44":"product_tag-meaningful-art","45":"product_tag-moisson","46":"product_tag-oeuvre","47":"product_tag-pastel","48":"product_tag-peinture","49":"product_tag-porteuse","50":"product_tag-positivity","51":"product_tag-poster","52":"product_tag-print","53":"product_tag-printemps","54":"product_tag-reproduction","55":"product_tag-reproduction-aquarelle","56":"product_tag-self-love","57":"product_tag-simplicite","58":"product_tag-tendresse","59":"product_tag-wall-art","61":"first","62":"instock","63":"taxable","64":"shipping-taxable","65":"purchasable","66":"product-type-variable"},"yoast_head":"<!-- This site is optimized with the Yoast SEO plugin v27.6 - https:\/\/yoast.com\/product\/yoast-seo-wordpress\/ -->\n<title>&quot;Simplicit\u00e9&quot; - Reproduction aquarelle - Roxanne B\u00e9dard Artiste<\/title>\n<meta name=\"description\" content=\"Aquarelle florale douce c\u00e9l\u00e9brant la simplicit\u00e9 et l\u2019authenticit\u00e9. Reproduction d\u2019art en \u00e9dition limit\u00e9e, sign\u00e9e et num\u00e9rot\u00e9e.\" \/>\n<meta name=\"robots\" content=\"index, follow, max-snippet:-1, max-image-preview:large, max-video-preview:-1\" \/>\n<link rel=\"canonical\" href=\"https:\/\/roxannebedardartiste.com\/en_ca\/product\/simplicite-reproduction-aquarelle-florale\/\" \/>\n<meta property=\"og:locale\" content=\"en_US\" \/>\n<meta property=\"og:type\" content=\"article\" \/>\n<meta property=\"og:title\" content=\"&quot;Simplicit\u00e9&quot; - Reproduction aquarelle - Roxanne B\u00e9dard Artiste\" \/>\n<meta property=\"og:description\" content=\"Aquarelle florale douce c\u00e9l\u00e9brant la simplicit\u00e9 et l\u2019authenticit\u00e9. Reproduction d\u2019art en \u00e9dition limit\u00e9e, sign\u00e9e et num\u00e9rot\u00e9e.\" \/>\n<meta property=\"og:url\" content=\"https:\/\/roxannebedardartiste.com\/en_ca\/product\/simplicite-reproduction-aquarelle-florale\/\" \/>\n<meta property=\"og:site_name\" content=\"Roxanne B\u00e9dard Artiste\" \/>\n<meta property=\"article:modified_time\" content=\"2026-04-04T22:17:40+00:00\" \/>\n<meta property=\"og:image\" content=\"https:\/\/roxannebedardartiste.com\/wp-content\/uploads\/2026\/03\/78b2f060-214c-11f1-8ef4-bf77ea905f55-scaled.jpg\" \/>\n\t<meta property=\"og:image:width\" content=\"1855\" \/>\n\t<meta property=\"og:image:height\" content=\"2560\" \/>\n\t<meta property=\"og:image:type\" content=\"image\/jpeg\" \/>\n<meta name=\"twitter:card\" content=\"summary_large_image\" \/>\n<meta name=\"twitter:label1\" content=\"Est. reading time\" \/>\n\t<meta name=\"twitter:data1\" content=\"2 minutes\" \/>\n<script type=\"application\/ld+json\" class=\"yoast-schema-graph\">{\"@context\":\"https:\\\/\\\/schema.org\",\"@graph\":[{\"@type\":\"WebPage\",\"@id\":\"https:\\\/\\\/roxannebedardartiste.com\\\/produit\\\/simplicite-reproduction-aquarelle-florale\\\/\",\"url\":\"https:\\\/\\\/roxannebedardartiste.com\\\/produit\\\/simplicite-reproduction-aquarelle-florale\\\/\",\"name\":\"\\\"Simplicit\u00e9\\\" - Reproduction aquarelle - Roxanne B\u00e9dard Artiste\",\"isPartOf\":{\"@id\":\"https:\\\/\\\/roxannebedardartiste.com\\\/#website\"},\"primaryImageOfPage\":{\"@id\":\"https:\\\/\\\/roxannebedardartiste.com\\\/produit\\\/simplicite-reproduction-aquarelle-florale\\\/#primaryimage\"},\"image\":{\"@id\":\"https:\\\/\\\/roxannebedardartiste.com\\\/produit\\\/simplicite-reproduction-aquarelle-florale\\\/#primaryimage\"},\"thumbnailUrl\":\"https:\\\/\\\/roxannebedardartiste.com\\\/wp-content\\\/uploads\\\/2026\\\/03\\\/78b2f060-214c-11f1-8ef4-bf77ea905f55-scaled.jpg\",\"datePublished\":\"2026-03-16T16:43:11+00:00\",\"dateModified\":\"2026-04-04T22:17:40+00:00\",\"description\":\"Aquarelle florale douce c\u00e9l\u00e9brant la simplicit\u00e9 et l\u2019authenticit\u00e9. Reproduction d\u2019art en \u00e9dition limit\u00e9e, sign\u00e9e et num\u00e9rot\u00e9e.\",\"breadcrumb\":{\"@id\":\"https:\\\/\\\/roxannebedardartiste.com\\\/produit\\\/simplicite-reproduction-aquarelle-florale\\\/#breadcrumb\"},\"inLanguage\":\"en-CA\",\"potentialAction\":[{\"@type\":\"ReadAction\",\"target\":[\"https:\\\/\\\/roxannebedardartiste.com\\\/produit\\\/simplicite-reproduction-aquarelle-florale\\\/\"]}]},{\"@type\":\"ImageObject\",\"inLanguage\":\"en-CA\",\"@id\":\"https:\\\/\\\/roxannebedardartiste.com\\\/produit\\\/simplicite-reproduction-aquarelle-florale\\\/#primaryimage\",\"url\":\"https:\\\/\\\/roxannebedardartiste.com\\\/wp-content\\\/uploads\\\/2026\\\/03\\\/78b2f060-214c-11f1-8ef4-bf77ea905f55-scaled.jpg\",\"contentUrl\":\"https:\\\/\\\/roxannebedardartiste.com\\\/wp-content\\\/uploads\\\/2026\\\/03\\\/78b2f060-214c-11f1-8ef4-bf77ea905f55-scaled.jpg\",\"width\":1855,\"height\":2560,\"caption\":\"reproduction aquarelle simplicit\u00e9 bunny tail art floral minimaliste\"},{\"@type\":\"BreadcrumbList\",\"@id\":\"https:\\\/\\\/roxannebedardartiste.com\\\/produit\\\/simplicite-reproduction-aquarelle-florale\\\/#breadcrumb\",\"itemListElement\":[{\"@type\":\"ListItem\",\"position\":1,\"name\":\"Home\",\"item\":\"https:\\\/\\\/roxannebedardartiste.com\\\/\"},{\"@type\":\"ListItem\",\"position\":2,\"name\":\"Boutique\",\"item\":\"https:\\\/\\\/roxannebedardartiste.com\\\/boutique\\\/\"},{\"@type\":\"ListItem\",\"position\":3,\"name\":\"\u00ab\u00a0Simplicit\u00e9\u00a0\u00bb &#8211; Reproduction aquarelle\"}]},{\"@type\":\"WebSite\",\"@id\":\"https:\\\/\\\/roxannebedardartiste.com\\\/#website\",\"url\":\"https:\\\/\\\/roxannebedardartiste.com\\\/\",\"name\":\"Roxanne B\u00e9dard Artiste\",\"description\":\"\",\"potentialAction\":[{\"@type\":\"SearchAction\",\"target\":{\"@type\":\"EntryPoint\",\"urlTemplate\":\"https:\\\/\\\/roxannebedardartiste.com\\\/?s={search_term_string}\"},\"query-input\":{\"@type\":\"PropertyValueSpecification\",\"valueRequired\":true,\"valueName\":\"search_term_string\"}}],\"inLanguage\":\"en-CA\"}]}<\/script>\n<!-- \/ Yoast SEO plugin. -->","yoast_head_json":{"title":"\"Simplicit\u00e9\" - Reproduction aquarelle - Roxanne B\u00e9dard Artiste","description":"Aquarelle florale douce c\u00e9l\u00e9brant la simplicit\u00e9 et l\u2019authenticit\u00e9. Reproduction d\u2019art en \u00e9dition limit\u00e9e, sign\u00e9e et num\u00e9rot\u00e9e.","robots":{"index":"index","follow":"follow","max-snippet":"max-snippet:-1","max-image-preview":"max-image-preview:large","max-video-preview":"max-video-preview:-1"},"canonical":"https:\/\/roxannebedardartiste.com\/en_ca\/product\/simplicite-reproduction-aquarelle-florale\/","og_locale":"en_US","og_type":"article","og_title":"\"Simplicit\u00e9\" - Reproduction aquarelle - Roxanne B\u00e9dard Artiste","og_description":"Aquarelle florale douce c\u00e9l\u00e9brant la simplicit\u00e9 et l\u2019authenticit\u00e9. Reproduction d\u2019art en \u00e9dition limit\u00e9e, sign\u00e9e et num\u00e9rot\u00e9e.","og_url":"https:\/\/roxannebedardartiste.com\/en_ca\/product\/simplicite-reproduction-aquarelle-florale\/","og_site_name":"Roxanne B\u00e9dard Artiste","article_modified_time":"2026-04-04T22:17:40+00:00","og_image":[{"width":1855,"height":2560,"url":"https:\/\/roxannebedardartiste.com\/wp-content\/uploads\/2026\/03\/78b2f060-214c-11f1-8ef4-bf77ea905f55-scaled.jpg","type":"image\/jpeg"}],"twitter_card":"summary_large_image","twitter_misc":{"Est. reading time":"2 minutes"},"schema":{"@context":"https:\/\/schema.org","@graph":[{"@type":"WebPage","@id":"https:\/\/roxannebedardartiste.com\/produit\/simplicite-reproduction-aquarelle-florale\/","url":"https:\/\/roxannebedardartiste.com\/produit\/simplicite-reproduction-aquarelle-florale\/","name":"\"Simplicit\u00e9\" - Reproduction aquarelle - Roxanne B\u00e9dard Artiste","isPartOf":{"@id":"https:\/\/roxannebedardartiste.com\/#website"},"primaryImageOfPage":{"@id":"https:\/\/roxannebedardartiste.com\/produit\/simplicite-reproduction-aquarelle-florale\/#primaryimage"},"image":{"@id":"https:\/\/roxannebedardartiste.com\/produit\/simplicite-reproduction-aquarelle-florale\/#primaryimage"},"thumbnailUrl":"https:\/\/roxannebedardartiste.com\/wp-content\/uploads\/2026\/03\/78b2f060-214c-11f1-8ef4-bf77ea905f55-scaled.jpg","datePublished":"2026-03-16T16:43:11+00:00","dateModified":"2026-04-04T22:17:40+00:00","description":"Aquarelle florale douce c\u00e9l\u00e9brant la simplicit\u00e9 et l\u2019authenticit\u00e9. Reproduction d\u2019art en \u00e9dition limit\u00e9e, sign\u00e9e et num\u00e9rot\u00e9e.","breadcrumb":{"@id":"https:\/\/roxannebedardartiste.com\/produit\/simplicite-reproduction-aquarelle-florale\/#breadcrumb"},"inLanguage":"en-CA","potentialAction":[{"@type":"ReadAction","target":["https:\/\/roxannebedardartiste.com\/produit\/simplicite-reproduction-aquarelle-florale\/"]}]},{"@type":"ImageObject","inLanguage":"en-CA","@id":"https:\/\/roxannebedardartiste.com\/produit\/simplicite-reproduction-aquarelle-florale\/#primaryimage","url":"https:\/\/roxannebedardartiste.com\/wp-content\/uploads\/2026\/03\/78b2f060-214c-11f1-8ef4-bf77ea905f55-scaled.jpg","contentUrl":"https:\/\/roxannebedardartiste.com\/wp-content\/uploads\/2026\/03\/78b2f060-214c-11f1-8ef4-bf77ea905f55-scaled.jpg","width":1855,"height":2560,"caption":"reproduction aquarelle simplicit\u00e9 bunny tail art floral minimaliste"},{"@type":"BreadcrumbList","@id":"https:\/\/roxannebedardartiste.com\/produit\/simplicite-reproduction-aquarelle-florale\/#breadcrumb","itemListElement":[{"@type":"ListItem","position":1,"name":"Home","item":"https:\/\/roxannebedardartiste.com\/"},{"@type":"ListItem","position":2,"name":"Boutique","item":"https:\/\/roxannebedardartiste.com\/boutique\/"},{"@type":"ListItem","position":3,"name":"\u00ab\u00a0Simplicit\u00e9\u00a0\u00bb &#8211; Reproduction aquarelle"}]},{"@type":"WebSite","@id":"https:\/\/roxannebedardartiste.com\/#website","url":"https:\/\/roxannebedardartiste.com\/","name":"Roxanne B\u00e9dard Artiste","description":"","potentialAction":[{"@type":"SearchAction","target":{"@type":"EntryPoint","urlTemplate":"https:\/\/roxannebedardartiste.com\/?s={search_term_string}"},"query-input":{"@type":"PropertyValueSpecification","valueRequired":true,"valueName":"search_term_string"}}],"inLanguage":"en-CA"}]}},"_links":{"self":[{"href":"https:\/\/roxannebedardartiste.com\/en_ca\/wp-json\/wp\/v2\/product\/112334","targetHints":{"allow":["GET"]}}],"collection":[{"href":"https:\/\/roxannebedardartiste.com\/en_ca\/wp-json\/wp\/v2\/product"}],"about":[{"href":"https:\/\/roxannebedardartiste.com\/en_ca\/wp-json\/wp\/v2\/types\/product"}],"replies":[{"embeddable":true,"href":"https:\/\/roxannebedardartiste.com\/en_ca\/wp-json\/wp\/v2\/comments?post=112334"}],"wp:featuredmedia":[{"embeddable":true,"href":"https:\/\/roxannebedardartiste.com\/en_ca\/wp-json\/wp\/v2\/media\/112337"}],"wp:attachment":[{"href":"https:\/\/roxannebedardartiste.com\/en_ca\/wp-json\/wp\/v2\/media?parent=112334"}],"wp:term":[{"taxonomy":"product_brand","embeddable":true,"href":"https:\/\/roxannebedardartiste.com\/en_ca\/wp-json\/wp\/v2\/product_brand?post=112334"},{"taxonomy":"product_cat","embeddable":true,"href":"https:\/\/roxannebedardartiste.com\/en_ca\/wp-json\/wp\/v2\/product_cat?post=112334"},{"taxonomy":"product_tag","embeddable":true,"href":"https:\/\/roxannebedardartiste.com\/en_ca\/wp-json\/wp\/v2\/product_tag?post=112334"}],"curies":[{"name":"wp","href":"https:\/\/api.w.org\/{rel}","templated":true}]}}