{"id":112395,"date":"2026-03-25T13:43:51","date_gmt":"2026-03-25T17:43:51","guid":{"rendered":"https:\/\/roxannebedardartiste.com\/?post_type=product&#038;p=112395"},"modified":"2026-03-25T14:10:54","modified_gmt":"2026-03-25T18:10:54","slug":"aquarelle-florale-douce","status":"publish","type":"product","link":"https:\/\/roxannebedardartiste.com\/en_ca\/produit\/aquarelle-florale-douce\/","title":{"rendered":"\"Inner Momentum\" - Watercolor reproduction"},"content":{"rendered":"<p data-start=\"3172\" data-end=\"3310\">In this soft, <strong>luminous watercolor art print<\/strong>, a flower rises with delicacy, carried by a natural, living movement.<\/p>\n<p data-start=\"3312\" data-end=\"3619\"><em>Inner Momentum<\/em> evokes that calm inner strength that guides, supports, and allows you to move forward\u2014even when everything isn\u2019t perfectly in place. Inspired by nature and organic growth, this floral piece symbolizes the deep momentum within you that encourages you to<strong> rise<\/strong> and follow your own path.<\/p>\n<p data-start=\"3621\" data-end=\"3861\">This watercolor is an invitation to reconnect with yourself, your intuition, and what helps you grow.<\/p>\n<p data-start=\"3621\" data-end=\"3861\"><em>A soothing presence in your space, serving as a daily reminder: you can move forward at your own pace, trusting yourself.<\/em><\/p>\n<h4 data-start=\"3863\" data-end=\"4012\"><strong data-start=\"3863\" data-end=\"3904\">Limited Edition Art Print<\/strong><\/h4>\n<p data-start=\"3863\" data-end=\"4012\">\u2022 5 prints 5 x 7 in<br data-start=\"3933\" data-end=\"3936\" \/>\u2022 5 prints 11 x 14 in<br data-start=\"3933\" data-end=\"3936\" \/>\u2022 5 prints 12 x 16 in<\/p>\n<p data-start=\"3863\" data-end=\"4012\">Each print is signed and numbered.<\/p>\n<p data-start=\"4014\" data-end=\"4090\">A white border of approximately 1 cm is included to facilitate framing.<\/p>\n<p data-start=\"4092\" data-end=\"4207\">Only 15 prints will be offered for this piece. Once sold out, this edition will not be printed again.<\/p>\n<h4 data-start=\"4209\" data-end=\"4329\"><strong data-start=\"4209\" data-end=\"4243\">Premium Fine Art Print<\/strong><\/h4>\n<p data-start=\"4209\" data-end=\"4329\">Printed on <strong>100% cotton archival paper (300 gsm)<\/strong> for exceptional quality.<\/p>\n<p data-start=\"4331\" data-end=\"4450\">\u2022 Rich, deep colors<br data-start=\"4361\" data-end=\"4364\" \/>\u2022 Thick, durable paper<br data-start=\"4389\" data-end=\"4392\" \/>\u2022 Pigment-based inks designed to last for generations<\/p>\n<p data-start=\"4452\" data-end=\"4561\">An art print created to stand the test of time\u2014and to continue carrying its message through the years.<\/p>\n<h4 data-start=\"4563\" data-end=\"4676\"><strong data-start=\"4563\" data-end=\"4576\">Shipping<\/strong><\/h4>\n<p data-start=\"4563\" data-end=\"4676\">Each artwork is printed and carefully prepared for a meaningful arrival.<br data-start=\"4627\" data-end=\"4630\" \/>Delivery time: 10\u201314 business days<\/p>\n<p data-start=\"4678\" data-end=\"4807\"><em>Inner Momentum<\/em> is not just a wall piece :<br data-start=\"4737\" data-end=\"4740\" \/>it is a gentle yet powerful reminder that your own inner strength is already guiding you.<\/p>\n<p data-start=\"4809\" data-end=\"4823\">xoxo Roxanne<\/p>","protected":false},"excerpt":{"rendered":"<p>Dans cette reproduction d\u2019art aquarelle douce et lumineuse, une fleur s\u2019\u00e9l\u00e8ve avec d\u00e9licatesse, port\u00e9e par un mouvement naturel et vivant. L\u2019\u00c9lan int\u00e9rieur \u00e9voque cette force int\u00e9rieure calme qui guide, soutient et permet d\u2019avancer, m\u00eame lorsque tout n\u2019est pas parfaitement en place. Inspir\u00e9e par la nature et la croissance organique, cette \u0153uvre florale symbolise l\u2019\u00e9lan profond [&hellip;]<\/p>\n","protected":false},"featured_media":112383,"comment_status":"closed","ping_status":"closed","template":"","meta":[],"product_brand":[],"product_cat":[223],"product_tag":[130,76,160,84,77,94,113,146,95,88,199,86,129,158,114,289,161,104,294,78,194,291,118,247,163,83,138,297,225,262,89,74,192,135,246,292,228,133,87,148,134,242,108,75,203,90,144,183,293,290,109,204,295,296,73],"class_list":{"0":"post-112395","1":"product","2":"type-product","3":"status-publish","4":"has-post-thumbnail","6":"product_cat-les-porteuses","7":"product_tag-achat-local","8":"product_tag-affiche","9":"product_tag-amour-de-soi","10":"product_tag-aquarelle","11":"product_tag-art","12":"product_tag-art-contemporain","13":"product_tag-art-engage","14":"product_tag-art-local","15":"product_tag-art-mural","16":"product_tag-art-quebecois","17":"product_tag-art-significatif","18":"product_tag-artiste","19":"product_tag-artiste-quebecois","20":"product_tag-artiste-quebecoise","21":"product_tag-beaute","22":"product_tag-confiance","23":"product_tag-confiance-en-soi","24":"product_tag-couleurs-neutres","25":"product_tag-croissance","26":"product_tag-decoration","27":"product_tag-decoration-murale","28":"product_tag-douce","29":"product_tag-douceur","30":"product_tag-epanouissement","31":"product_tag-feminin","32":"product_tag-femme","33":"product_tag-fleur","34":"product_tag-fleur-tulipe","35":"product_tag-fleurs-sechees","36":"product_tag-force-interieure","37":"product_tag-handmade","38":"product_tag-home-decor","39":"product_tag-illustration","40":"product_tag-impression","41":"product_tag-lumiere","42":"product_tag-lumineux","43":"product_tag-main","44":"product_tag-meaningful-art","45":"product_tag-oeuvre","46":"product_tag-pastel","47":"product_tag-peinture","48":"product_tag-porteuse","49":"product_tag-positivity","50":"product_tag-poster","51":"product_tag-print","52":"product_tag-reproduction","53":"product_tag-reproduction-aquarelle","54":"product_tag-resilience","55":"product_tag-selever","56":"product_tag-self-growth","57":"product_tag-self-love","58":"product_tag-tendresse","59":"product_tag-tulipe","60":"product_tag-tulipe-rose","61":"product_tag-wall-art","63":"first","64":"instock","65":"taxable","66":"shipping-taxable","67":"purchasable","68":"product-type-variable"},"yoast_head":"<!-- This site is optimized with the Yoast SEO plugin v27.3 - https:\/\/yoast.com\/product\/yoast-seo-wordpress\/ -->\n<title>&quot;L&#039;\u00c9lan int\u00e9rieur&quot; - Reproduction aquarelle - Roxanne B\u00e9dard Artiste<\/title>\n<meta name=\"description\" content=\"Aquarelle florale douce et lumineuse, L\u2019\u00c9lan int\u00e9rieur \u00e9voque la confiance et la croissance \u2014 un rappel que quelque chose en toi sait o\u00f9 trouver la lumi\u00e8re.\" \/>\n<meta name=\"robots\" content=\"index, follow, max-snippet:-1, max-image-preview:large, max-video-preview:-1\" \/>\n<link rel=\"canonical\" href=\"https:\/\/roxannebedardartiste.com\/en_ca\/product\/aquarelle-florale-douce\/\" \/>\n<meta property=\"og:locale\" content=\"en_US\" \/>\n<meta property=\"og:type\" content=\"article\" \/>\n<meta property=\"og:title\" content=\"&quot;L&#039;\u00c9lan int\u00e9rieur&quot; - Reproduction aquarelle - Roxanne B\u00e9dard Artiste\" \/>\n<meta property=\"og:description\" content=\"Aquarelle florale douce et lumineuse, L\u2019\u00c9lan int\u00e9rieur \u00e9voque la confiance et la croissance \u2014 un rappel que quelque chose en toi sait o\u00f9 trouver la lumi\u00e8re.\" \/>\n<meta property=\"og:url\" content=\"https:\/\/roxannebedardartiste.com\/en_ca\/product\/aquarelle-florale-douce\/\" \/>\n<meta property=\"og:site_name\" content=\"Roxanne B\u00e9dard Artiste\" \/>\n<meta property=\"article:modified_time\" content=\"2026-03-25T18:10:54+00:00\" \/>\n<meta property=\"og:image\" content=\"https:\/\/roxannebedardartiste.com\/wp-content\/uploads\/2026\/03\/aquarelle-fleur-pique-nique-scaled.jpg\" \/>\n\t<meta property=\"og:image:width\" content=\"1881\" \/>\n\t<meta property=\"og:image:height\" content=\"2560\" \/>\n\t<meta property=\"og:image:type\" content=\"image\/jpeg\" \/>\n<meta name=\"twitter:card\" content=\"summary_large_image\" \/>\n<meta name=\"twitter:label1\" content=\"Est. reading time\" \/>\n\t<meta name=\"twitter:data1\" content=\"2 minutes\" \/>\n<script type=\"application\/ld+json\" class=\"yoast-schema-graph\">{\"@context\":\"https:\\\/\\\/schema.org\",\"@graph\":[{\"@type\":\"WebPage\",\"@id\":\"https:\\\/\\\/roxannebedardartiste.com\\\/produit\\\/aquarelle-florale-douce\\\/\",\"url\":\"https:\\\/\\\/roxannebedardartiste.com\\\/produit\\\/aquarelle-florale-douce\\\/\",\"name\":\"\\\"L'\u00c9lan int\u00e9rieur\\\" - Reproduction aquarelle - Roxanne B\u00e9dard Artiste\",\"isPartOf\":{\"@id\":\"https:\\\/\\\/roxannebedardartiste.com\\\/#website\"},\"primaryImageOfPage\":{\"@id\":\"https:\\\/\\\/roxannebedardartiste.com\\\/produit\\\/aquarelle-florale-douce\\\/#primaryimage\"},\"image\":{\"@id\":\"https:\\\/\\\/roxannebedardartiste.com\\\/produit\\\/aquarelle-florale-douce\\\/#primaryimage\"},\"thumbnailUrl\":\"https:\\\/\\\/roxannebedardartiste.com\\\/wp-content\\\/uploads\\\/2026\\\/03\\\/aquarelle-fleur-pique-nique-scaled.jpg\",\"datePublished\":\"2026-03-25T17:43:51+00:00\",\"dateModified\":\"2026-03-25T18:10:54+00:00\",\"description\":\"Aquarelle florale douce et lumineuse, L\u2019\u00c9lan int\u00e9rieur \u00e9voque la confiance et la croissance \u2014 un rappel que quelque chose en toi sait o\u00f9 trouver la lumi\u00e8re.\",\"breadcrumb\":{\"@id\":\"https:\\\/\\\/roxannebedardartiste.com\\\/produit\\\/aquarelle-florale-douce\\\/#breadcrumb\"},\"inLanguage\":\"en-CA\",\"potentialAction\":[{\"@type\":\"ReadAction\",\"target\":[\"https:\\\/\\\/roxannebedardartiste.com\\\/produit\\\/aquarelle-florale-douce\\\/\"]}]},{\"@type\":\"ImageObject\",\"inLanguage\":\"en-CA\",\"@id\":\"https:\\\/\\\/roxannebedardartiste.com\\\/produit\\\/aquarelle-florale-douce\\\/#primaryimage\",\"url\":\"https:\\\/\\\/roxannebedardartiste.com\\\/wp-content\\\/uploads\\\/2026\\\/03\\\/aquarelle-fleur-pique-nique-scaled.jpg\",\"contentUrl\":\"https:\\\/\\\/roxannebedardartiste.com\\\/wp-content\\\/uploads\\\/2026\\\/03\\\/aquarelle-fleur-pique-nique-scaled.jpg\",\"width\":1881,\"height\":2560},{\"@type\":\"BreadcrumbList\",\"@id\":\"https:\\\/\\\/roxannebedardartiste.com\\\/produit\\\/aquarelle-florale-douce\\\/#breadcrumb\",\"itemListElement\":[{\"@type\":\"ListItem\",\"position\":1,\"name\":\"Home\",\"item\":\"https:\\\/\\\/roxannebedardartiste.com\\\/\"},{\"@type\":\"ListItem\",\"position\":2,\"name\":\"Boutique\",\"item\":\"https:\\\/\\\/roxannebedardartiste.com\\\/boutique\\\/\"},{\"@type\":\"ListItem\",\"position\":3,\"name\":\"\u00ab\u00a0L&rsquo;\u00c9lan int\u00e9rieur\u00a0\u00bb &#8211; Reproduction aquarelle\"}]},{\"@type\":\"WebSite\",\"@id\":\"https:\\\/\\\/roxannebedardartiste.com\\\/#website\",\"url\":\"https:\\\/\\\/roxannebedardartiste.com\\\/\",\"name\":\"Roxanne B\u00e9dard Artiste\",\"description\":\"\",\"potentialAction\":[{\"@type\":\"SearchAction\",\"target\":{\"@type\":\"EntryPoint\",\"urlTemplate\":\"https:\\\/\\\/roxannebedardartiste.com\\\/?s={search_term_string}\"},\"query-input\":{\"@type\":\"PropertyValueSpecification\",\"valueRequired\":true,\"valueName\":\"search_term_string\"}}],\"inLanguage\":\"en-CA\"}]}<\/script>\n<!-- \/ Yoast SEO plugin. -->","yoast_head_json":{"title":"\"L'\u00c9lan int\u00e9rieur\" - Reproduction aquarelle - Roxanne B\u00e9dard Artiste","description":"Aquarelle florale douce et lumineuse, L\u2019\u00c9lan int\u00e9rieur \u00e9voque la confiance et la croissance \u2014 un rappel que quelque chose en toi sait o\u00f9 trouver la lumi\u00e8re.","robots":{"index":"index","follow":"follow","max-snippet":"max-snippet:-1","max-image-preview":"max-image-preview:large","max-video-preview":"max-video-preview:-1"},"canonical":"https:\/\/roxannebedardartiste.com\/en_ca\/product\/aquarelle-florale-douce\/","og_locale":"en_US","og_type":"article","og_title":"\"L'\u00c9lan int\u00e9rieur\" - Reproduction aquarelle - Roxanne B\u00e9dard Artiste","og_description":"Aquarelle florale douce et lumineuse, L\u2019\u00c9lan int\u00e9rieur \u00e9voque la confiance et la croissance \u2014 un rappel que quelque chose en toi sait o\u00f9 trouver la lumi\u00e8re.","og_url":"https:\/\/roxannebedardartiste.com\/en_ca\/product\/aquarelle-florale-douce\/","og_site_name":"Roxanne B\u00e9dard Artiste","article_modified_time":"2026-03-25T18:10:54+00:00","og_image":[{"width":1881,"height":2560,"url":"https:\/\/roxannebedardartiste.com\/wp-content\/uploads\/2026\/03\/aquarelle-fleur-pique-nique-scaled.jpg","type":"image\/jpeg"}],"twitter_card":"summary_large_image","twitter_misc":{"Est. reading time":"2 minutes"},"schema":{"@context":"https:\/\/schema.org","@graph":[{"@type":"WebPage","@id":"https:\/\/roxannebedardartiste.com\/produit\/aquarelle-florale-douce\/","url":"https:\/\/roxannebedardartiste.com\/produit\/aquarelle-florale-douce\/","name":"\"L'\u00c9lan int\u00e9rieur\" - Reproduction aquarelle - Roxanne B\u00e9dard Artiste","isPartOf":{"@id":"https:\/\/roxannebedardartiste.com\/#website"},"primaryImageOfPage":{"@id":"https:\/\/roxannebedardartiste.com\/produit\/aquarelle-florale-douce\/#primaryimage"},"image":{"@id":"https:\/\/roxannebedardartiste.com\/produit\/aquarelle-florale-douce\/#primaryimage"},"thumbnailUrl":"https:\/\/roxannebedardartiste.com\/wp-content\/uploads\/2026\/03\/aquarelle-fleur-pique-nique-scaled.jpg","datePublished":"2026-03-25T17:43:51+00:00","dateModified":"2026-03-25T18:10:54+00:00","description":"Aquarelle florale douce et lumineuse, L\u2019\u00c9lan int\u00e9rieur \u00e9voque la confiance et la croissance \u2014 un rappel que quelque chose en toi sait o\u00f9 trouver la lumi\u00e8re.","breadcrumb":{"@id":"https:\/\/roxannebedardartiste.com\/produit\/aquarelle-florale-douce\/#breadcrumb"},"inLanguage":"en-CA","potentialAction":[{"@type":"ReadAction","target":["https:\/\/roxannebedardartiste.com\/produit\/aquarelle-florale-douce\/"]}]},{"@type":"ImageObject","inLanguage":"en-CA","@id":"https:\/\/roxannebedardartiste.com\/produit\/aquarelle-florale-douce\/#primaryimage","url":"https:\/\/roxannebedardartiste.com\/wp-content\/uploads\/2026\/03\/aquarelle-fleur-pique-nique-scaled.jpg","contentUrl":"https:\/\/roxannebedardartiste.com\/wp-content\/uploads\/2026\/03\/aquarelle-fleur-pique-nique-scaled.jpg","width":1881,"height":2560},{"@type":"BreadcrumbList","@id":"https:\/\/roxannebedardartiste.com\/produit\/aquarelle-florale-douce\/#breadcrumb","itemListElement":[{"@type":"ListItem","position":1,"name":"Home","item":"https:\/\/roxannebedardartiste.com\/"},{"@type":"ListItem","position":2,"name":"Boutique","item":"https:\/\/roxannebedardartiste.com\/boutique\/"},{"@type":"ListItem","position":3,"name":"\u00ab\u00a0L&rsquo;\u00c9lan int\u00e9rieur\u00a0\u00bb &#8211; Reproduction aquarelle"}]},{"@type":"WebSite","@id":"https:\/\/roxannebedardartiste.com\/#website","url":"https:\/\/roxannebedardartiste.com\/","name":"Roxanne B\u00e9dard Artiste","description":"","potentialAction":[{"@type":"SearchAction","target":{"@type":"EntryPoint","urlTemplate":"https:\/\/roxannebedardartiste.com\/?s={search_term_string}"},"query-input":{"@type":"PropertyValueSpecification","valueRequired":true,"valueName":"search_term_string"}}],"inLanguage":"en-CA"}]}},"_links":{"self":[{"href":"https:\/\/roxannebedardartiste.com\/en_ca\/wp-json\/wp\/v2\/product\/112395","targetHints":{"allow":["GET"]}}],"collection":[{"href":"https:\/\/roxannebedardartiste.com\/en_ca\/wp-json\/wp\/v2\/product"}],"about":[{"href":"https:\/\/roxannebedardartiste.com\/en_ca\/wp-json\/wp\/v2\/types\/product"}],"replies":[{"embeddable":true,"href":"https:\/\/roxannebedardartiste.com\/en_ca\/wp-json\/wp\/v2\/comments?post=112395"}],"wp:featuredmedia":[{"embeddable":true,"href":"https:\/\/roxannebedardartiste.com\/en_ca\/wp-json\/wp\/v2\/media\/112383"}],"wp:attachment":[{"href":"https:\/\/roxannebedardartiste.com\/en_ca\/wp-json\/wp\/v2\/media?parent=112395"}],"wp:term":[{"taxonomy":"product_brand","embeddable":true,"href":"https:\/\/roxannebedardartiste.com\/en_ca\/wp-json\/wp\/v2\/product_brand?post=112395"},{"taxonomy":"product_cat","embeddable":true,"href":"https:\/\/roxannebedardartiste.com\/en_ca\/wp-json\/wp\/v2\/product_cat?post=112395"},{"taxonomy":"product_tag","embeddable":true,"href":"https:\/\/roxannebedardartiste.com\/en_ca\/wp-json\/wp\/v2\/product_tag?post=112395"}],"curies":[{"name":"wp","href":"https:\/\/api.w.org\/{rel}","templated":true}]}}