{"id":112467,"date":"2026-04-30T08:19:16","date_gmt":"2026-04-30T12:19:16","guid":{"rendered":"https:\/\/roxannebedardartiste.com\/?post_type=product&#038;p=112467"},"modified":"2026-05-02T16:01:52","modified_gmt":"2026-05-02T20:01:52","slug":"lentre-saisons-reproduction-aquarelle","status":"publish","type":"product","link":"https:\/\/roxannebedardartiste.com\/en_ca\/produit\/lentre-saisons-reproduction-aquarelle\/","title":{"rendered":"\"In-Between Seasons\" - Watercolor reproduction"},"content":{"rendered":"<p data-start=\"93\" data-end=\"260\">In this soft and luminous watercolor art print, a hand gently lifts branches with heart-shaped leaves\u2014without blossoms, yet fully alive.<\/p>\n<p data-start=\"262\" data-end=\"566\"><strong data-start=\"262\" data-end=\"281\">In-Between Seasons<\/strong> evokes that subtle, often unseen moment when nothing seems to bloom outwardly, yet everything is quietly preparing beneath the surface. Inspired by nature\u2019s cycles, this piece speaks to those periods of rest, retreat, and realignment\u2014essential for catching your breath and restoring your energy.<\/p>\n<p data-start=\"568\" data-end=\"802\">This watercolor is an invitation to honor these spaces within you: the quieter times when you care for your energy and reconnect with your desires, needs, and values, even when you don\u2019t feel at your fullest.<\/p>\n<p data-start=\"804\" data-end=\"951\">A soothing presence in your space, offering a daily reminder: you don\u2019t have to be in bloom to be whole, beautiful, and growing.<\/p>\n<h4 data-start=\"3863\" data-end=\"4012\"><strong data-start=\"3863\" data-end=\"3904\">Limited Edition Art Print<\/strong><\/h4>\n<p data-start=\"3863\" data-end=\"4012\">\u2022 5 prints 5 x 7 in<br data-start=\"3933\" data-end=\"3936\" \/>\u2022 5 prints 11 x 14 in<br data-start=\"3933\" data-end=\"3936\" \/>\u2022 5 prints 12 x 16 in<\/p>\n<p data-start=\"3863\" data-end=\"4012\">Each print is signed and numbered.<\/p>\n<p data-start=\"4014\" data-end=\"4090\">A white border of approximately 1 cm is included to facilitate framing.<\/p>\n<p data-start=\"4092\" data-end=\"4207\">Only 15 prints will be offered for this piece. Once sold out, this edition will not be printed again.<\/p>\n<h4 data-start=\"4209\" data-end=\"4329\"><strong data-start=\"4209\" data-end=\"4243\">Premium Fine Art Print<\/strong><\/h4>\n<p data-start=\"4209\" data-end=\"4329\">Printed on <strong>100% cotton archival paper (300 gsm)<\/strong> for exceptional quality.<\/p>\n<p data-start=\"4331\" data-end=\"4450\">\u2022 Rich, deep colors<br data-start=\"4361\" data-end=\"4364\" \/>\u2022 Thick, durable paper<br data-start=\"4389\" data-end=\"4392\" \/>\u2022 Pigment-based inks designed to last for generations<\/p>\n<p data-start=\"4452\" data-end=\"4561\">An art print created to stand the test of time\u2014and to continue carrying its message through the years.<\/p>\n<h4 data-start=\"4563\" data-end=\"4676\"><strong data-start=\"4563\" data-end=\"4576\">Shipping<\/strong><\/h4>\n<p data-start=\"4563\" data-end=\"4676\">Each artwork is printed and carefully prepared for a meaningful arrival.<br data-start=\"4627\" data-end=\"4630\" \/>Delivery time: 10\u201314 business days<\/p>\n<p data-start=\"4678\" data-end=\"4807\"><em>In-Between Seasons<\/em> is not just a wall piece :<br data-start=\"1877\" data-end=\"1880\" \/>it\u2019s a gentle and essential reminder that rest, too, is part of your growth.<\/p>\n<p data-start=\"4809\" data-end=\"4823\">xoxo Roxanne<\/p>","protected":false},"excerpt":{"rendered":"<p>Dans cette reproduction d\u2019art aquarelle douce et lumineuse, une main \u00e9l\u00e8ve d\u00e9licatement des branches aux feuilles en forme de c\u0153ur, sans floraison, mais bien vivantes. L\u2019Entre-saisons \u00e9voque ce moment subtil, souvent invisible, o\u00f9 rien ne semble \u00e9clore \u00e0 l\u2019ext\u00e9rieur, mais o\u00f9 tout se pr\u00e9pare en profondeur. Inspir\u00e9e par les cycles naturels, cette \u0153uvre parle de [&hellip;]<\/p>\n","protected":false},"featured_media":112480,"comment_status":"closed","ping_status":"closed","template":"","meta":{"give_campaign_id":0},"product_brand":[],"product_cat":[223],"product_tag":[130,76,84,77,94,113,146,95,88,199,86,129,158,114,321,319,104,294,78,194,118,324,163,83,306,320,138,265,89,74,192,135,228,133,100,87,148,134,267,318,242,108,75,203,283,308,323,90,144,183,322,274,109,204,73],"class_list":{"0":"post-112467","1":"product","2":"type-product","3":"status-publish","4":"has-post-thumbnail","6":"product_cat-les-porteuses","7":"product_tag-achat-local","8":"product_tag-affiche","9":"product_tag-aquarelle","10":"product_tag-art","11":"product_tag-art-contemporain","12":"product_tag-art-engage","13":"product_tag-art-local","14":"product_tag-art-mural","15":"product_tag-art-quebecois","16":"product_tag-art-significatif","17":"product_tag-artiste","18":"product_tag-artiste-quebecois","19":"product_tag-artiste-quebecoise","20":"product_tag-beaute","21":"product_tag-branche","22":"product_tag-coeur","23":"product_tag-couleurs-neutres","24":"product_tag-croissance","25":"product_tag-decoration","26":"product_tag-decoration-murale","27":"product_tag-douceur","28":"product_tag-entre-saisons","29":"product_tag-feminin","30":"product_tag-femme","31":"product_tag-fete-des-meres","32":"product_tag-feuilles","33":"product_tag-fleur","34":"product_tag-floraison","35":"product_tag-handmade","36":"product_tag-home-decor","37":"product_tag-illustration","38":"product_tag-impression","39":"product_tag-main","40":"product_tag-meaningful-art","41":"product_tag-nature","42":"product_tag-oeuvre","43":"product_tag-pastel","44":"product_tag-peinture","45":"product_tag-plante","46":"product_tag-plante-verte","47":"product_tag-porteuse","48":"product_tag-positivity","49":"product_tag-poster","50":"product_tag-print","51":"product_tag-printemps","52":"product_tag-racines","53":"product_tag-repos","54":"product_tag-reproduction","55":"product_tag-reproduction-aquarelle","56":"product_tag-resilience","57":"product_tag-saison","58":"product_tag-saisons","59":"product_tag-self-love","60":"product_tag-tendresse","61":"product_tag-wall-art","63":"first","64":"instock","65":"taxable","66":"shipping-taxable","67":"purchasable","68":"product-type-variable"},"yoast_head":"<!-- This site is optimized with the Yoast SEO plugin v27.6 - https:\/\/yoast.com\/product\/yoast-seo-wordpress\/ -->\n<title>&quot;L&#039;Entre-saisons&quot; - Reproduction aquarelle - Roxanne B\u00e9dard Artiste<\/title>\n<meta name=\"description\" content=\"Cette \u0153uvre est ton doux rappel : tu n\u2019as pas \u00e0 \u00eatre en floraison pour \u00eatre enti\u00e8re, et belle. Chacune de tes saisons fait partie de ta croissance.\" \/>\n<meta name=\"robots\" content=\"index, follow, max-snippet:-1, max-image-preview:large, max-video-preview:-1\" \/>\n<link rel=\"canonical\" href=\"https:\/\/roxannebedardartiste.com\/en_ca\/product\/lentre-saisons-reproduction-aquarelle\/\" \/>\n<meta property=\"og:locale\" content=\"en_US\" \/>\n<meta property=\"og:type\" content=\"article\" \/>\n<meta property=\"og:title\" content=\"&quot;L&#039;Entre-saisons&quot; - Reproduction aquarelle - Roxanne B\u00e9dard Artiste\" \/>\n<meta property=\"og:description\" content=\"Cette \u0153uvre est ton doux rappel : tu n\u2019as pas \u00e0 \u00eatre en floraison pour \u00eatre enti\u00e8re, et belle. Chacune de tes saisons fait partie de ta croissance.\" \/>\n<meta property=\"og:url\" content=\"https:\/\/roxannebedardartiste.com\/en_ca\/product\/lentre-saisons-reproduction-aquarelle\/\" \/>\n<meta property=\"og:site_name\" content=\"Roxanne B\u00e9dard Artiste\" \/>\n<meta property=\"article:modified_time\" content=\"2026-05-02T20:01:52+00:00\" \/>\n<meta property=\"og:image\" content=\"https:\/\/roxannebedardartiste.com\/wp-content\/uploads\/2026\/04\/Artiste-tenant-aquarelle-LEntre-saisons.jpg\" \/>\n\t<meta property=\"og:image:width\" content=\"1024\" \/>\n\t<meta property=\"og:image:height\" content=\"1534\" \/>\n\t<meta property=\"og:image:type\" content=\"image\/jpeg\" \/>\n<meta name=\"twitter:card\" content=\"summary_large_image\" \/>\n<meta name=\"twitter:label1\" content=\"Est. reading time\" \/>\n\t<meta name=\"twitter:data1\" content=\"2 minutes\" \/>\n<script type=\"application\/ld+json\" class=\"yoast-schema-graph\">{\"@context\":\"https:\\\/\\\/schema.org\",\"@graph\":[{\"@type\":\"WebPage\",\"@id\":\"https:\\\/\\\/roxannebedardartiste.com\\\/produit\\\/lentre-saisons-reproduction-aquarelle\\\/\",\"url\":\"https:\\\/\\\/roxannebedardartiste.com\\\/produit\\\/lentre-saisons-reproduction-aquarelle\\\/\",\"name\":\"\\\"L'Entre-saisons\\\" - Reproduction aquarelle - Roxanne B\u00e9dard Artiste\",\"isPartOf\":{\"@id\":\"https:\\\/\\\/roxannebedardartiste.com\\\/#website\"},\"primaryImageOfPage\":{\"@id\":\"https:\\\/\\\/roxannebedardartiste.com\\\/produit\\\/lentre-saisons-reproduction-aquarelle\\\/#primaryimage\"},\"image\":{\"@id\":\"https:\\\/\\\/roxannebedardartiste.com\\\/produit\\\/lentre-saisons-reproduction-aquarelle\\\/#primaryimage\"},\"thumbnailUrl\":\"https:\\\/\\\/roxannebedardartiste.com\\\/wp-content\\\/uploads\\\/2026\\\/04\\\/Artiste-tenant-aquarelle-LEntre-saisons.jpg\",\"datePublished\":\"2026-04-30T12:19:16+00:00\",\"dateModified\":\"2026-05-02T20:01:52+00:00\",\"description\":\"Cette \u0153uvre est ton doux rappel : tu n\u2019as pas \u00e0 \u00eatre en floraison pour \u00eatre enti\u00e8re, et belle. Chacune de tes saisons fait partie de ta croissance.\",\"breadcrumb\":{\"@id\":\"https:\\\/\\\/roxannebedardartiste.com\\\/produit\\\/lentre-saisons-reproduction-aquarelle\\\/#breadcrumb\"},\"inLanguage\":\"en-CA\",\"potentialAction\":[{\"@type\":\"ReadAction\",\"target\":[\"https:\\\/\\\/roxannebedardartiste.com\\\/produit\\\/lentre-saisons-reproduction-aquarelle\\\/\"]}]},{\"@type\":\"ImageObject\",\"inLanguage\":\"en-CA\",\"@id\":\"https:\\\/\\\/roxannebedardartiste.com\\\/produit\\\/lentre-saisons-reproduction-aquarelle\\\/#primaryimage\",\"url\":\"https:\\\/\\\/roxannebedardartiste.com\\\/wp-content\\\/uploads\\\/2026\\\/04\\\/Artiste-tenant-aquarelle-LEntre-saisons.jpg\",\"contentUrl\":\"https:\\\/\\\/roxannebedardartiste.com\\\/wp-content\\\/uploads\\\/2026\\\/04\\\/Artiste-tenant-aquarelle-LEntre-saisons.jpg\",\"width\":1024,\"height\":1534,\"caption\":\"Une oeuvre apaisante dans ton espace, qui agit comme un rappel quotidien : tu n\u2019as pas \u00e0 \u00eatre en floraison pour \u00eatre enti\u00e8re, belle et en chemin.\"},{\"@type\":\"BreadcrumbList\",\"@id\":\"https:\\\/\\\/roxannebedardartiste.com\\\/produit\\\/lentre-saisons-reproduction-aquarelle\\\/#breadcrumb\",\"itemListElement\":[{\"@type\":\"ListItem\",\"position\":1,\"name\":\"Home\",\"item\":\"https:\\\/\\\/roxannebedardartiste.com\\\/\"},{\"@type\":\"ListItem\",\"position\":2,\"name\":\"Boutique\",\"item\":\"https:\\\/\\\/roxannebedardartiste.com\\\/boutique\\\/\"},{\"@type\":\"ListItem\",\"position\":3,\"name\":\"\u00ab\u00a0L&rsquo;Entre-saisons\u00a0\u00bb &#8211; Reproduction aquarelle\"}]},{\"@type\":\"WebSite\",\"@id\":\"https:\\\/\\\/roxannebedardartiste.com\\\/#website\",\"url\":\"https:\\\/\\\/roxannebedardartiste.com\\\/\",\"name\":\"Roxanne B\u00e9dard Artiste\",\"description\":\"\",\"potentialAction\":[{\"@type\":\"SearchAction\",\"target\":{\"@type\":\"EntryPoint\",\"urlTemplate\":\"https:\\\/\\\/roxannebedardartiste.com\\\/?s={search_term_string}\"},\"query-input\":{\"@type\":\"PropertyValueSpecification\",\"valueRequired\":true,\"valueName\":\"search_term_string\"}}],\"inLanguage\":\"en-CA\"}]}<\/script>\n<!-- \/ Yoast SEO plugin. -->","yoast_head_json":{"title":"\"L'Entre-saisons\" - Reproduction aquarelle - Roxanne B\u00e9dard Artiste","description":"Cette \u0153uvre est ton doux rappel : tu n\u2019as pas \u00e0 \u00eatre en floraison pour \u00eatre enti\u00e8re, et belle. Chacune de tes saisons fait partie de ta croissance.","robots":{"index":"index","follow":"follow","max-snippet":"max-snippet:-1","max-image-preview":"max-image-preview:large","max-video-preview":"max-video-preview:-1"},"canonical":"https:\/\/roxannebedardartiste.com\/en_ca\/product\/lentre-saisons-reproduction-aquarelle\/","og_locale":"en_US","og_type":"article","og_title":"\"L'Entre-saisons\" - Reproduction aquarelle - Roxanne B\u00e9dard Artiste","og_description":"Cette \u0153uvre est ton doux rappel : tu n\u2019as pas \u00e0 \u00eatre en floraison pour \u00eatre enti\u00e8re, et belle. Chacune de tes saisons fait partie de ta croissance.","og_url":"https:\/\/roxannebedardartiste.com\/en_ca\/product\/lentre-saisons-reproduction-aquarelle\/","og_site_name":"Roxanne B\u00e9dard Artiste","article_modified_time":"2026-05-02T20:01:52+00:00","og_image":[{"width":1024,"height":1534,"url":"https:\/\/roxannebedardartiste.com\/wp-content\/uploads\/2026\/04\/Artiste-tenant-aquarelle-LEntre-saisons.jpg","type":"image\/jpeg"}],"twitter_card":"summary_large_image","twitter_misc":{"Est. reading time":"2 minutes"},"schema":{"@context":"https:\/\/schema.org","@graph":[{"@type":"WebPage","@id":"https:\/\/roxannebedardartiste.com\/produit\/lentre-saisons-reproduction-aquarelle\/","url":"https:\/\/roxannebedardartiste.com\/produit\/lentre-saisons-reproduction-aquarelle\/","name":"\"L'Entre-saisons\" - Reproduction aquarelle - Roxanne B\u00e9dard Artiste","isPartOf":{"@id":"https:\/\/roxannebedardartiste.com\/#website"},"primaryImageOfPage":{"@id":"https:\/\/roxannebedardartiste.com\/produit\/lentre-saisons-reproduction-aquarelle\/#primaryimage"},"image":{"@id":"https:\/\/roxannebedardartiste.com\/produit\/lentre-saisons-reproduction-aquarelle\/#primaryimage"},"thumbnailUrl":"https:\/\/roxannebedardartiste.com\/wp-content\/uploads\/2026\/04\/Artiste-tenant-aquarelle-LEntre-saisons.jpg","datePublished":"2026-04-30T12:19:16+00:00","dateModified":"2026-05-02T20:01:52+00:00","description":"Cette \u0153uvre est ton doux rappel : tu n\u2019as pas \u00e0 \u00eatre en floraison pour \u00eatre enti\u00e8re, et belle. Chacune de tes saisons fait partie de ta croissance.","breadcrumb":{"@id":"https:\/\/roxannebedardartiste.com\/produit\/lentre-saisons-reproduction-aquarelle\/#breadcrumb"},"inLanguage":"en-CA","potentialAction":[{"@type":"ReadAction","target":["https:\/\/roxannebedardartiste.com\/produit\/lentre-saisons-reproduction-aquarelle\/"]}]},{"@type":"ImageObject","inLanguage":"en-CA","@id":"https:\/\/roxannebedardartiste.com\/produit\/lentre-saisons-reproduction-aquarelle\/#primaryimage","url":"https:\/\/roxannebedardartiste.com\/wp-content\/uploads\/2026\/04\/Artiste-tenant-aquarelle-LEntre-saisons.jpg","contentUrl":"https:\/\/roxannebedardartiste.com\/wp-content\/uploads\/2026\/04\/Artiste-tenant-aquarelle-LEntre-saisons.jpg","width":1024,"height":1534,"caption":"Une oeuvre apaisante dans ton espace, qui agit comme un rappel quotidien : tu n\u2019as pas \u00e0 \u00eatre en floraison pour \u00eatre enti\u00e8re, belle et en chemin."},{"@type":"BreadcrumbList","@id":"https:\/\/roxannebedardartiste.com\/produit\/lentre-saisons-reproduction-aquarelle\/#breadcrumb","itemListElement":[{"@type":"ListItem","position":1,"name":"Home","item":"https:\/\/roxannebedardartiste.com\/"},{"@type":"ListItem","position":2,"name":"Boutique","item":"https:\/\/roxannebedardartiste.com\/boutique\/"},{"@type":"ListItem","position":3,"name":"\u00ab\u00a0L&rsquo;Entre-saisons\u00a0\u00bb &#8211; Reproduction aquarelle"}]},{"@type":"WebSite","@id":"https:\/\/roxannebedardartiste.com\/#website","url":"https:\/\/roxannebedardartiste.com\/","name":"Roxanne B\u00e9dard Artiste","description":"","potentialAction":[{"@type":"SearchAction","target":{"@type":"EntryPoint","urlTemplate":"https:\/\/roxannebedardartiste.com\/?s={search_term_string}"},"query-input":{"@type":"PropertyValueSpecification","valueRequired":true,"valueName":"search_term_string"}}],"inLanguage":"en-CA"}]}},"_links":{"self":[{"href":"https:\/\/roxannebedardartiste.com\/en_ca\/wp-json\/wp\/v2\/product\/112467","targetHints":{"allow":["GET"]}}],"collection":[{"href":"https:\/\/roxannebedardartiste.com\/en_ca\/wp-json\/wp\/v2\/product"}],"about":[{"href":"https:\/\/roxannebedardartiste.com\/en_ca\/wp-json\/wp\/v2\/types\/product"}],"replies":[{"embeddable":true,"href":"https:\/\/roxannebedardartiste.com\/en_ca\/wp-json\/wp\/v2\/comments?post=112467"}],"wp:featuredmedia":[{"embeddable":true,"href":"https:\/\/roxannebedardartiste.com\/en_ca\/wp-json\/wp\/v2\/media\/112480"}],"wp:attachment":[{"href":"https:\/\/roxannebedardartiste.com\/en_ca\/wp-json\/wp\/v2\/media?parent=112467"}],"wp:term":[{"taxonomy":"product_brand","embeddable":true,"href":"https:\/\/roxannebedardartiste.com\/en_ca\/wp-json\/wp\/v2\/product_brand?post=112467"},{"taxonomy":"product_cat","embeddable":true,"href":"https:\/\/roxannebedardartiste.com\/en_ca\/wp-json\/wp\/v2\/product_cat?post=112467"},{"taxonomy":"product_tag","embeddable":true,"href":"https:\/\/roxannebedardartiste.com\/en_ca\/wp-json\/wp\/v2\/product_tag?post=112467"}],"curies":[{"name":"wp","href":"https:\/\/api.w.org\/{rel}","templated":true}]}}